{"id":22656,"date":"2024-02-20T09:31:02","date_gmt":"2024-02-20T10:31:02","guid":{"rendered":"https:\/\/guidetotheazores.pt\/product\/excursion-en-velo-de-montagne-excursion-privee-a-faial\/"},"modified":"2024-02-20T09:31:02","modified_gmt":"2024-02-20T10:31:02","slug":"excursion-en-velo-de-montagne-excursion-privee-a-faial","status":"publish","type":"product","link":"https:\/\/guidetotheazores.pt\/fr\/produit\/excursion-en-velo-de-montagne-excursion-privee-a-faial\/","title":{"rendered":"Excursion en v\u00e9lo de montagne &#8211; Excursion priv\u00e9e \u00e0 Faial"},"content":{"rendered":"<p><span style=\"color: #000000;font-family: 'Helvetica Neue', Helvetica, Roboto, Arial, sans-serif;font-size: medium\">Notre circuit en VTT traverse l&rsquo;\u00eele de Faial d&rsquo;est en ouest. Nous commen\u00e7ons \u00e0 rouler \u00e0 Horta et nous terminons au volcan Capelinhos. Entre les deux, nous verrons la Caldeira de Faial.    <\/span><\/p>\n<p><span style=\"color: #000000;font-family: 'Helvetica Neue', Helvetica, Roboto, Arial, sans-serif;font-size: medium\">Cette randonn\u00e9e est destin\u00e9e aux cyclistes amateurs ou aux sportifs qui pratiquent des sports d&rsquo;endurance de fa\u00e7on constante, au moins une fois par semaine. L&rsquo;itin\u00e9raire couvre 45 km, et 1320 m de d\u00e9nivel\u00e9 positif. Nous utiliserons principalement des chemins de terre et des routes secondaires. L&rsquo;itin\u00e9raire peut changer, car notre guide l&rsquo;adaptera en fonction des conditions m\u00e9t\u00e9orologiques et de la forme physique du groupe.     <\/span><\/p>\n<p><span style=\"color: #000000;font-family: 'Helvetica Neue', Helvetica, Roboto, Arial, sans-serif;font-size: medium\">Le guide roulera au bon rythme pour que tout le monde se sente \u00e0 l&rsquo;aise \u00e0 la fin de l&rsquo;aventure. Apr\u00e8s la balade, nous aurons peut-\u00eatre un peu de temps pour nous d\u00e9tendre et nous baigner, si les conditions m\u00e9t\u00e9orologiques s&rsquo;y pr\u00eatent. Notre excursion en VTT est un excellent moyen de traverser l&rsquo;\u00eele de Faial, de voir de nombreux paysages diff\u00e9rents, et aussi d&rsquo;apprendre pas mal de choses sur l&rsquo;\u00eele.    <\/span><\/p>\n<p><span style=\"color: #000000;font-family: 'Helvetica Neue', Helvetica, Roboto, Arial, sans-serif;font-size: medium\">L&rsquo;excursion comprend les v\u00e9los et le transport de retour \u00e0 Horta. N&rsquo;h\u00e9site pas \u00e0 nous contacter si tu cherches un itin\u00e9raire plus court ou diff\u00e9rent, sur mesure. <\/span><\/p>\n","protected":false},"excerpt":{"rendered":"<p><span style=\"color: #000000;font-family: 'Helvetica Neue', Helvetica, Roboto, Arial, sans-serif;font-size: medium\">Notre circuit en VTT traverse l&rsquo;\u00eele de Faial d&rsquo;est en ouest. Nous commen\u00e7ons \u00e0 rouler \u00e0 Horta et nous terminons au volcan Capelinhos. Entre les deux, nous verrons la Caldeira de Faial.  <\/span><\/p>\n<p><span style=\"color: #000000;font-family: 'Helvetica Neue', Helvetica, Roboto, Arial, sans-serif;font-size: medium\">Cette randonn\u00e9e est destin\u00e9e aux cyclistes amateurs ou aux sportifs qui pratiquent des sports d&rsquo;endurance de fa\u00e7on constante, au moins une fois par semaine. L&rsquo;itin\u00e9raire couvre 45 km, et 1320 m de d\u00e9nivel\u00e9 positif. Nous utiliserons principalement des chemins de terre et des routes secondaires. L&rsquo;itin\u00e9raire peut changer, car notre guide l&rsquo;adaptera en fonction des conditions m\u00e9t\u00e9orologiques et de la forme physique du groupe.   <\/span><\/p>\n","protected":false},"featured_media":22657,"comment_status":"open","ping_status":"closed","template":"","meta":{"_acf_changed":false},"product_brand":[],"product_cat":[19484,19487,19486,19500],"product_tag":[19488],"class_list":{"0":"post-22656","1":"product","2":"type-product","3":"status-publish","4":"has-post-thumbnail","6":"product_cat-activites","7":"product_cat-faial","8":"product_cat-toutes-les-iles","9":"product_cat-visites-guidees","10":"product_tag-faialisland","12":"first","13":"instock","14":"virtual","15":"sold-individually","16":"taxable","17":"purchasable","18":"product-type-phive_booking"},"acf":[],"_links":{"self":[{"href":"https:\/\/guidetotheazores.pt\/fr\/wp-json\/wp\/v2\/product\/22656","targetHints":{"allow":["GET"]}}],"collection":[{"href":"https:\/\/guidetotheazores.pt\/fr\/wp-json\/wp\/v2\/product"}],"about":[{"href":"https:\/\/guidetotheazores.pt\/fr\/wp-json\/wp\/v2\/types\/product"}],"replies":[{"embeddable":true,"href":"https:\/\/guidetotheazores.pt\/fr\/wp-json\/wp\/v2\/comments?post=22656"}],"wp:featuredmedia":[{"embeddable":true,"href":"https:\/\/guidetotheazores.pt\/fr\/wp-json\/wp\/v2\/media\/22657"}],"wp:attachment":[{"href":"https:\/\/guidetotheazores.pt\/fr\/wp-json\/wp\/v2\/media?parent=22656"}],"wp:term":[{"taxonomy":"product_brand","embeddable":true,"href":"https:\/\/guidetotheazores.pt\/fr\/wp-json\/wp\/v2\/product_brand?post=22656"},{"taxonomy":"product_cat","embeddable":true,"href":"https:\/\/guidetotheazores.pt\/fr\/wp-json\/wp\/v2\/product_cat?post=22656"},{"taxonomy":"product_tag","embeddable":true,"href":"https:\/\/guidetotheazores.pt\/fr\/wp-json\/wp\/v2\/product_tag?post=22656"}],"curies":[{"name":"wp","href":"https:\/\/api.w.org\/{rel}","templated":true}]}}