{"id":22665,"date":"2024-02-20T09:25:13","date_gmt":"2024-02-20T10:25:13","guid":{"rendered":"https:\/\/guidetotheazores.pt\/product\/autour-du-sentier-de-caldeira-visite-privee-a-faial\/"},"modified":"2024-02-20T09:25:13","modified_gmt":"2024-02-20T10:25:13","slug":"autour-du-sentier-de-caldeira-visite-privee-a-faial","status":"publish","type":"product","link":"https:\/\/guidetotheazores.pt\/fr\/produit\/autour-du-sentier-de-caldeira-visite-privee-a-faial\/","title":{"rendered":"Autour du sentier de Caldeira &#8211; Visite priv\u00e9e \u00e0 Faial"},"content":{"rendered":"<p><span style=\"color: #000000;font-family: 'Helvetica Neue', Helvetica, Roboto, Arial, sans-serif;font-size: medium\">Le sentier qui fait le tour du bord de la Caldeira est le plus haut de Faial. La Caldeira est un crat\u00e8re d&rsquo;effondrement volcanique tout \u00e0 fait unique, car l&rsquo;altitude \u00e9lev\u00e9e permet d&rsquo;interpr\u00e9ter g\u00e9ologiquement la plupart des caract\u00e9ristiques de Faial. L&rsquo;int\u00e9rieur de la Caldeira est l&rsquo;un des sites de pr\u00e9servation de la nature les plus importants des A\u00e7ores.    <\/span><\/p>\n<p><span style=\"color: #000000;font-family: 'Helvetica Neue', Helvetica, Roboto, Arial, sans-serif;font-size: medium\">Ce sentier nous donne aussi l&rsquo;occasion d&rsquo;en apprendre plus sur la flore indig\u00e8ne, car certaines esp\u00e8ces se sont adapt\u00e9es pour vivre sur le rebord qui est expos\u00e9 \u00e0 des vents violents. Nos guides te d\u00e9conseillent de visiter par temps de pluie ou de vent, mais par temps clair, tu peux virtuellement voir tout autour de l&rsquo;\u00eele. <\/span><\/p>\n","protected":false},"excerpt":{"rendered":"<p style=\"color: #000000;font-family: 'Helvetica Neue', Helvetica, Roboto, Arial, sans-serif;margin: 0px 0px 20px\"><span style=\"font-size: medium\">Le sentier qui fait le tour de la Caldeira est le plus haut de Faial. La Caldeira est un crat\u00e8re d&rsquo;effondrement volcanique tout \u00e0 fait unique, car l&rsquo;altitude \u00e9lev\u00e9e permet d&rsquo;interpr\u00e9ter g\u00e9ologiquement la plupart des caract\u00e9ristiques de Faial. L&rsquo;int\u00e9rieur de la Caldeira est l&rsquo;un des sites de pr\u00e9servation de la nature les plus importants des A\u00e7ores.  <\/span><\/p>\n","protected":false},"featured_media":22668,"comment_status":"open","ping_status":"closed","template":"","meta":{"_acf_changed":false},"product_brand":[],"product_cat":[19484,19487,19486,19500],"product_tag":[19488],"class_list":{"0":"post-22665","1":"product","2":"type-product","3":"status-publish","4":"has-post-thumbnail","6":"product_cat-activites","7":"product_cat-faial","8":"product_cat-toutes-les-iles","9":"product_cat-visites-guidees","10":"product_tag-faialisland","12":"first","13":"instock","14":"virtual","15":"sold-individually","16":"taxable","17":"purchasable","18":"product-type-phive_booking"},"acf":[],"_links":{"self":[{"href":"https:\/\/guidetotheazores.pt\/fr\/wp-json\/wp\/v2\/product\/22665","targetHints":{"allow":["GET"]}}],"collection":[{"href":"https:\/\/guidetotheazores.pt\/fr\/wp-json\/wp\/v2\/product"}],"about":[{"href":"https:\/\/guidetotheazores.pt\/fr\/wp-json\/wp\/v2\/types\/product"}],"replies":[{"embeddable":true,"href":"https:\/\/guidetotheazores.pt\/fr\/wp-json\/wp\/v2\/comments?post=22665"}],"wp:featuredmedia":[{"embeddable":true,"href":"https:\/\/guidetotheazores.pt\/fr\/wp-json\/wp\/v2\/media\/22668"}],"wp:attachment":[{"href":"https:\/\/guidetotheazores.pt\/fr\/wp-json\/wp\/v2\/media?parent=22665"}],"wp:term":[{"taxonomy":"product_brand","embeddable":true,"href":"https:\/\/guidetotheazores.pt\/fr\/wp-json\/wp\/v2\/product_brand?post=22665"},{"taxonomy":"product_cat","embeddable":true,"href":"https:\/\/guidetotheazores.pt\/fr\/wp-json\/wp\/v2\/product_cat?post=22665"},{"taxonomy":"product_tag","embeddable":true,"href":"https:\/\/guidetotheazores.pt\/fr\/wp-json\/wp\/v2\/product_tag?post=22665"}],"curies":[{"name":"wp","href":"https:\/\/api.w.org\/{rel}","templated":true}]}}