{"id":22677,"date":"2024-02-20T09:18:22","date_gmt":"2024-02-20T10:18:22","guid":{"rendered":"https:\/\/guidetotheazores.pt\/product\/10-volcanoes-trail-circuit-prive-faial\/"},"modified":"2024-02-20T09:18:22","modified_gmt":"2024-02-20T10:18:22","slug":"10-volcanoes-trail-circuit-prive-faial","status":"publish","type":"product","link":"https:\/\/guidetotheazores.pt\/fr\/produit\/10-volcanoes-trail-circuit-prive-faial\/","title":{"rendered":"10 Volcanoes Trail &#8211; Circuit priv\u00e9 Faial"},"content":{"rendered":"<p><span style=\"color: #000000;font-family: 'Helvetica Neue', Helvetica, Roboto, Arial, sans-serif;font-size: medium\">Le sentier des 10 volcans est une activit\u00e9 d&rsquo;une journ\u00e9e enti\u00e8re avec 21 km, et c&rsquo;est la randonn\u00e9e la plus immersive de Faial. Pendant l&rsquo;activit\u00e9, nous verrons beaucoup de choses de l&rsquo;\u00eele. La randonn\u00e9e comprend les deux points d&rsquo;int\u00e9r\u00eat les plus c\u00e9l\u00e8bres de Faial : Caldeira et le volcan Capelinhos.    <\/span><\/p>\n<p><span style=\"color: #000000;font-family: 'Helvetica Neue', Helvetica, Roboto, Arial, sans-serif;font-size: medium\">Comme nous traverserons diff\u00e9rents types de paysages entre les deux, nous aurons l&rsquo;occasion d&rsquo;en apprendre davantage sur la for\u00eat indig\u00e8ne des A\u00e7ores et ses esp\u00e8ces end\u00e9miques. Nous commencerons pr\u00e8s du point culminant de l&rsquo;\u00eele et terminerons au niveau de la mer.   <\/span><\/p>\n<p><span style=\"color: #000000;font-family: 'Helvetica Neue', Helvetica, Roboto, Arial, sans-serif;font-size: medium\">L&rsquo;interpr\u00e9tation g\u00e9ologique de l&rsquo;\u00eele marque l&rsquo;exp\u00e9rience. Le sentier des 10 volcans longe \u00e0 l&rsquo;ouest le plus jeune syst\u00e8me volcanique de Faial. <\/span><\/p>\n","protected":false},"excerpt":{"rendered":"<p><span style=\"color: #000000;font-family: 'Helvetica Neue', Helvetica, Roboto, Arial, sans-serif;font-size: medium\">Le sentier des 10 volcans est une activit\u00e9 d&rsquo;une journ\u00e9e enti\u00e8re avec 21 km, et c&rsquo;est la randonn\u00e9e la plus immersive de Faial. Pendant l&rsquo;activit\u00e9, nous verrons beaucoup de choses de l&rsquo;\u00eele. La randonn\u00e9e comprend les deux points d&rsquo;int\u00e9r\u00eat les plus c\u00e9l\u00e8bres de Faial : Caldeira et le volcan Capelinhos.  <\/span><\/p>\n","protected":false},"featured_media":22678,"comment_status":"open","ping_status":"closed","template":"","meta":{"_acf_changed":false},"product_brand":[],"product_cat":[19484,19487,19486,19500],"product_tag":[19488],"class_list":{"0":"post-22677","1":"product","2":"type-product","3":"status-publish","4":"has-post-thumbnail","6":"product_cat-activites","7":"product_cat-faial","8":"product_cat-toutes-les-iles","9":"product_cat-visites-guidees","10":"product_tag-faialisland","12":"first","13":"instock","14":"virtual","15":"sold-individually","16":"taxable","17":"purchasable","18":"product-type-phive_booking"},"acf":[],"_links":{"self":[{"href":"https:\/\/guidetotheazores.pt\/fr\/wp-json\/wp\/v2\/product\/22677","targetHints":{"allow":["GET"]}}],"collection":[{"href":"https:\/\/guidetotheazores.pt\/fr\/wp-json\/wp\/v2\/product"}],"about":[{"href":"https:\/\/guidetotheazores.pt\/fr\/wp-json\/wp\/v2\/types\/product"}],"replies":[{"embeddable":true,"href":"https:\/\/guidetotheazores.pt\/fr\/wp-json\/wp\/v2\/comments?post=22677"}],"wp:featuredmedia":[{"embeddable":true,"href":"https:\/\/guidetotheazores.pt\/fr\/wp-json\/wp\/v2\/media\/22678"}],"wp:attachment":[{"href":"https:\/\/guidetotheazores.pt\/fr\/wp-json\/wp\/v2\/media?parent=22677"}],"wp:term":[{"taxonomy":"product_brand","embeddable":true,"href":"https:\/\/guidetotheazores.pt\/fr\/wp-json\/wp\/v2\/product_brand?post=22677"},{"taxonomy":"product_cat","embeddable":true,"href":"https:\/\/guidetotheazores.pt\/fr\/wp-json\/wp\/v2\/product_cat?post=22677"},{"taxonomy":"product_tag","embeddable":true,"href":"https:\/\/guidetotheazores.pt\/fr\/wp-json\/wp\/v2\/product_tag?post=22677"}],"curies":[{"name":"wp","href":"https:\/\/api.w.org\/{rel}","templated":true}]}}