{"id":22690,"date":"2024-03-31T15:41:18","date_gmt":"2024-03-31T16:41:18","guid":{"rendered":"https:\/\/guidetotheazores.pt\/product\/maison-de-la-lune-flores\/"},"modified":"2024-03-31T15:41:18","modified_gmt":"2024-03-31T16:41:18","slug":"maison-de-la-lune-flores","status":"publish","type":"product","link":"https:\/\/guidetotheazores.pt\/fr\/produit\/maison-de-la-lune-flores\/","title":{"rendered":"Maison de la lune &#8211; Flores"},"content":{"rendered":"<p>La \u00ab\u00a0Maison de la Lune\u00a0\u00bb est une maison en pierre avec un acc\u00e8s direct \u00e0 la mer avec une vue \u00e0 l&rsquo;ouest sur l&rsquo;oc\u00e9an et le coucher de soleil et au nord sur les montagnes. Toutes ces vues peuvent \u00eatre appr\u00e9ci\u00e9es depuis le jardin ou le balcon. <\/p>\n<p>Une maison confortable pour 6 personnes, elle fait 70m2 et dispose de 3 chambres, dont 2 avec des lits doubles et l&rsquo;autre 2 lits simples.<\/p>\n<p>La maison dispose de 2 chambres avec vue sur la mer, de 2 salles de bains, d&rsquo;une cuisine enti\u00e8rement \u00e9quip\u00e9e et d&rsquo;un grand salon avec un canap\u00e9 (lit suppl\u00e9mentaire), une t\u00e9l\u00e9vision et une cha\u00eene st\u00e9r\u00e9o.<\/p>\n<p>La maison est neuve et dispose d&rsquo;un lave-vaisselle, d&rsquo;un lave-linge et d&rsquo;un ventilateur. D\u00e9cor\u00e9e dans un style cosy, elle comprend le linge de lit et les serviettes. <\/p>\n","protected":false},"excerpt":{"rendered":"<p>La \u00ab\u00a0Maison de la Lune\u00a0\u00bb est une maison en pierre avec un acc\u00e8s direct \u00e0 la mer avec une vue \u00e0 l&rsquo;ouest sur l&rsquo;oc\u00e9an et le coucher de soleil et au nord sur les montagnes. Toutes ces vues peuvent \u00eatre appr\u00e9ci\u00e9es depuis le jardin ou le balcon. <\/p>\n<p>Une maison confortable pour 6 personnes, elle fait 70m2 et dispose de 3 chambres, dont 2 avec des lits doubles et l&rsquo;autre 2 lits simples.<\/p>\n","protected":false},"featured_media":22712,"comment_status":"open","ping_status":"closed","template":"","meta":{"_acf_changed":false},"product_brand":[],"product_cat":[19513,19523,19512,19486],"product_tag":[19524],"class_list":{"0":"post-22690","1":"product","2":"type-product","3":"status-publish","4":"has-post-thumbnail","6":"product_cat-alojamento-local","7":"product_cat-flores","8":"product_cat-hebergement","9":"product_cat-toutes-les-iles","10":"product_tag-ile-aux-fleurs","12":"first","13":"instock","14":"sold-individually","15":"taxable","16":"shipping-taxable","17":"purchasable","18":"product-type-phive_booking"},"acf":[],"_links":{"self":[{"href":"https:\/\/guidetotheazores.pt\/fr\/wp-json\/wp\/v2\/product\/22690","targetHints":{"allow":["GET"]}}],"collection":[{"href":"https:\/\/guidetotheazores.pt\/fr\/wp-json\/wp\/v2\/product"}],"about":[{"href":"https:\/\/guidetotheazores.pt\/fr\/wp-json\/wp\/v2\/types\/product"}],"replies":[{"embeddable":true,"href":"https:\/\/guidetotheazores.pt\/fr\/wp-json\/wp\/v2\/comments?post=22690"}],"wp:featuredmedia":[{"embeddable":true,"href":"https:\/\/guidetotheazores.pt\/fr\/wp-json\/wp\/v2\/media\/22712"}],"wp:attachment":[{"href":"https:\/\/guidetotheazores.pt\/fr\/wp-json\/wp\/v2\/media?parent=22690"}],"wp:term":[{"taxonomy":"product_brand","embeddable":true,"href":"https:\/\/guidetotheazores.pt\/fr\/wp-json\/wp\/v2\/product_brand?post=22690"},{"taxonomy":"product_cat","embeddable":true,"href":"https:\/\/guidetotheazores.pt\/fr\/wp-json\/wp\/v2\/product_cat?post=22690"},{"taxonomy":"product_tag","embeddable":true,"href":"https:\/\/guidetotheazores.pt\/fr\/wp-json\/wp\/v2\/product_tag?post=22690"}],"curies":[{"name":"wp","href":"https:\/\/api.w.org\/{rel}","templated":true}]}}