{"id":22691,"date":"2024-06-04T19:59:53","date_gmt":"2024-06-04T20:59:53","guid":{"rendered":"https:\/\/guidetotheazores.pt\/product\/casa-do-norte-hebergement-rural\/"},"modified":"2024-06-04T19:59:53","modified_gmt":"2024-06-04T20:59:53","slug":"casa-do-norte-hebergement-rural","status":"publish","type":"product","link":"https:\/\/guidetotheazores.pt\/fr\/produit\/casa-do-norte-hebergement-rural\/","title":{"rendered":"Casa do Norte &#8211; H\u00e9bergement rural"},"content":{"rendered":"<p>Maison traditionnelle de style a\u00e7orien, enti\u00e8rement r\u00e9nov\u00e9e. Elle est situ\u00e9e \u00e0 Prainha (de Cima), dans la municipalit\u00e9 de S\u00e3o Roque do Pico. Elle dispose d&rsquo;un coin repas ext\u00e9rieur, d&rsquo;installations de barbecue, d&rsquo;un jardin et d&rsquo;une terrasse. Vue sur la mer et S\u00e3o Jorge.   <\/p>\n<p>\u00c0 l&rsquo;int\u00e9rieur : au rez-de-chauss\u00e9e &#8211; 1 chambre, une salle de bain compl\u00e8te et un espace de rangement, ainsi qu&rsquo;un escalier menant \u00e0 l&rsquo;\u00e9tage sup\u00e9rieur ; au premier \u00e9tage, un salon avec coin repas, une cuisine enti\u00e8rement \u00e9quip\u00e9e et une salle de bain.<\/p>\n<p>Toutes les commodit\u00e9s sont incluses dans le prix.<\/p>\n<p>La location se fait toujours pour l&rsquo;ensemble de la maison et pour un maximum de 2 personnes. Le prix journalier est ind\u00e9pendant du nombre de personnes qui louent. <\/p>\n<p>Basse saison &#8211; d&rsquo;octobre \u00e0 avril &#8211; Moyenne saison &#8211; mai, juin et septembre<\/p>\n<p>&nbsp;<\/p>\n","protected":false},"excerpt":{"rendered":"<p>Maison traditionnelle de style a\u00e7orien, enti\u00e8rement r\u00e9nov\u00e9e. Elle est situ\u00e9e \u00e0 Prainha (de Cima), dans la municipalit\u00e9 de S\u00e3o Roque do Pico. Elle dispose d&rsquo;un coin repas ext\u00e9rieur, d&rsquo;installations de barbecue, d&rsquo;un jardin et d&rsquo;une terrasse. Vue sur la mer et S\u00e3o Jorge.   <\/p>\n<p>\u00c0 l&rsquo;int\u00e9rieur : au rez-de-chauss\u00e9e &#8211; 1 chambre, une salle de bain compl\u00e8te et un espace de rangement, ainsi qu&rsquo;un escalier menant \u00e0 l&rsquo;\u00e9tage sup\u00e9rieur ; au premier \u00e9tage, un salon avec coin repas, une cuisine enti\u00e8rement \u00e9quip\u00e9e et une salle de bain.<\/p>\n<p>Toutes les commodit\u00e9s sont incluses dans le prix.<\/p>\n<p>La location se fait toujours pour l&rsquo;ensemble de la maison et pour un maximum de 2 personnes. Le prix journalier est ind\u00e9pendant du nombre de personnes qui louent. <\/p>\n","protected":false},"featured_media":22692,"comment_status":"open","ping_status":"closed","template":"","meta":{"_acf_changed":false},"product_brand":[],"product_cat":[19513,19512,19515,19486],"product_tag":[19516],"class_list":{"0":"post-22691","1":"product","2":"type-product","3":"status-publish","4":"has-post-thumbnail","6":"product_cat-alojamento-local","7":"product_cat-hebergement","8":"product_cat-pico","9":"product_cat-toutes-les-iles","10":"product_tag-picoisland","12":"first","13":"instock","14":"taxable","15":"shipping-taxable","16":"product-type-external"},"acf":[],"_links":{"self":[{"href":"https:\/\/guidetotheazores.pt\/fr\/wp-json\/wp\/v2\/product\/22691","targetHints":{"allow":["GET"]}}],"collection":[{"href":"https:\/\/guidetotheazores.pt\/fr\/wp-json\/wp\/v2\/product"}],"about":[{"href":"https:\/\/guidetotheazores.pt\/fr\/wp-json\/wp\/v2\/types\/product"}],"replies":[{"embeddable":true,"href":"https:\/\/guidetotheazores.pt\/fr\/wp-json\/wp\/v2\/comments?post=22691"}],"wp:featuredmedia":[{"embeddable":true,"href":"https:\/\/guidetotheazores.pt\/fr\/wp-json\/wp\/v2\/media\/22692"}],"wp:attachment":[{"href":"https:\/\/guidetotheazores.pt\/fr\/wp-json\/wp\/v2\/media?parent=22691"}],"wp:term":[{"taxonomy":"product_brand","embeddable":true,"href":"https:\/\/guidetotheazores.pt\/fr\/wp-json\/wp\/v2\/product_brand?post=22691"},{"taxonomy":"product_cat","embeddable":true,"href":"https:\/\/guidetotheazores.pt\/fr\/wp-json\/wp\/v2\/product_cat?post=22691"},{"taxonomy":"product_tag","embeddable":true,"href":"https:\/\/guidetotheazores.pt\/fr\/wp-json\/wp\/v2\/product_tag?post=22691"}],"curies":[{"name":"wp","href":"https:\/\/api.w.org\/{rel}","templated":true}]}}