{"id":22711,"date":"2024-05-21T19:24:36","date_gmt":"2024-05-21T20:24:36","guid":{"rendered":"https:\/\/guidetotheazores.pt\/product\/safari-en-jeep-demi-journee\/"},"modified":"2024-05-21T19:24:36","modified_gmt":"2024-05-21T20:24:36","slug":"safari-en-jeep-demi-journee","status":"publish","type":"product","link":"https:\/\/guidetotheazores.pt\/fr\/produit\/safari-en-jeep-demi-journee\/","title":{"rendered":"Safari en jeep &#8211; demi-journ\u00e9e"},"content":{"rendered":"<p>Wild Escapes : Safari en jeep d&rsquo;une demi-journ\u00e9e sur l&rsquo;\u00eele de Terceira<\/p>\n<p>Lib\u00e8re l&rsquo;explorateur qui sommeille en toi. Attache ta ceinture et pr\u00e9pare-toi \u00e0 un voyage plein d&rsquo;adr\u00e9naline au c\u0153ur de l&rsquo;\u00eele de Terceira. <\/p>\n<p>Notre safari en jeep d&rsquo;une demi-journ\u00e9e promet une aventure hors route comme aucune autre. Quitte l&rsquo;ordinaire. <\/p>\n<table class=\"t1\" style=\"margin: 10px 0px 12px; border-collapse: collapse; height: 136px;\" width=\"478\" cellspacing=\"0\" cellpadding=\"0\">\n<tbody>\n<tr>\n<td class=\"td1\" style=\"width: 419.9px; border-style: solid; border-width: 1px 0px 0px; border-color: #bfbfbf transparent transparent; padding: 8px;\" valign=\"middle\">\n<p class=\"p1\" style=\"margin: 0px; font-size: 14px; line-height: normal; font-family: Helvetica; color: #191c1f;\"><span class=\"s1\">Prix individuel<\/span><\/p>\n<\/td>\n<td class=\"td2\" style=\"width: 108px; border-style: solid; border-width: 1px 0px 0px; border-color: #bfbfbf transparent transparent; padding: 8px;\" colspan=\"2\" valign=\"middle\">\n<p class=\"p1\" style=\"margin: 0px; font-size: 14px; line-height: normal; font-family: Helvetica; color: #191c1f;\"><span class=\"s1\">205\u20ac<\/span><\/p>\n<\/td>\n<\/tr>\n<tr>\n<td class=\"td3\" style=\"width: 419.9px; border-style: solid; border-width: 1px 0px 0px; border-color: #bfbfbf transparent transparent; padding: 8px;\" valign=\"middle\">\n<p class=\"p1\" style=\"margin: 0px; font-size: 14px; line-height: normal; font-family: Helvetica; color: #191c1f;\"><span class=\"s1\">Prix par personne (2 \u00e0 3 pax)<\/span><\/p>\n<\/td>\n<td class=\"td4\" style=\"width: 108px; border-style: solid; border-width: 1px 0px 0px; border-color: #bfbfbf transparent transparent; padding: 8px;\" valign=\"middle\">\n<p class=\"p1\" style=\"margin: 0px; font-size: 14px; line-height: normal; font-family: Helvetica; color: #191c1f;\"><span class=\"s1\">95\u20ac<\/span><\/p>\n<\/td>\n<td class=\"td5\" style=\"width: 318.6px; border-style: solid; border-width: 1px 0px 0px; border-color: #bfbfbf transparent transparent; padding: 8px;\" valign=\"middle\">\n<p class=\"p2\" style=\"margin: 0px; font-size: 14px; line-height: normal; font-family: Helvetica; color: #191c1f; min-height: 17px;\">\n<\/td>\n<\/tr>\n<tr>\n<td class=\"td1\" style=\"width: 419.9px; border-style: solid; border-width: 1px 0px 0px; border-color: #bfbfbf transparent transparent; padding: 8px;\" valign=\"middle\">\n<p class=\"p1\" style=\"margin: 0px; font-size: 14px; line-height: normal; font-family: Helvetica; color: #191c1f;\"><span class=\"s1\">Prix par personne (4 \u00e0 6 pax)<\/span><\/p>\n<\/td>\n<td class=\"td2\" style=\"width: 108px; border-style: solid; border-width: 1px 0px 0px; border-color: #bfbfbf transparent transparent; padding: 8px;\" colspan=\"2\" valign=\"middle\">\n<p class=\"p1\" style=\"margin: 0px; font-size: 14px; line-height: normal; font-family: Helvetica; color: #191c1f;\"><span class=\"s1\">60\u20ac<\/span><\/p>\n<\/td>\n<\/tr>\n<tr>\n<td class=\"td3\" style=\"width: 419.9px; border-style: solid; border-width: 1px 0px 0px; border-color: #bfbfbf transparent transparent; padding: 8px;\" valign=\"middle\">\n<p class=\"p1\" style=\"margin: 0px; font-size: 14px; line-height: normal; font-family: Helvetica; color: #191c1f;\"><span class=\"s1\">Prix par personne (&gt; 6 pax)<\/span><\/p>\n<\/td>\n<td class=\"td4\" style=\"width: 108px; border-style: solid; border-width: 1px 0px 0px; border-color: #bfbfbf transparent transparent; padding: 8px;\" colspan=\"2\" valign=\"middle\">\n<p class=\"p1\" style=\"margin: 0px; font-size: 14px; line-height: normal; font-family: Helvetica; color: #191c1f;\"><span class=\"s1\">50\u20ac<\/span><\/p>\n<\/td>\n<\/tr>\n<\/tbody>\n<\/table>\n<p>&nbsp;<\/p>\n","protected":false},"excerpt":{"rendered":"<p>Wild Escapes : Safari en jeep d&rsquo;une demi-journ\u00e9e sur l&rsquo;\u00eele de Terceira<\/p>\n<p>Lib\u00e8re ton explorateur int\u00e9rieur. Attache ta ceinture et pr\u00e9pare-toi \u00e0 un voyage plein d&rsquo;adr\u00e9naline au c\u0153ur de l&rsquo;\u00eele de Terceira. <\/p>\n<p>Notre safari en jeep d&rsquo;une demi-journ\u00e9e promet une aventure hors route comme aucune autre. Quitte l&rsquo;ordinaire. <\/p>\n<table class=\"t1\" style=\"margin: 10px 0px 12px; border-collapse: collapse; height: 124px;\" width=\"471\" cellspacing=\"0\" cellpadding=\"0\">\n<tbody>\n<tr>\n<td class=\"td1\" style=\"width: 419.9px; border-style: solid; border-width: 1px 0px 0px; border-color: #bfbfbf transparent transparent; padding: 8px;\" valign=\"middle\">\n<p class=\"p1\" style=\"margin: 0px; font-size: 14px; line-height: normal; font-family: Helvetica; color: #191c1f;\"><span class=\"s1\">Prix individuel<\/span><\/p>\n<\/td>\n<td class=\"td2\" style=\"width: 108px; border-style: solid; border-width: 1px 0px 0px; border-color: #bfbfbf transparent transparent; padding: 8px;\" colspan=\"2\" valign=\"middle\">\n<p class=\"p1\" style=\"margin: 0px; font-size: 14px; line-height: normal; font-family: Helvetica; color: #191c1f;\"><span class=\"s1\">205\u20ac<\/span><\/p>\n<\/td>\n<\/tr>\n<tr>\n<td class=\"td3\" style=\"width: 419.9px; border-style: solid; border-width: 1px 0px 0px; border-color: #bfbfbf transparent transparent; padding: 8px;\" valign=\"middle\">\n<p class=\"p1\" style=\"margin: 0px; font-size: 14px; line-height: normal; font-family: Helvetica; color: #191c1f;\"><span class=\"s1\">Prix par personne (2 \u00e0 3 pax)<\/span><\/p>\n<\/td>\n<td class=\"td4\" style=\"width: 108px; border-style: solid; border-width: 1px 0px 0px; border-color: #bfbfbf transparent transparent; padding: 8px;\" valign=\"middle\">\n<p class=\"p1\" style=\"margin: 0px; font-size: 14px; line-height: normal; font-family: Helvetica; color: #191c1f;\"><span class=\"s1\">95\u20ac<\/span><\/p>\n<\/td>\n<td class=\"td5\" style=\"width: 318.6px; border-style: solid; border-width: 1px 0px 0px; border-color: #bfbfbf transparent transparent; padding: 8px;\" valign=\"middle\">\n<p class=\"p2\" style=\"margin: 0px; font-size: 14px; line-height: normal; font-family: Helvetica; color: #191c1f; min-height: 17px;\">\n<\/td>\n<\/tr>\n<tr>\n<td class=\"td1\" style=\"width: 419.9px; border-style: solid; border-width: 1px 0px 0px; border-color: #bfbfbf transparent transparent; padding: 8px;\" valign=\"middle\">\n<p class=\"p1\" style=\"margin: 0px; font-size: 14px; line-height: normal; font-family: Helvetica; color: #191c1f;\"><span class=\"s1\">Prix par personne (4 \u00e0 6 pax)<\/span><\/p>\n<\/td>\n<td class=\"td2\" style=\"width: 108px; border-style: solid; border-width: 1px 0px 0px; border-color: #bfbfbf transparent transparent; padding: 8px;\" colspan=\"2\" valign=\"middle\">\n<p class=\"p1\" style=\"margin: 0px; font-size: 14px; line-height: normal; font-family: Helvetica; color: #191c1f;\"><span class=\"s1\">60\u20ac<\/span><\/p>\n<\/td>\n<\/tr>\n<tr>\n<td class=\"td3\" style=\"width: 419.9px; border-style: solid; border-width: 1px 0px 0px; border-color: #bfbfbf transparent transparent; padding: 8px;\" valign=\"middle\">\n<p class=\"p1\" style=\"margin: 0px; font-size: 14px; line-height: normal; font-family: Helvetica; color: #191c1f;\"><span class=\"s1\">Prix par personne (&gt; 6 pax)<\/span><\/p>\n<\/td>\n<td class=\"td4\" style=\"width: 108px; border-style: solid; border-width: 1px 0px 0px; border-color: #bfbfbf transparent transparent; padding: 8px;\" colspan=\"2\" valign=\"middle\">\n<p class=\"p1\" style=\"margin: 0px; font-size: 14px; line-height: normal; font-family: Helvetica; color: #191c1f;\"><span class=\"s1\">50\u20ac<\/span><\/p>\n<\/td>\n<\/tr>\n<\/tbody>\n<\/table>\n","protected":false},"featured_media":22720,"comment_status":"open","ping_status":"closed","template":"","meta":{"_acf_changed":false},"product_brand":[],"product_cat":[19484,19525,19497,19486,19500],"product_tag":[19498],"class_list":{"0":"post-22711","1":"product","2":"type-product","3":"status-publish","4":"has-post-thumbnail","6":"product_cat-activites","7":"product_cat-geotourisme","8":"product_cat-terceira","9":"product_cat-toutes-les-iles","10":"product_cat-visites-guidees","11":"product_tag-terceiraisland","13":"first","14":"instock","15":"virtual","16":"sold-individually","17":"taxable","18":"purchasable","19":"product-type-phive_booking"},"acf":[],"_links":{"self":[{"href":"https:\/\/guidetotheazores.pt\/fr\/wp-json\/wp\/v2\/product\/22711","targetHints":{"allow":["GET"]}}],"collection":[{"href":"https:\/\/guidetotheazores.pt\/fr\/wp-json\/wp\/v2\/product"}],"about":[{"href":"https:\/\/guidetotheazores.pt\/fr\/wp-json\/wp\/v2\/types\/product"}],"replies":[{"embeddable":true,"href":"https:\/\/guidetotheazores.pt\/fr\/wp-json\/wp\/v2\/comments?post=22711"}],"wp:featuredmedia":[{"embeddable":true,"href":"https:\/\/guidetotheazores.pt\/fr\/wp-json\/wp\/v2\/media\/22720"}],"wp:attachment":[{"href":"https:\/\/guidetotheazores.pt\/fr\/wp-json\/wp\/v2\/media?parent=22711"}],"wp:term":[{"taxonomy":"product_brand","embeddable":true,"href":"https:\/\/guidetotheazores.pt\/fr\/wp-json\/wp\/v2\/product_brand?post=22711"},{"taxonomy":"product_cat","embeddable":true,"href":"https:\/\/guidetotheazores.pt\/fr\/wp-json\/wp\/v2\/product_cat?post=22711"},{"taxonomy":"product_tag","embeddable":true,"href":"https:\/\/guidetotheazores.pt\/fr\/wp-json\/wp\/v2\/product_tag?post=22711"}],"curies":[{"name":"wp","href":"https:\/\/api.w.org\/{rel}","templated":true}]}}