{"id":22726,"date":"2024-02-20T09:09:08","date_gmt":"2024-02-20T10:09:08","guid":{"rendered":"https:\/\/guidetotheazores.pt\/product\/descente-de-la-caldeira-visite-privee-a-faial\/"},"modified":"2024-02-20T09:09:08","modified_gmt":"2024-02-20T10:09:08","slug":"descente-de-la-caldeira-visite-privee-a-faial","status":"publish","type":"product","link":"https:\/\/guidetotheazores.pt\/fr\/produit\/descente-de-la-caldeira-visite-privee-a-faial\/","title":{"rendered":"Descente de la Caldeira &#8211; Visite priv\u00e9e \u00e0 Faial"},"content":{"rendered":"<p style=\"color: #000000; font-family: 'Helvetica Neue', Helvetica, Roboto, Arial, sans-serif; margin: 0px 0px 20px;\">La Caldeira de Faial est une r\u00e9serve naturelle depuis 1972 (cat\u00e9gorie I &#8211; UICN). C&rsquo;est un crat\u00e8re d&rsquo;effondrement volcanique aux caract\u00e9ristiques uniques. Comme la descente de la Caldeira de Faial est une exp\u00e9rience si particuli\u00e8re, le parc naturel de Faial contr\u00f4le l&rsquo;acc\u00e8s au fond, ne d\u00e9livrant qu&rsquo;un nombre limit\u00e9 de permis. Pour cette raison, un guide certifi\u00e9 est obligatoire pour la descente de la Caldeira.   <\/p>\n<p style=\"color: #000000; font-family: 'Helvetica Neue', Helvetica, Roboto, Arial, sans-serif; margin: 0px 0px 20px;\">La Caldeira de Faial est l&rsquo;un des derniers bastions de la for\u00eat indig\u00e8ne des A\u00e7ores. C&rsquo;est l\u00e0 que l&rsquo;on trouve plus de 60 % des esp\u00e8ces end\u00e9miques des A\u00e7ores et que tu peux d\u00e9couvrir comment \u00e9taient les A\u00e7ores avant la colonisation humaine. Le sentier est difficile car il est tr\u00e8s \u00e9troit et escarp\u00e9 et, parfois, il faut faire de l&rsquo;escalade. La biodiversit\u00e9 de la Caldeira est compos\u00e9e de diff\u00e9rents habitats humides. Il est donc fr\u00e9quent de trouver de la boue et des zones inond\u00e9es au fond.    <\/p>\n","protected":false},"excerpt":{"rendered":"<p style=\"color: #000000; font-family: 'Helvetica Neue', Helvetica, Roboto, Arial, sans-serif; margin: 0px 0px 20px;\">La Caldeira de Faial est une r\u00e9serve naturelle depuis 1972 (cat\u00e9gorie I &#8211; UICN). C&rsquo;est un crat\u00e8re d&rsquo;effondrement volcanique aux caract\u00e9ristiques uniques. Comme la descente de la Caldeira de Faial est une exp\u00e9rience si particuli\u00e8re, le parc naturel de Faial contr\u00f4le l&rsquo;acc\u00e8s au fond, ne d\u00e9livrant qu&rsquo;un nombre limit\u00e9 de permis. Pour cette raison, un guide certifi\u00e9 est obligatoire pour la descente de la Caldeira.   <\/p>\n","protected":false},"featured_media":22727,"comment_status":"open","ping_status":"closed","template":"","meta":{"_acf_changed":false},"product_brand":[],"product_cat":[19484,19487,19486,19500],"product_tag":[19488],"class_list":{"0":"post-22726","1":"product","2":"type-product","3":"status-publish","4":"has-post-thumbnail","6":"product_cat-activites","7":"product_cat-faial","8":"product_cat-toutes-les-iles","9":"product_cat-visites-guidees","10":"product_tag-faialisland","12":"first","13":"instock","14":"virtual","15":"sold-individually","16":"taxable","17":"purchasable","18":"product-type-phive_booking"},"acf":[],"_links":{"self":[{"href":"https:\/\/guidetotheazores.pt\/fr\/wp-json\/wp\/v2\/product\/22726","targetHints":{"allow":["GET"]}}],"collection":[{"href":"https:\/\/guidetotheazores.pt\/fr\/wp-json\/wp\/v2\/product"}],"about":[{"href":"https:\/\/guidetotheazores.pt\/fr\/wp-json\/wp\/v2\/types\/product"}],"replies":[{"embeddable":true,"href":"https:\/\/guidetotheazores.pt\/fr\/wp-json\/wp\/v2\/comments?post=22726"}],"wp:featuredmedia":[{"embeddable":true,"href":"https:\/\/guidetotheazores.pt\/fr\/wp-json\/wp\/v2\/media\/22727"}],"wp:attachment":[{"href":"https:\/\/guidetotheazores.pt\/fr\/wp-json\/wp\/v2\/media?parent=22726"}],"wp:term":[{"taxonomy":"product_brand","embeddable":true,"href":"https:\/\/guidetotheazores.pt\/fr\/wp-json\/wp\/v2\/product_brand?post=22726"},{"taxonomy":"product_cat","embeddable":true,"href":"https:\/\/guidetotheazores.pt\/fr\/wp-json\/wp\/v2\/product_cat?post=22726"},{"taxonomy":"product_tag","embeddable":true,"href":"https:\/\/guidetotheazores.pt\/fr\/wp-json\/wp\/v2\/product_tag?post=22726"}],"curies":[{"name":"wp","href":"https:\/\/api.w.org\/{rel}","templated":true}]}}