{"id":22732,"date":"2024-02-20T09:01:09","date_gmt":"2024-02-20T10:01:09","guid":{"rendered":"https:\/\/guidetotheazores.pt\/product\/banana-trip-excursion-privee-a-pico\/"},"modified":"2024-02-20T09:01:09","modified_gmt":"2024-02-20T10:01:09","slug":"banana-trip-excursion-privee-a-pico","status":"publish","type":"product","link":"https:\/\/guidetotheazores.pt\/fr\/produit\/banana-trip-excursion-privee-a-pico\/","title":{"rendered":"Banana Trip &#8211; Excursion priv\u00e9e \u00e0 Pico"},"content":{"rendered":"<p style=\"color: #000000;font-family: 'Helvetica Neue', Helvetica, Roboto, Arial, sans-serif;margin: 0px 0px 20px\"><span style=\"font-size: medium\">Le Banana Trip est une excursion culturelle d&rsquo;une journ\u00e9e enti\u00e8re sur l&rsquo;\u00eele de Pico. En g\u00e9n\u00e9ral, nous nous concentrons sur la c\u00f4te sud de l&rsquo;\u00eele de Pico. Nous d\u00e9couvrirons la culture du vin et le paysage des vignobles class\u00e9s au patrimoine mondial de l&rsquo;UNESCO. Et nous comprendrons mieux l&rsquo;importance de la culture baleini\u00e8re des A\u00e7ores, en visitant quelques sites patrimoniaux, comme le mus\u00e9e de la p\u00eache \u00e0 la baleine.     <\/span><\/p>\n<p style=\"color: #000000;font-family: 'Helvetica Neue', Helvetica, Roboto, Arial, sans-serif;margin: 0px 0px 20px\"><span style=\"font-size: medium\">Un d\u00e9jeuner traditionnel est inclus au village de Lajes. Entre temps, nous appr\u00e9cierons plusieurs bassins de mar\u00e9e naturels et visiterons l&rsquo;int\u00e9rieur de l&rsquo;\u00eele, le plateau de Pico Central. Nous l&rsquo;appelons Banana Trip, car l&rsquo;objectif final est de visiter notre propre plantation de bananes. Pour v\u00e9rifier et voir s&rsquo;il y a un r\u00e9gime de bananes m\u00fbres, pr\u00eates \u00e0 \u00eatre r\u00e9colt\u00e9es.     <\/span><\/p>\n<p style=\"color: #000000;font-family: 'Helvetica Neue', Helvetica, Roboto, Arial, sans-serif;margin: 0px 0px 20px\"><span style=\"font-size: medium\">Le Banana Trip est une visite culturelle priv\u00e9e sur l&rsquo;\u00eele de Pico qui offre une exp\u00e9rience exclusive. Le prix comprend tous les frais depuis l&rsquo;\u00eele de Faial et retour. <\/span><\/p>\n","protected":false},"excerpt":{"rendered":"<p style=\"color: #000000;font-family: 'Helvetica Neue', Helvetica, Roboto, Arial, sans-serif;margin: 0px 0px 20px\"><span style=\"font-size: medium\">Le Banana Trip est une excursion culturelle d&rsquo;une journ\u00e9e enti\u00e8re sur l&rsquo;\u00eele de Pico. En g\u00e9n\u00e9ral, nous nous concentrons sur la c\u00f4te sud de l&rsquo;\u00eele de Pico. Nous d\u00e9couvrirons la culture du vin et le paysage des vignobles class\u00e9s au patrimoine mondial de l&rsquo;UNESCO. Et nous comprendrons mieux l&rsquo;importance de la culture baleini\u00e8re des A\u00e7ores, en visitant quelques sites patrimoniaux, comme le mus\u00e9e de la p\u00eache \u00e0 la baleine.   <\/span><\/p>\n<p style=\"color: #000000;font-family: 'Helvetica Neue', Helvetica, Roboto, Arial, sans-serif;margin: 0px 0px 20px\"><span style=\"font-size: medium\">Un d\u00e9jeuner traditionnel est inclus au village de Lajes. Entre temps, nous appr\u00e9cierons plusieurs bassins de mar\u00e9e naturels et visiterons l&rsquo;int\u00e9rieur de l&rsquo;\u00eele, le plateau de Pico Central. Nous l&rsquo;appelons Banana Trip, car l&rsquo;objectif final est de visiter notre propre plantation de bananes. Pour v\u00e9rifier et voir s&rsquo;il y a un r\u00e9gime de bananes m\u00fbres, pr\u00eates \u00e0 \u00eatre r\u00e9colt\u00e9es.   <\/span><\/p>\n<p style=\"color: #000000;font-family: 'Helvetica Neue', Helvetica, Roboto, Arial, sans-serif;margin: 0px 0px 20px\"><span style=\"font-size: medium\">Le Banana Trip est une visite culturelle priv\u00e9e sur l&rsquo;\u00eele de Pico qui offre une exp\u00e9rience exclusive. Le prix comprend tous les frais depuis l&rsquo;\u00eele de Faial et retour. <\/span><\/p>\n","protected":false},"featured_media":22733,"comment_status":"open","ping_status":"closed","template":"","meta":{"_acf_changed":false},"product_brand":[],"product_cat":[19484,19515,19486,19500],"product_tag":[19516],"class_list":{"0":"post-22732","1":"product","2":"type-product","3":"status-publish","4":"has-post-thumbnail","6":"product_cat-activites","7":"product_cat-pico","8":"product_cat-toutes-les-iles","9":"product_cat-visites-guidees","10":"product_tag-picoisland","12":"first","13":"instock","14":"virtual","15":"sold-individually","16":"taxable","17":"purchasable","18":"product-type-phive_booking"},"acf":[],"_links":{"self":[{"href":"https:\/\/guidetotheazores.pt\/fr\/wp-json\/wp\/v2\/product\/22732","targetHints":{"allow":["GET"]}}],"collection":[{"href":"https:\/\/guidetotheazores.pt\/fr\/wp-json\/wp\/v2\/product"}],"about":[{"href":"https:\/\/guidetotheazores.pt\/fr\/wp-json\/wp\/v2\/types\/product"}],"replies":[{"embeddable":true,"href":"https:\/\/guidetotheazores.pt\/fr\/wp-json\/wp\/v2\/comments?post=22732"}],"wp:featuredmedia":[{"embeddable":true,"href":"https:\/\/guidetotheazores.pt\/fr\/wp-json\/wp\/v2\/media\/22733"}],"wp:attachment":[{"href":"https:\/\/guidetotheazores.pt\/fr\/wp-json\/wp\/v2\/media?parent=22732"}],"wp:term":[{"taxonomy":"product_brand","embeddable":true,"href":"https:\/\/guidetotheazores.pt\/fr\/wp-json\/wp\/v2\/product_brand?post=22732"},{"taxonomy":"product_cat","embeddable":true,"href":"https:\/\/guidetotheazores.pt\/fr\/wp-json\/wp\/v2\/product_cat?post=22732"},{"taxonomy":"product_tag","embeddable":true,"href":"https:\/\/guidetotheazores.pt\/fr\/wp-json\/wp\/v2\/product_tag?post=22732"}],"curies":[{"name":"wp","href":"https:\/\/api.w.org\/{rel}","templated":true}]}}