{"id":22736,"date":"2024-02-17T06:51:39","date_gmt":"2024-02-17T07:51:39","guid":{"rendered":"https:\/\/guidetotheazores.pt\/product\/maison-rose-horta\/"},"modified":"2024-02-17T06:51:39","modified_gmt":"2024-02-17T07:51:39","slug":"maison-rose-horta","status":"publish","type":"product","link":"https:\/\/guidetotheazores.pt\/fr\/produit\/maison-rose-horta\/","title":{"rendered":"Maison rose &#8211; Horta"},"content":{"rendered":"<p><span style=\"color: #000000;font-family: 'Helvetica Neue', Helvetica, Roboto, Arial, sans-serif;font-size: medium\">Maison de 2 chambres paisible et situ\u00e9e au centre, \u00e0 1 minute \u00e0 pied de Porto Pim &#8211; la plus belle baie et la plus belle plage de l&rsquo;\u00eele de Faial.<\/span><br style=\"color: #000000;font-family: 'Helvetica Neue', Helvetica, Roboto, Arial, sans-serif\"><span style=\"color: #000000;font-family: 'Helvetica Neue', Helvetica, Roboto, Arial, sans-serif;font-size: medium\">La maison a \u00e9t\u00e9 enti\u00e8rement r\u00e9nov\u00e9e en 2022 &#8211; Nouvelle salle de bain, cuisine et salle de s\u00e9jour. Chaque chambre dispose d&rsquo;un lit king size. Tu peux aussi voir la baie et le port de plaisance depuis l&rsquo;arri\u00e8re-cour de la maison, o\u00f9 tu peux t&rsquo;asseoir et chiller.  <\/span><br style=\"color: #000000;font-family: 'Helvetica Neue', Helvetica, Roboto, Arial, sans-serif\"><span style=\"color: #000000;font-family: 'Helvetica Neue', Helvetica, Roboto, Arial, sans-serif;font-size: medium\">La maison se trouve dans la ville de Horta &#8211; \u00e0 quelques pas des restaurants, des caf\u00e9s, des bars, des boutiques et du port de plaisance.<\/span><br style=\"color: #000000;font-family: 'Helvetica Neue', Helvetica, Roboto, Arial, sans-serif\"><span style=\"color: #000000;font-family: 'Helvetica Neue', Helvetica, Roboto, Arial, sans-serif;font-size: medium\">A seulement 15 minutes en voiture de l&rsquo;a\u00e9roport.<\/span><\/p>\n","protected":false},"excerpt":{"rendered":"<p>Maison de 2 chambres paisible et situ\u00e9e au centre, \u00e0 1 minute \u00e0 pied de Porto Pim &#8211; la plus belle baie et la plus belle plage de l&rsquo;\u00eele de Faial.<\/p>\n","protected":false},"featured_media":22745,"comment_status":"open","ping_status":"closed","template":"","meta":{"_acf_changed":false},"product_brand":[],"product_cat":[19513,19487,19512,19486],"product_tag":[19488],"class_list":{"0":"post-22736","1":"product","2":"type-product","3":"status-publish","4":"has-post-thumbnail","6":"product_cat-alojamento-local","7":"product_cat-faial","8":"product_cat-hebergement","9":"product_cat-toutes-les-iles","10":"product_tag-faialisland","12":"first","13":"instock","14":"virtual","15":"sold-individually","16":"taxable","17":"purchasable","18":"product-type-phive_booking"},"acf":[],"_links":{"self":[{"href":"https:\/\/guidetotheazores.pt\/fr\/wp-json\/wp\/v2\/product\/22736","targetHints":{"allow":["GET"]}}],"collection":[{"href":"https:\/\/guidetotheazores.pt\/fr\/wp-json\/wp\/v2\/product"}],"about":[{"href":"https:\/\/guidetotheazores.pt\/fr\/wp-json\/wp\/v2\/types\/product"}],"replies":[{"embeddable":true,"href":"https:\/\/guidetotheazores.pt\/fr\/wp-json\/wp\/v2\/comments?post=22736"}],"wp:featuredmedia":[{"embeddable":true,"href":"https:\/\/guidetotheazores.pt\/fr\/wp-json\/wp\/v2\/media\/22745"}],"wp:attachment":[{"href":"https:\/\/guidetotheazores.pt\/fr\/wp-json\/wp\/v2\/media?parent=22736"}],"wp:term":[{"taxonomy":"product_brand","embeddable":true,"href":"https:\/\/guidetotheazores.pt\/fr\/wp-json\/wp\/v2\/product_brand?post=22736"},{"taxonomy":"product_cat","embeddable":true,"href":"https:\/\/guidetotheazores.pt\/fr\/wp-json\/wp\/v2\/product_cat?post=22736"},{"taxonomy":"product_tag","embeddable":true,"href":"https:\/\/guidetotheazores.pt\/fr\/wp-json\/wp\/v2\/product_tag?post=22736"}],"curies":[{"name":"wp","href":"https:\/\/api.w.org\/{rel}","templated":true}]}}