{"id":22741,"date":"2024-02-20T08:55:30","date_gmt":"2024-02-20T09:55:30","guid":{"rendered":"https:\/\/guidetotheazores.pt\/product\/course-a-pied-sur-faial-visite-privee\/"},"modified":"2024-02-20T08:55:30","modified_gmt":"2024-02-20T09:55:30","slug":"course-a-pied-sur-faial-visite-privee","status":"publish","type":"product","link":"https:\/\/guidetotheazores.pt\/fr\/produit\/course-a-pied-sur-faial-visite-privee\/","title":{"rendered":"Course \u00e0 pied sur Faial &#8211; Visite priv\u00e9e"},"content":{"rendered":"<p style=\"color: #000000;font-family: 'Helvetica Neue', Helvetica, Roboto, Arial, sans-serif;margin: 0px 0px 20px\">La course sur sentier \u00e0 Faial est une fa\u00e7on amusante de d\u00e9couvrir l&rsquo;\u00eele. Le 10 Volcanoes Trail est sans doute le meilleur itin\u00e9raire de trail running de moyenne distance sur Faial et fait d&rsquo;ailleurs partie de la course Azores Trail Run. Ce sentier offre un moyen facile de visiter l&rsquo;\u00eele pour ceux qui emportent leurs chaussures de course partout o\u00f9 ils vont.  <\/p>\n<p style=\"color: #000000;font-family: 'Helvetica Neue', Helvetica, Roboto, Arial, sans-serif;margin: 0px 0px 20px\">Pendant la visite, nous aurons la chance d&rsquo;en apprendre plus sur la nature et la culture de l&rsquo;\u00eele tout en courant. Notre guide coureur de sentiers \u00e9tablira le bon rythme pour que tout le monde se sente \u00e0 l&rsquo;aise pendant l&rsquo;aventure. En fonction du temps, nous aurons du temps pour nous d\u00e9tendre et \u00e9ventuellement nous baigner lorsque nous aurons termin\u00e9.  <\/p>\n<p style=\"color: #000000;font-family: 'Helvetica Neue', Helvetica, Roboto, Arial, sans-serif;margin: 0px 0px 20px\">Bien que le sentier des 10 volcans soit un excellent choix pour la course sur sentier \u00e0 Faial, nous comprenons qu&rsquo;il puisse \u00eatre trop difficile ou qu&rsquo;il ne corresponde tout simplement pas \u00e0 ce que tu recherches. Nos circuits sont priv\u00e9s, alors n&rsquo;h\u00e9site pas \u00e0 nous contacter si tu cherches un sentier plus court ou un itin\u00e9raire de course diff\u00e9rent. Nous serons heureux de concevoir une option de course sur sentier diff\u00e9rente. Regarde notre derni\u00e8re aventure avec Mirna Valerio et son \u00e9quipe, \u00ab\u00a0Mirnavator\u00a0\u00bb.   <\/p>\n","protected":false},"excerpt":{"rendered":"<p><span style=\"color: #000000;font-family: 'Helvetica Neue', Helvetica, Roboto, Arial, sans-serif\">La course sur sentier \u00e0 Faial est une fa\u00e7on amusante de d\u00e9couvrir l&rsquo;\u00eele. Le 10 Volcanoes Trail est sans doute le meilleur itin\u00e9raire de trail running de moyenne distance sur Faial et fait d&rsquo;ailleurs partie de la course Azores Trail Run. Ce sentier offre un moyen facile de visiter l&rsquo;\u00eele pour ceux qui emportent leurs chaussures de course partout o\u00f9 ils vont.    <\/span><\/p>\n<p>&nbsp;<\/p>\n","protected":false},"featured_media":22742,"comment_status":"open","ping_status":"closed","template":"","meta":{"_acf_changed":false},"product_brand":[],"product_cat":[19484,19487,19486,19500],"product_tag":[19488],"class_list":{"0":"post-22741","1":"product","2":"type-product","3":"status-publish","4":"has-post-thumbnail","6":"product_cat-activites","7":"product_cat-faial","8":"product_cat-toutes-les-iles","9":"product_cat-visites-guidees","10":"product_tag-faialisland","12":"first","13":"instock","14":"virtual","15":"sold-individually","16":"taxable","17":"purchasable","18":"product-type-phive_booking"},"acf":[],"_links":{"self":[{"href":"https:\/\/guidetotheazores.pt\/fr\/wp-json\/wp\/v2\/product\/22741","targetHints":{"allow":["GET"]}}],"collection":[{"href":"https:\/\/guidetotheazores.pt\/fr\/wp-json\/wp\/v2\/product"}],"about":[{"href":"https:\/\/guidetotheazores.pt\/fr\/wp-json\/wp\/v2\/types\/product"}],"replies":[{"embeddable":true,"href":"https:\/\/guidetotheazores.pt\/fr\/wp-json\/wp\/v2\/comments?post=22741"}],"wp:featuredmedia":[{"embeddable":true,"href":"https:\/\/guidetotheazores.pt\/fr\/wp-json\/wp\/v2\/media\/22742"}],"wp:attachment":[{"href":"https:\/\/guidetotheazores.pt\/fr\/wp-json\/wp\/v2\/media?parent=22741"}],"wp:term":[{"taxonomy":"product_brand","embeddable":true,"href":"https:\/\/guidetotheazores.pt\/fr\/wp-json\/wp\/v2\/product_brand?post=22741"},{"taxonomy":"product_cat","embeddable":true,"href":"https:\/\/guidetotheazores.pt\/fr\/wp-json\/wp\/v2\/product_cat?post=22741"},{"taxonomy":"product_tag","embeddable":true,"href":"https:\/\/guidetotheazores.pt\/fr\/wp-json\/wp\/v2\/product_tag?post=22741"}],"curies":[{"name":"wp","href":"https:\/\/api.w.org\/{rel}","templated":true}]}}