{"id":22758,"date":"2024-02-19T08:30:39","date_gmt":"2024-02-19T09:30:39","guid":{"rendered":"https:\/\/guidetotheazores.pt\/product\/casa-da-boa-vista-faial\/"},"modified":"2024-02-19T08:30:39","modified_gmt":"2024-02-19T09:30:39","slug":"casa-da-boa-vista-faial","status":"publish","type":"product","link":"https:\/\/guidetotheazores.pt\/fr\/produit\/casa-da-boa-vista-faial\/","title":{"rendered":"Casa da Boa Vista &#8211; Faial"},"content":{"rendered":"<p><span style=\"color: #1a1a1a; font-family: 'system-ui', -apple-system, 'Segoe UI', Roboto, Helvetica, Arial, sans-serif; font-size: 14px;\">Casas da Boa Vista est situ\u00e9 \u00e0 Horta, \u00e0 12 km de Caldeira et \u00e0 24 km de Capelinhos. Le WiFi gratuit est propos\u00e9 dans l&rsquo;ensemble de la propri\u00e9t\u00e9. Les logements sont dot\u00e9s d&rsquo;un coin salon. Certains logements comprennent une terrasse et\/ou un balcon avec vue sur la mer ou les montagnes. Il y a \u00e9galement une cuisine, \u00e9quip\u00e9e d&rsquo;un four, d&rsquo;un micro-ondes et d&rsquo;un grille-pain. Un r\u00e9frig\u00e9rateur et une cuisini\u00e8re sont \u00e9galement pr\u00e9sents, ainsi qu&rsquo;une machine \u00e0 caf\u00e9 et une bouilloire. Chaque unit\u00e9 dispose d&rsquo;une salle de bain priv\u00e9e avec une baignoire. Un parking priv\u00e9 gratuit est disponible \u00e0 la maison de vacances. La r\u00e9gion est populaire pour la plong\u00e9e. Les h\u00f4tes peuvent pratiquer diverses activit\u00e9s dans les environs, notamment le v\u00e9lo, la p\u00eache et la randonn\u00e9e. L&rsquo;a\u00e9roport le plus proche est celui de Horta, \u00e0 15,5 km de Casas da Boa Vista.          <\/span><\/p>\n","protected":false},"excerpt":{"rendered":"<p><span style=\"color: #1a1a1a; font-family: 'system-ui', -apple-system, 'Segoe UI', Roboto, Helvetica, Arial, sans-serif; font-size: 14px;\">Casas da Boa Vista est situ\u00e9 \u00e0 Horta, \u00e0 12 km de Caldeira et \u00e0 24 km de Capelinhos. Le WiFi gratuit est propos\u00e9 dans l&rsquo;ensemble de la propri\u00e9t\u00e9. Les logements sont dot\u00e9s d&rsquo;un coin salon. Certains logements comprennent une terrasse et\/ou un balcon avec vue sur la mer ou les montagnes. Il y a \u00e9galement une cuisine, \u00e9quip\u00e9e d&rsquo;un four, d&rsquo;un micro-ondes et d&rsquo;un grille-pain. Un r\u00e9frig\u00e9rateur et une cuisini\u00e8re sont \u00e9galement pr\u00e9sents, ainsi qu&rsquo;une machine \u00e0 caf\u00e9 et une bouilloire. Chaque unit\u00e9 dispose d&rsquo;une salle de bain priv\u00e9e avec une baignoire. Un parking priv\u00e9 gratuit est disponible \u00e0 la maison de vacances. La r\u00e9gion est populaire pour la plong\u00e9e. Les h\u00f4tes peuvent pratiquer diverses activit\u00e9s dans les environs, notamment le v\u00e9lo, la p\u00eache et la randonn\u00e9e. L&rsquo;a\u00e9roport le plus proche est celui de Horta, \u00e0 15,5 km de Casas da Boa Vista.          <\/span><\/p>\n","protected":false},"featured_media":22769,"comment_status":"open","ping_status":"closed","template":"","meta":{"_acf_changed":false},"product_brand":[],"product_cat":[19513,19487,19512,19486],"product_tag":[19488],"class_list":{"0":"post-22758","1":"product","2":"type-product","3":"status-publish","4":"has-post-thumbnail","6":"product_cat-alojamento-local","7":"product_cat-faial","8":"product_cat-hebergement","9":"product_cat-toutes-les-iles","10":"product_tag-faialisland","12":"first","13":"instock","14":"virtual","15":"sold-individually","16":"taxable","17":"purchasable","18":"product-type-phive_booking"},"acf":[],"_links":{"self":[{"href":"https:\/\/guidetotheazores.pt\/fr\/wp-json\/wp\/v2\/product\/22758","targetHints":{"allow":["GET"]}}],"collection":[{"href":"https:\/\/guidetotheazores.pt\/fr\/wp-json\/wp\/v2\/product"}],"about":[{"href":"https:\/\/guidetotheazores.pt\/fr\/wp-json\/wp\/v2\/types\/product"}],"replies":[{"embeddable":true,"href":"https:\/\/guidetotheazores.pt\/fr\/wp-json\/wp\/v2\/comments?post=22758"}],"wp:featuredmedia":[{"embeddable":true,"href":"https:\/\/guidetotheazores.pt\/fr\/wp-json\/wp\/v2\/media\/22769"}],"wp:attachment":[{"href":"https:\/\/guidetotheazores.pt\/fr\/wp-json\/wp\/v2\/media?parent=22758"}],"wp:term":[{"taxonomy":"product_brand","embeddable":true,"href":"https:\/\/guidetotheazores.pt\/fr\/wp-json\/wp\/v2\/product_brand?post=22758"},{"taxonomy":"product_cat","embeddable":true,"href":"https:\/\/guidetotheazores.pt\/fr\/wp-json\/wp\/v2\/product_cat?post=22758"},{"taxonomy":"product_tag","embeddable":true,"href":"https:\/\/guidetotheazores.pt\/fr\/wp-json\/wp\/v2\/product_tag?post=22758"}],"curies":[{"name":"wp","href":"https:\/\/api.w.org\/{rel}","templated":true}]}}