{"id":22779,"date":"2024-02-17T06:12:06","date_gmt":"2024-02-17T07:12:06","guid":{"rendered":"https:\/\/guidetotheazores.pt\/product\/journee-de-decouverte-de-faial-visite-privee\/"},"modified":"2024-02-17T06:12:06","modified_gmt":"2024-02-17T07:12:06","slug":"journee-de-decouverte-de-faial-visite-privee","status":"publish","type":"product","link":"https:\/\/guidetotheazores.pt\/fr\/produit\/journee-de-decouverte-de-faial-visite-privee\/","title":{"rendered":"Journ\u00e9e de d\u00e9couverte de Faial &#8211; Visite priv\u00e9e"},"content":{"rendered":"<p><span style=\"color: #000000;font-family: 'Helvetica Neue', Helvetica, Roboto, Arial, sans-serif;font-size: medium\">Notre excursion en voiture d&rsquo;une journ\u00e9e compl\u00e8te sur Faial nous fera faire le tour de l&rsquo;\u00eele d&rsquo;une mani\u00e8re amusante et engageante. Nous visiterons la Caldeira do Faial, le volcan Capelinhos, Faj\u00e3 da Praia do Norte, ainsi que quelques autres endroits. Notre itin\u00e9raire est toujours une surprise.    <\/span><\/p>\n<p><span style=\"color: #000000;font-family: 'Helvetica Neue', Helvetica, Roboto, Arial, sans-serif;font-size: medium\">Comme la visite est priv\u00e9e, nous avons la flexibilit\u00e9 d&rsquo;adapter chaque visite aux pr\u00e9f\u00e9rences de nos clients et aux conditions m\u00e9t\u00e9orologiques. Nos Guides adorent partager l&rsquo;histoire et la culture de notre \u00eele, ainsi que leurs connaissances sur les Azores en g\u00e9n\u00e9ral.   <\/span><\/p>\n<p><span style=\"color: #000000;font-family: 'Helvetica Neue', Helvetica, Roboto, Arial, sans-serif;font-size: medium\">Si cela t&rsquo;int\u00e9resse, nous sommes heureux de nous arr\u00eater pour une baignade dans l&rsquo;oc\u00e9an pendant l&rsquo;\u00e9t\u00e9 ou pour une petite randonn\u00e9e. Notre excursion en voiture sur Faial dure 8 heures et le d\u00e9jeuner est inclus. <\/span><\/p>\n","protected":false},"excerpt":{"rendered":"<p>Notre excursion en voiture d&rsquo;une journ\u00e9e compl\u00e8te sur Faial nous fera faire le tour de l&rsquo;\u00eele d&rsquo;une mani\u00e8re amusante et engageante. Nous visiterons la Caldeira do Faial, le volcan Capelinhos, Faj\u00e3 da Praia do Norte, ainsi que quelques autres endroits. Notre itin\u00e9raire est toujours une surprise.  <\/p>\n","protected":false},"featured_media":22781,"comment_status":"open","ping_status":"closed","template":"","meta":{"_acf_changed":false},"product_brand":[],"product_cat":[19484,19487,19486,19500],"product_tag":[19488],"class_list":{"0":"post-22779","1":"product","2":"type-product","3":"status-publish","4":"has-post-thumbnail","6":"product_cat-activites","7":"product_cat-faial","8":"product_cat-toutes-les-iles","9":"product_cat-visites-guidees","10":"product_tag-faialisland","12":"first","13":"instock","14":"virtual","15":"sold-individually","16":"taxable","17":"purchasable","18":"product-type-phive_booking"},"acf":[],"_links":{"self":[{"href":"https:\/\/guidetotheazores.pt\/fr\/wp-json\/wp\/v2\/product\/22779","targetHints":{"allow":["GET"]}}],"collection":[{"href":"https:\/\/guidetotheazores.pt\/fr\/wp-json\/wp\/v2\/product"}],"about":[{"href":"https:\/\/guidetotheazores.pt\/fr\/wp-json\/wp\/v2\/types\/product"}],"replies":[{"embeddable":true,"href":"https:\/\/guidetotheazores.pt\/fr\/wp-json\/wp\/v2\/comments?post=22779"}],"wp:featuredmedia":[{"embeddable":true,"href":"https:\/\/guidetotheazores.pt\/fr\/wp-json\/wp\/v2\/media\/22781"}],"wp:attachment":[{"href":"https:\/\/guidetotheazores.pt\/fr\/wp-json\/wp\/v2\/media?parent=22779"}],"wp:term":[{"taxonomy":"product_brand","embeddable":true,"href":"https:\/\/guidetotheazores.pt\/fr\/wp-json\/wp\/v2\/product_brand?post=22779"},{"taxonomy":"product_cat","embeddable":true,"href":"https:\/\/guidetotheazores.pt\/fr\/wp-json\/wp\/v2\/product_cat?post=22779"},{"taxonomy":"product_tag","embeddable":true,"href":"https:\/\/guidetotheazores.pt\/fr\/wp-json\/wp\/v2\/product_tag?post=22779"}],"curies":[{"name":"wp","href":"https:\/\/api.w.org\/{rel}","templated":true}]}}