{"id":22798,"date":"2024-02-17T06:02:28","date_gmt":"2024-02-17T07:02:28","guid":{"rendered":"https:\/\/guidetotheazores.pt\/product\/sete-cidades-mosteiros-et-ferraria\/"},"modified":"2024-02-17T06:02:28","modified_gmt":"2024-02-17T07:02:28","slug":"sete-cidades-mosteiros-et-ferraria","status":"publish","type":"product","link":"https:\/\/guidetotheazores.pt\/fr\/produit\/sete-cidades-mosteiros-et-ferraria\/","title":{"rendered":"Sete Cidades, Mosteiros et Ferraria"},"content":{"rendered":"<p>Nous sommes partis de Ponta Delgada en direction de Sete Cidades du c\u00f4t\u00e9 de Covoada avec l&rsquo;itin\u00e9raire suivant :<\/p>\n<p>&#8211; Point de vue du Pico do Carv\u00e3o ;<\/p>\n<p>&#8211; Lagoa do Can\u00e1rio ;<\/p>\n<p>&#8211; Point de vue Grota do Inferno<\/p>\n<p>&#8211; Point de vue sur le Cerrado das Freiras<\/p>\n<p>&#8211; Lagune de Santiago<\/p>\n<p>&#8211; Point de vue Vista do Rei.<\/p>\n<p>Nous descendrons ensuite vers la ville pittoresque de Sete Cidades, o\u00f9 nous nous prom\u00e8nerons le long des rives de la lagune verte et visiterons l&rsquo;\u00e9glise de S\u00e3o Nicolau. Ensuite, nous nous rendrons \u00e0 Mosteiros pour profiter de sa plage de sable noir et de ses quatre \u00eelots. Enfin, nous visiterons Ponta da Ferraria, o\u00f9 tu pourras faire un plongeon chaud dans la mer, selon la p\u00e9riode de l&rsquo;ann\u00e9e et la mar\u00e9e.  <\/p>\n<p><strong>Informations et conditions :<\/strong><\/p>\n<p>Demi-journ\u00e9e<\/p>\n<p>Minimum 2 personnes<\/p>\n<p>35 euros par adulte<\/p>\n<p>10 euros par enfant jusqu&rsquo;\u00e0 12 ans<\/p>\n<p>Dur\u00e9e 4 heures<\/p>\n<p>Prise en charge et retour depuis l&rsquo;h\u00e9bergement \u00e0 Ponta Delgada dans un rayon de 5 km inclus.<\/p>\n<p>Apporte ton maillot de bain et ta serviette.<\/p>\n<p><strong>Politique d&rsquo;annulation :<\/strong><\/p>\n<p>Annulation gratuite en raison des conditions m\u00e9t\u00e9orologiques (pluie) ;<\/p>\n<p>Annulation gratuite jusqu&rsquo;\u00e0 15 jours \u00e0 l&rsquo;avance, non remboursable apr\u00e8s ce d\u00e9lai.<\/p>\n<p>Cette visite est disponible en portugais et en anglais<\/p>\n","protected":false},"excerpt":{"rendered":"<p>Nous sommes partis de Ponta Delgada en direction de Sete Cidades du c\u00f4t\u00e9 de Covoada avec l&rsquo;itin\u00e9raire suivant :<\/p>\n<p>&#8211; Point de vue Pico do Carv\u00e3o, Lagoa do Can\u00e1rio, point de vue Grota do Inferno, point de vue Cerrado das Freiras, lagune de Santiago, point de vue Vista do Rei.<\/p>\n<p>Nous descendrons ensuite vers la ville pittoresque de Sete Cidades, o\u00f9 nous nous prom\u00e8nerons le long des rives de la lagune verte et visiterons l&rsquo;\u00e9glise de S\u00e3o Nicolau. Ensuite, nous nous rendrons \u00e0 Mosteiros pour profiter de sa plage de sable noir et de ses quatre \u00eelots. Enfin, nous visiterons Ponta da Ferraria, o\u00f9 tu pourras faire un plongeon chaud dans la mer, selon la p\u00e9riode de l&rsquo;ann\u00e9e et la mar\u00e9e.  <\/p>\n<p>Cette visite est disponible en portugais et en anglais.<\/p>\n","protected":false},"featured_media":22799,"comment_status":"open","ping_status":"closed","template":"","meta":{"_acf_changed":false},"product_brand":[],"product_cat":[19484,19527,19486,19500],"product_tag":[19528],"class_list":{"0":"post-22798","1":"product","2":"type-product","3":"status-publish","4":"has-post-thumbnail","6":"product_cat-activites","7":"product_cat-sao-miguel","8":"product_cat-toutes-les-iles","9":"product_cat-visites-guidees","10":"product_tag-saomiguelisland","12":"first","13":"instock","14":"virtual","15":"sold-individually","16":"taxable","17":"purchasable","18":"product-type-phive_booking"},"acf":[],"_links":{"self":[{"href":"https:\/\/guidetotheazores.pt\/fr\/wp-json\/wp\/v2\/product\/22798","targetHints":{"allow":["GET"]}}],"collection":[{"href":"https:\/\/guidetotheazores.pt\/fr\/wp-json\/wp\/v2\/product"}],"about":[{"href":"https:\/\/guidetotheazores.pt\/fr\/wp-json\/wp\/v2\/types\/product"}],"replies":[{"embeddable":true,"href":"https:\/\/guidetotheazores.pt\/fr\/wp-json\/wp\/v2\/comments?post=22798"}],"wp:featuredmedia":[{"embeddable":true,"href":"https:\/\/guidetotheazores.pt\/fr\/wp-json\/wp\/v2\/media\/22799"}],"wp:attachment":[{"href":"https:\/\/guidetotheazores.pt\/fr\/wp-json\/wp\/v2\/media?parent=22798"}],"wp:term":[{"taxonomy":"product_brand","embeddable":true,"href":"https:\/\/guidetotheazores.pt\/fr\/wp-json\/wp\/v2\/product_brand?post=22798"},{"taxonomy":"product_cat","embeddable":true,"href":"https:\/\/guidetotheazores.pt\/fr\/wp-json\/wp\/v2\/product_cat?post=22798"},{"taxonomy":"product_tag","embeddable":true,"href":"https:\/\/guidetotheazores.pt\/fr\/wp-json\/wp\/v2\/product_tag?post=22798"}],"curies":[{"name":"wp","href":"https:\/\/api.w.org\/{rel}","templated":true}]}}