{"id":22804,"date":"2024-02-16T16:35:40","date_gmt":"2024-02-16T17:35:40","guid":{"rendered":"https:\/\/guidetotheazores.pt\/product\/tour-lagoa-do-fogo-e-nordeste\/"},"modified":"2024-02-16T16:35:40","modified_gmt":"2024-02-16T17:35:40","slug":"tour-lagoa-do-fogo-e-nordeste","status":"publish","type":"product","link":"https:\/\/guidetotheazores.pt\/fr\/produit\/tour-lagoa-do-fogo-e-nordeste\/","title":{"rendered":"Tour Lagoa do Fogo e Nordeste"},"content":{"rendered":"<p>Nous quittons Ponta Delgada en direction de Lagoa do Fogo, nous descendons jusqu&rsquo;\u00e0 Caldeira Velha, puis nous nous rendons \u00e0 Salto do Cabrito. Nous descendons encore jusqu&rsquo;aux chaudi\u00e8res de Ribeira Grande. Sur le chemin de Nordeste, nous nous arr\u00eatons \u00e0 la fabrique de th\u00e9 Gorreana et dans la municipalit\u00e9 de Nordeste, nous visitons les lieux suivants :  <\/p>\n<p>&#8211; Parc Ribeira dos Caldeir\u00f5es<\/p>\n<p>&#8211; Village du Nordeste<\/p>\n<p>&#8211; Point de vue de Ponta do Sossego<\/p>\n<p>&#8211; Point de vue de Ponta da Madrugada<\/p>\n<p><strong>Informations et conditions<\/strong><\/p>\n<p>Journ\u00e9e enti\u00e8re<\/p>\n<p>Dur\u00e9e 8 heures<\/p>\n<p>Minimum 2 personnes<\/p>\n<p>65 euros par adulte<\/p>\n<p>20 euros par enfant jusqu&rsquo;\u00e0 12 ans<\/p>\n<p>Prise en charge et retour depuis l&rsquo;h\u00e9bergement \u00e0 Ponta Delgada dans un rayon de 5 km inclus.<\/p>\n<p>Le d\u00e9jeuner et les droits d&rsquo;entr\u00e9e au parc ne sont pas inclus.<\/p>\n<p>Apporte un maillot de bain et une serviette<\/p>\n<p><strong>Politique d&rsquo;annulation<\/strong><\/p>\n<p>Annulation gratuite en raison des conditions m\u00e9t\u00e9orologiques (pluie) ;<\/p>\n<p>Annulation gratuite jusqu&rsquo;\u00e0 15 jours \u00e0 l&rsquo;avance, non remboursable apr\u00e8s ce d\u00e9lai.<\/p>\n<p>Cette visite est disponible en portugais et en anglais<\/p>\n","protected":false},"excerpt":{"rendered":"<p>Nous quittons Ponta Delgada en direction de Lagoa do Fogo, nous descendons jusqu&rsquo;\u00e0 Caldeira Velha, puis nous nous rendons \u00e0 Salto do Cabrito. Nous descendons encore jusqu&rsquo;aux chaudi\u00e8res de Ribeira Grande. Sur le chemin de Nordeste, nous nous arr\u00eatons \u00e0 la fabrique de th\u00e9 Gorreana et dans la municipalit\u00e9 de Nordeste, nous visitons les lieux suivants :  <\/p>\n<p>&#8211; Parc Ribeira dos Caldeir\u00f5es<\/p>\n<p>&#8211; Village du Nordeste<\/p>\n<p>&#8211; Point de vue de Ponta do Sossego<\/p>\n<p>&#8211; Point de vue de Ponta da Madrugada<\/p>\n<p>Cette visite est disponible en portugais et en anglais<\/p>\n","protected":false},"featured_media":22805,"comment_status":"open","ping_status":"closed","template":"","meta":{"_acf_changed":false},"product_brand":[],"product_cat":[19484,19527,19486,19500],"product_tag":[19528],"class_list":{"0":"post-22804","1":"product","2":"type-product","3":"status-publish","4":"has-post-thumbnail","6":"product_cat-activites","7":"product_cat-sao-miguel","8":"product_cat-toutes-les-iles","9":"product_cat-visites-guidees","10":"product_tag-saomiguelisland","12":"first","13":"instock","14":"virtual","15":"sold-individually","16":"taxable","17":"purchasable","18":"product-type-phive_booking"},"acf":[],"_links":{"self":[{"href":"https:\/\/guidetotheazores.pt\/fr\/wp-json\/wp\/v2\/product\/22804","targetHints":{"allow":["GET"]}}],"collection":[{"href":"https:\/\/guidetotheazores.pt\/fr\/wp-json\/wp\/v2\/product"}],"about":[{"href":"https:\/\/guidetotheazores.pt\/fr\/wp-json\/wp\/v2\/types\/product"}],"replies":[{"embeddable":true,"href":"https:\/\/guidetotheazores.pt\/fr\/wp-json\/wp\/v2\/comments?post=22804"}],"wp:featuredmedia":[{"embeddable":true,"href":"https:\/\/guidetotheazores.pt\/fr\/wp-json\/wp\/v2\/media\/22805"}],"wp:attachment":[{"href":"https:\/\/guidetotheazores.pt\/fr\/wp-json\/wp\/v2\/media?parent=22804"}],"wp:term":[{"taxonomy":"product_brand","embeddable":true,"href":"https:\/\/guidetotheazores.pt\/fr\/wp-json\/wp\/v2\/product_brand?post=22804"},{"taxonomy":"product_cat","embeddable":true,"href":"https:\/\/guidetotheazores.pt\/fr\/wp-json\/wp\/v2\/product_cat?post=22804"},{"taxonomy":"product_tag","embeddable":true,"href":"https:\/\/guidetotheazores.pt\/fr\/wp-json\/wp\/v2\/product_tag?post=22804"}],"curies":[{"name":"wp","href":"https:\/\/api.w.org\/{rel}","templated":true}]}}