{"id":22814,"date":"2024-02-17T05:55:35","date_gmt":"2024-02-17T06:55:35","guid":{"rendered":"https:\/\/guidetotheazores.pt\/product\/lagoa-do-fogo-caldeira-velha-et-salto-do-cabrito\/"},"modified":"2024-02-17T05:55:35","modified_gmt":"2024-02-17T06:55:35","slug":"lagoa-do-fogo-caldeira-velha-et-salto-do-cabrito","status":"publish","type":"product","link":"https:\/\/guidetotheazores.pt\/fr\/produit\/lagoa-do-fogo-caldeira-velha-et-salto-do-cabrito\/","title":{"rendered":"Lagoa do Fogo, Caldeira Velha et Salto do Cabrito"},"content":{"rendered":"<p>Nous partons de Ponta Delgada en direction de Lagoa do Fogo o\u00f9 nous visiterons les diff\u00e9rents points de vue qui nous donnent divers angles de cette lagune ; puis nous descendons jusqu&rsquo;au complexe de Caldeira Velha o\u00f9 tu pourras te baigner dans les eaux chaudes entour\u00e9es de la for\u00eat de Laurissilva. Apr\u00e8s cette d\u00e9tente, nous descendrons encore plus bas jusqu&rsquo;\u00e0 la cascade de Salto do Cabrito, o\u00f9 se termine notre excursion. <\/p>\n<p><strong>Informations et conditions<\/strong><\/p>\n<p>Demi-journ\u00e9e<\/p>\n<p>Minimum 2 personnes<\/p>\n<p>35 euros par adulte<\/p>\n<p>10 euros par enfant jusqu&rsquo;\u00e0 12 ans<\/p>\n<p>Dur\u00e9e 4 heures<\/p>\n<p>Prise en charge et retour depuis l&rsquo;h\u00e9bergement \u00e0 Ponta Delgada dans un rayon de 5 km inclus.<\/p>\n<p>Apporte ton maillot de bain et ta serviette.<\/p>\n<p><strong>Politique d&rsquo;annulation<\/strong><\/p>\n<p>Annulation gratuite en raison des conditions m\u00e9t\u00e9orologiques (pluie) ;<\/p>\n<p>Annulation gratuite jusqu&rsquo;\u00e0 15 jours \u00e0 l&rsquo;avance, non remboursable apr\u00e8s ce d\u00e9lai.<\/p>\n<p>Cette visite est disponible en portugais et en anglais<\/p>\n","protected":false},"excerpt":{"rendered":"<p>Nous partons de Ponta Delgada en direction de Lagoa do Fogo o\u00f9 nous visiterons les diff\u00e9rents points de vue qui nous donnent divers angles de cette lagune ; puis nous descendons jusqu&rsquo;au complexe de Caldeira Velha o\u00f9 tu pourras te baigner dans les eaux chaudes entour\u00e9es de la for\u00eat de Laurissilva. Apr\u00e8s cette d\u00e9tente, nous descendrons encore plus bas jusqu&rsquo;\u00e0 la cascade de Salto do Cabrito, o\u00f9 se termine notre excursion. <\/p>\n<p>Cette visite est disponible en portugais et en anglais<\/p>\n","protected":false},"featured_media":22815,"comment_status":"open","ping_status":"closed","template":"","meta":{"_acf_changed":false},"product_brand":[],"product_cat":[19484,19527,19486,19500],"product_tag":[19528],"class_list":{"0":"post-22814","1":"product","2":"type-product","3":"status-publish","4":"has-post-thumbnail","6":"product_cat-activites","7":"product_cat-sao-miguel","8":"product_cat-toutes-les-iles","9":"product_cat-visites-guidees","10":"product_tag-saomiguelisland","12":"first","13":"instock","14":"virtual","15":"sold-individually","16":"taxable","17":"purchasable","18":"product-type-phive_booking"},"acf":[],"_links":{"self":[{"href":"https:\/\/guidetotheazores.pt\/fr\/wp-json\/wp\/v2\/product\/22814","targetHints":{"allow":["GET"]}}],"collection":[{"href":"https:\/\/guidetotheazores.pt\/fr\/wp-json\/wp\/v2\/product"}],"about":[{"href":"https:\/\/guidetotheazores.pt\/fr\/wp-json\/wp\/v2\/types\/product"}],"replies":[{"embeddable":true,"href":"https:\/\/guidetotheazores.pt\/fr\/wp-json\/wp\/v2\/comments?post=22814"}],"wp:featuredmedia":[{"embeddable":true,"href":"https:\/\/guidetotheazores.pt\/fr\/wp-json\/wp\/v2\/media\/22815"}],"wp:attachment":[{"href":"https:\/\/guidetotheazores.pt\/fr\/wp-json\/wp\/v2\/media?parent=22814"}],"wp:term":[{"taxonomy":"product_brand","embeddable":true,"href":"https:\/\/guidetotheazores.pt\/fr\/wp-json\/wp\/v2\/product_brand?post=22814"},{"taxonomy":"product_cat","embeddable":true,"href":"https:\/\/guidetotheazores.pt\/fr\/wp-json\/wp\/v2\/product_cat?post=22814"},{"taxonomy":"product_tag","embeddable":true,"href":"https:\/\/guidetotheazores.pt\/fr\/wp-json\/wp\/v2\/product_tag?post=22814"}],"curies":[{"name":"wp","href":"https:\/\/api.w.org\/{rel}","templated":true}]}}