{"id":22824,"date":"2024-02-15T11:42:21","date_gmt":"2024-02-15T12:42:21","guid":{"rendered":"https:\/\/guidetotheazores.pt\/product\/maison-de-la-mer-flores\/"},"modified":"2024-02-15T11:42:21","modified_gmt":"2024-02-15T12:42:21","slug":"maison-de-la-mer-flores","status":"publish","type":"product","link":"https:\/\/guidetotheazores.pt\/fr\/produit\/maison-de-la-mer-flores\/","title":{"rendered":"Maison de la mer &#8211; Flores"},"content":{"rendered":"<p>La \u00ab\u00a0Casa do Mar\u00a0\u00bb est une maison en pierre avec une vue panoramique sur l&rsquo;oc\u00e9an et le coucher de soleil, avec un acc\u00e8s direct \u00e0 la mer.<\/p>\n<p>Il comprend une chambre avec vue sur la mer, un salon avec un lit simple et une t\u00e9l\u00e9vision, une salle de bains et une cuisine \u00e9quip\u00e9e (lave-vaisselle et ustensiles m\u00e9nagers). Les draps et les serviettes sont fournis. <\/p>\n<p>Nous te demandons de payer 25 euros par personne lors de l&rsquo;enregistrement pour les taxes et les frais non inclus.<\/p>\n<p>La maison est neuve et agr\u00e9ablement d\u00e9cor\u00e9e<\/p>\n","protected":false},"excerpt":{"rendered":"<p>La \u00ab\u00a0Casa do Mar\u00a0\u00bb est une maison en pierre avec une vue panoramique sur l&rsquo;oc\u00e9an et le coucher de soleil, avec un acc\u00e8s direct \u00e0 la mer.<\/p>\n<p>Il comprend une chambre avec vue sur la mer, un salon avec un lit simple et une t\u00e9l\u00e9vision, une salle de bains et une cuisine \u00e9quip\u00e9e (lave-vaisselle et ustensiles m\u00e9nagers). Les draps et les serviettes sont fournis. <\/p>\n<p>Nous te demandons de payer 25 euros par personne lors de l&rsquo;enregistrement pour les taxes et les frais non inclus.<\/p>\n<p>La maison est neuve et agr\u00e9ablement d\u00e9cor\u00e9e<\/p>\n","protected":false},"featured_media":22834,"comment_status":"open","ping_status":"closed","template":"","meta":{"_acf_changed":false},"product_brand":[],"product_cat":[19513,19523,19512,19486],"product_tag":[19524],"class_list":{"0":"post-22824","1":"product","2":"type-product","3":"status-publish","4":"has-post-thumbnail","6":"product_cat-alojamento-local","7":"product_cat-flores","8":"product_cat-hebergement","9":"product_cat-toutes-les-iles","10":"product_tag-ile-aux-fleurs","12":"first","13":"instock","14":"virtual","15":"sold-individually","16":"taxable","17":"purchasable","18":"product-type-phive_booking"},"acf":[],"_links":{"self":[{"href":"https:\/\/guidetotheazores.pt\/fr\/wp-json\/wp\/v2\/product\/22824","targetHints":{"allow":["GET"]}}],"collection":[{"href":"https:\/\/guidetotheazores.pt\/fr\/wp-json\/wp\/v2\/product"}],"about":[{"href":"https:\/\/guidetotheazores.pt\/fr\/wp-json\/wp\/v2\/types\/product"}],"replies":[{"embeddable":true,"href":"https:\/\/guidetotheazores.pt\/fr\/wp-json\/wp\/v2\/comments?post=22824"}],"wp:featuredmedia":[{"embeddable":true,"href":"https:\/\/guidetotheazores.pt\/fr\/wp-json\/wp\/v2\/media\/22834"}],"wp:attachment":[{"href":"https:\/\/guidetotheazores.pt\/fr\/wp-json\/wp\/v2\/media?parent=22824"}],"wp:term":[{"taxonomy":"product_brand","embeddable":true,"href":"https:\/\/guidetotheazores.pt\/fr\/wp-json\/wp\/v2\/product_brand?post=22824"},{"taxonomy":"product_cat","embeddable":true,"href":"https:\/\/guidetotheazores.pt\/fr\/wp-json\/wp\/v2\/product_cat?post=22824"},{"taxonomy":"product_tag","embeddable":true,"href":"https:\/\/guidetotheazores.pt\/fr\/wp-json\/wp\/v2\/product_tag?post=22824"}],"curies":[{"name":"wp","href":"https:\/\/api.w.org\/{rel}","templated":true}]}}