{"id":22829,"date":"2024-02-16T16:49:20","date_gmt":"2024-02-16T17:49:20","guid":{"rendered":"https:\/\/guidetotheazores.pt\/product\/furnas-plantation-de-the-et-vila-franca-do-campo\/"},"modified":"2024-02-16T16:49:20","modified_gmt":"2024-02-16T17:49:20","slug":"furnas-plantation-de-the-et-vila-franca-do-campo","status":"publish","type":"product","link":"https:\/\/guidetotheazores.pt\/fr\/produit\/furnas-plantation-de-the-et-vila-franca-do-campo\/","title":{"rendered":"Furnas, plantation de th\u00e9 et Vila Franca do Campo"},"content":{"rendered":"<p>Nous sommes partis de Ponta Delgada en direction de Furnas, le long de la c\u00f4te nord, et nous nous sommes arr\u00eat\u00e9s en chemin \u00e0 la fabrique de th\u00e9 de Gorreana. Une fois \u00e0 Furnas, nous avons pr\u00e9vu l&rsquo;itin\u00e9raire suivant : <\/p>\n<p>&#8211; Point de vue du Pico do Ferro<\/p>\n<p>&#8211; La lagune de Furnas et ses chaudi\u00e8res<\/p>\n<p>&#8211; Parc Terra Nostra ou Po\u00e7a da D. Beija<\/p>\n<p>Sur le chemin du retour \u00e0 Ponta Delgada, nous longeons le c\u00f4t\u00e9 sud de l&rsquo;\u00eele et faisons les arr\u00eats suivants :<\/p>\n<p>&#8211; Lagoa do Congro<\/p>\n<p>&#8211; Point de vue Castelo Branco<\/p>\n<p>&#8211; Point de vue Senhora da Paz<\/p>\n<p>&#8211; Vila Franca do Campo Queijada Factory<\/p>\n<p><strong>Informations et conditions<\/strong><\/p>\n<p>Journ\u00e9e enti\u00e8re<\/p>\n<p>Dur\u00e9e 8 heures<\/p>\n<p>Minimum 2 personnes<\/p>\n<p>65 euros par adulte<\/p>\n<p>20 euros par enfant jusqu&rsquo;\u00e0 12 ans<\/p>\n<p>Prise en charge et retour depuis l&rsquo;h\u00e9bergement \u00e0 Ponta Delgada dans un rayon de 5 km inclus.<\/p>\n<p>D\u00e9jeuner et droits d&rsquo;entr\u00e9e dans les parcs et le lagon non inclus.<\/p>\n<p>Apporte un maillot de bain et une serviette<\/p>\n<p><strong>Politique d&rsquo;annulation<\/strong><\/p>\n<p>Annulation gratuite en raison des conditions m\u00e9t\u00e9orologiques (pluie) ;<\/p>\n<p>Annulation gratuite jusqu&rsquo;\u00e0 15 jours \u00e0 l&rsquo;avance, non remboursable apr\u00e8s ce d\u00e9lai.<\/p>\n<p>Cette visite est disponible en portugais et en anglais<\/p>\n","protected":false},"excerpt":{"rendered":"<p>Nous sommes partis de Ponta Delgada en direction de Furnas, le long de la c\u00f4te nord, et en chemin nous nous sommes arr\u00eat\u00e9s \u00e0 la fabrique de th\u00e9 Gorreana. Une fois \u00e0 Furnas, nous avons pr\u00e9vu l&rsquo;itin\u00e9raire suivant : <\/p>\n<p>&#8211; Point de vue du Pico do Ferro<\/p>\n<p>&#8211; La lagune de Furnas et ses chaudi\u00e8res<\/p>\n<p>&#8211; Parc Terra Nostra ou Po\u00e7a da D. Beija<\/p>\n<p>Sur le chemin du retour \u00e0 Ponta Delgada, nous longeons le c\u00f4t\u00e9 sud de l&rsquo;\u00eele et faisons les arr\u00eats suivants :<\/p>\n<p>&#8211; Lagoa do Congro<\/p>\n<p>&#8211; Point de vue Castelo Branco<\/p>\n<p>&#8211; Point de vue Senhora da Paz<\/p>\n<p>&#8211; Vila Franca do Campo Queijada Factory<\/p>\n<p>Cette visite est disponible en portugais et en anglais<\/p>\n","protected":false},"featured_media":22830,"comment_status":"open","ping_status":"closed","template":"","meta":{"_acf_changed":false},"product_brand":[],"product_cat":[19484,19527,19486,19500],"product_tag":[19528],"class_list":{"0":"post-22829","1":"product","2":"type-product","3":"status-publish","4":"has-post-thumbnail","6":"product_cat-activites","7":"product_cat-sao-miguel","8":"product_cat-toutes-les-iles","9":"product_cat-visites-guidees","10":"product_tag-saomiguelisland","12":"first","13":"instock","14":"virtual","15":"sold-individually","16":"taxable","17":"purchasable","18":"product-type-phive_booking"},"acf":[],"_links":{"self":[{"href":"https:\/\/guidetotheazores.pt\/fr\/wp-json\/wp\/v2\/product\/22829","targetHints":{"allow":["GET"]}}],"collection":[{"href":"https:\/\/guidetotheazores.pt\/fr\/wp-json\/wp\/v2\/product"}],"about":[{"href":"https:\/\/guidetotheazores.pt\/fr\/wp-json\/wp\/v2\/types\/product"}],"replies":[{"embeddable":true,"href":"https:\/\/guidetotheazores.pt\/fr\/wp-json\/wp\/v2\/comments?post=22829"}],"wp:featuredmedia":[{"embeddable":true,"href":"https:\/\/guidetotheazores.pt\/fr\/wp-json\/wp\/v2\/media\/22830"}],"wp:attachment":[{"href":"https:\/\/guidetotheazores.pt\/fr\/wp-json\/wp\/v2\/media?parent=22829"}],"wp:term":[{"taxonomy":"product_brand","embeddable":true,"href":"https:\/\/guidetotheazores.pt\/fr\/wp-json\/wp\/v2\/product_brand?post=22829"},{"taxonomy":"product_cat","embeddable":true,"href":"https:\/\/guidetotheazores.pt\/fr\/wp-json\/wp\/v2\/product_cat?post=22829"},{"taxonomy":"product_tag","embeddable":true,"href":"https:\/\/guidetotheazores.pt\/fr\/wp-json\/wp\/v2\/product_tag?post=22829"}],"curies":[{"name":"wp","href":"https:\/\/api.w.org\/{rel}","templated":true}]}}