{"id":22866,"date":"2024-02-12T17:38:15","date_gmt":"2024-02-12T18:38:15","guid":{"rendered":"https:\/\/guidetotheazores.pt\/product\/observation-des-baleines-et-excursion-en-bateau-sur-lile\/"},"modified":"2024-02-12T17:38:15","modified_gmt":"2024-02-12T18:38:15","slug":"observation-des-baleines-et-excursion-en-bateau-sur-lile","status":"publish","type":"product","link":"https:\/\/guidetotheazores.pt\/fr\/produit\/observation-des-baleines-et-excursion-en-bateau-sur-lile\/","title":{"rendered":"Observation des baleines et excursion en bateau sur l&rsquo;\u00eele"},"content":{"rendered":"<p style=\"color: #000000;font-family: 'Helvetica Neue', Helvetica, Roboto, Arial, sans-serif;margin: 0px 0px 20px\">Retrouve-nous \u00e0 la Marina de Vila Franca do Campo pour l&rsquo;enregistrement \u00e0 l&rsquo;heure indiqu\u00e9e.<\/p>\n<p style=\"color: #000000;font-family: 'Helvetica Neue', Helvetica, Roboto, Arial, sans-serif;margin: 0px 0px 20px\">Le voyage commence par un bref briefing pr\u00e9sentant les esp\u00e8ces locales de c\u00e9tac\u00e9s (baleines et dauphins), leurs sch\u00e9mas migratoires et comportementaux, ainsi que la s\u00e9curit\u00e9 \u00e0 bord.<\/p>\n<p style=\"color: #000000;font-family: 'Helvetica Neue', Helvetica, Roboto, Arial, sans-serif;margin: 0px 0px 20px\">Suis le guide et le skipper jusqu&rsquo;au bateau qui t&rsquo;a \u00e9t\u00e9 d\u00e9sign\u00e9 et sors en mer. Les tours de guet situ\u00e9es \u00e0 l&rsquo;int\u00e9rieur des terres aident \u00e0 localiser nos amis et fournissent des indications par radio VHF sur l&rsquo;endroit o\u00f9 le bateau se d\u00e9placera, d&rsquo;abord \u00e0 grande vitesse. En s&rsquo;approchant prudemment de nos amis, ton guide te tiendra inform\u00e9, recueillera des images et des donn\u00e9es sur le terrain pour la recherche locale, et sera toujours disponible pour r\u00e9pondre \u00e0 toute question sp\u00e9cifique &#8211; n&rsquo;h\u00e9site pas \u00e0 la poser.  <\/p>\n<p style=\"color: #000000;font-family: 'Helvetica Neue', Helvetica, Roboto, Arial, sans-serif;margin: 0px 0px 20px\">La faune marine peut \u00eatre observ\u00e9e tout au long de l&rsquo;ann\u00e9e. Il est possible d&rsquo;observer plus de 25 esp\u00e8ces de c\u00e9tac\u00e9s, les cachalots sont r\u00e9sidents aux c\u00f4t\u00e9s de 3 esp\u00e8ces de dauphins, et d&rsquo;une biodiversit\u00e9 marine abondante. <\/p>\n<p style=\"color: #000000;font-family: 'Helvetica Neue', Helvetica, Roboto, Arial, sans-serif;margin: 0px 0px 20px\">De retour \u00e0 la marina, le bateau fera le tour de l&rsquo;\u00eelot Princess Ring de Vila Franca do Campo, pour observer de pr\u00e8s la merveille volcanique et la faune qui y r\u00e9side.<\/p>\n<p style=\"color: #000000;font-family: 'Helvetica Neue', Helvetica, Roboto, Arial, sans-serif;margin: 0px 0px 20px\">\u00c0 savoir avant de partir :<br \/>\n\u25cf Mangez l\u00e9ger, apportez votre r\u00e9serve d&rsquo;eau personnelle, de la cr\u00e8me solaire, du rouge \u00e0 l\u00e8vres, des lunettes de soleil et des v\u00eatements chauds. La nourriture l\u00e9g\u00e8re est autoris\u00e9e, et un appareil photo est indispensable &#8211; prot\u00e8ge tout \u00e9quipement personnel.<br \/>\n\u25cf PAS POUR les personnes enceintes, ayant le dos fragile, en fauteuil roulant, en \u00e9tat de sant\u00e9 d\u00e9licat, ou \u00e2g\u00e9es de moins de 4 ans.<\/p>\n<p style=\"color: #000000;font-family: 'Helvetica Neue', Helvetica, Roboto, Arial, sans-serif;margin: 0px 0px 20px\">Inclusions<br \/>\n\u25cf Guide bien inform\u00e9 sur la faune<br \/>\n\u25cf Skipper exp\u00e9riment\u00e9<br \/>\n\u25cf Bateau Zodiac RIB (12 ou 28 pax)<br \/>\n\u25cf Combinaison int\u00e9grale imperm\u00e9able et gilet de sauvetage<br \/>\n\u25cf Assurance.<\/p>\n<p style=\"color: #000000;font-family: 'Helvetica Neue', Helvetica, Roboto, Arial, sans-serif;margin: 0px 0px 20px\">Exclusions<br \/>\n\u25cf Prise en charge et d\u00e9p\u00f4t \u00e0 l&rsquo;h\u00f4tel<br \/>\n\u25cf Fourniture d&rsquo;eau personnelle.<\/p>\n","protected":false},"excerpt":{"rendered":"<p>Rendez-vous \u00e0 la Marina de Vila Franca do Campo pour l&rsquo;enregistrement \u00e0 l&rsquo;heure indiqu\u00e9e<br \/>\nLe voyage commence par un court briefing pr\u00e9sentant les esp\u00e8ces locales de c\u00e9tac\u00e9s (baleines et dauphins), leur migration et leur comportement, ainsi que la s\u00e9curit\u00e9 \u00e0 bord<br \/>\nSuivez le guide et le skipper jusqu&rsquo;au bateau qui vous a \u00e9t\u00e9 d\u00e9sign\u00e9, et partez en mer. Les tours de guet situ\u00e9es \u00e0 l&rsquo;int\u00e9rieur des terres aident \u00e0 localiser nos amis et donnent des indications par radio VHF sur l&rsquo;endroit o\u00f9 le bateau se d\u00e9placera, d&rsquo;abord \u00e0 grande vitesse. S&rsquo;approchant prudemment de nos amis, ton guide te tiendra inform\u00e9, recueillera des images et des donn\u00e9es sur le terrain pour la recherche locale, et sera toujours disponible pour r\u00e9pondre \u00e0 des questions sp\u00e9cifiques &#8211; n&rsquo;h\u00e9site pas \u00e0 demander<br \/>\nLa faune marine peut \u00eatre observ\u00e9e tout au long de l&rsquo;ann\u00e9e. Il est possible d&rsquo;observer plus de 25 esp\u00e8ces de c\u00e9tac\u00e9s, les cachalots sont r\u00e9sidents aux c\u00f4t\u00e9s de 3 esp\u00e8ces de dauphins, et d&rsquo;une biodiversit\u00e9 marine abondante.   <\/p>\n","protected":false},"featured_media":22867,"comment_status":"open","ping_status":"closed","template":"","meta":{"_acf_changed":false},"product_brand":[],"product_cat":[19484,19496,19527,19486],"product_tag":[19528],"class_list":{"0":"post-22866","1":"product","2":"type-product","3":"status-publish","4":"has-post-thumbnail","6":"product_cat-activites","7":"product_cat-observation-des-baleines","8":"product_cat-sao-miguel","9":"product_cat-toutes-les-iles","10":"product_tag-saomiguelisland","12":"first","13":"instock","14":"virtual","15":"sold-individually","16":"taxable","17":"purchasable","18":"product-type-phive_booking"},"acf":[],"_links":{"self":[{"href":"https:\/\/guidetotheazores.pt\/fr\/wp-json\/wp\/v2\/product\/22866","targetHints":{"allow":["GET"]}}],"collection":[{"href":"https:\/\/guidetotheazores.pt\/fr\/wp-json\/wp\/v2\/product"}],"about":[{"href":"https:\/\/guidetotheazores.pt\/fr\/wp-json\/wp\/v2\/types\/product"}],"replies":[{"embeddable":true,"href":"https:\/\/guidetotheazores.pt\/fr\/wp-json\/wp\/v2\/comments?post=22866"}],"wp:featuredmedia":[{"embeddable":true,"href":"https:\/\/guidetotheazores.pt\/fr\/wp-json\/wp\/v2\/media\/22867"}],"wp:attachment":[{"href":"https:\/\/guidetotheazores.pt\/fr\/wp-json\/wp\/v2\/media?parent=22866"}],"wp:term":[{"taxonomy":"product_brand","embeddable":true,"href":"https:\/\/guidetotheazores.pt\/fr\/wp-json\/wp\/v2\/product_brand?post=22866"},{"taxonomy":"product_cat","embeddable":true,"href":"https:\/\/guidetotheazores.pt\/fr\/wp-json\/wp\/v2\/product_cat?post=22866"},{"taxonomy":"product_tag","embeddable":true,"href":"https:\/\/guidetotheazores.pt\/fr\/wp-json\/wp\/v2\/product_tag?post=22866"}],"curies":[{"name":"wp","href":"https:\/\/api.w.org\/{rel}","templated":true}]}}