{"id":22873,"date":"2024-02-11T06:32:46","date_gmt":"2024-02-11T07:32:46","guid":{"rendered":"https:\/\/guidetotheazores.pt\/product\/escalade-de-la-montagne-pico-point-culminant-du-portugal-2351-metres\/"},"modified":"2024-02-11T06:32:46","modified_gmt":"2024-02-11T07:32:46","slug":"escalade-de-la-montagne-pico-point-culminant-du-portugal-2351-metres","status":"publish","type":"product","link":"https:\/\/guidetotheazores.pt\/fr\/produit\/escalade-de-la-montagne-pico-point-culminant-du-portugal-2351-metres\/","title":{"rendered":"Escalade de la montagne Pico : Point culminant du Portugal &#8211; 2351 m\u00e8tres"},"content":{"rendered":"<p><span style=\"color: #57646f; font-family: -apple-system, 'system-ui', Roboto, 'Helvetica Neue', sans-serif; font-size: 14px;\">C&rsquo;est l&rsquo;aventure la plus embl\u00e9matique et la plus m\u00e9morable des A\u00e7ores, parfaite pour ceux qui sont en bonne condition physique, m\u00eame sans exp\u00e9rience de l&rsquo;alpinisme. Un d\u00e9fi \u00e0 la juste mesure, dont tu te souviendras certainement toute ta vie. Viens avec nous pour profiter au maximum de chaque instant avec la s\u00e9curit\u00e9 et la motivation que seul un guide exp\u00e9riment\u00e9 peut t&rsquo;apporter. Pendant l&rsquo;aventure, tu en apprendras plus sur les volcans et la biodiversit\u00e9 des Azores, gr\u00e2ce aux guides professionnels qui t&rsquo;accompagnent.   <\/span><\/p>\n","protected":false},"excerpt":{"rendered":"<p>Randonn\u00e9e d&rsquo;une journ\u00e9e jusqu&rsquo;au sommet du mont Pico (2351 m), le plus haut sommet du Portugal !<\/p>\n","protected":false},"featured_media":22876,"comment_status":"open","ping_status":"closed","template":"","meta":{"_acf_changed":false},"product_brand":[],"product_cat":[19484,19531,19515,19486],"product_tag":[19516],"class_list":{"0":"post-22873","1":"product","2":"type-product","3":"status-publish","4":"has-post-thumbnail","6":"product_cat-activites","7":"product_cat-hiking","8":"product_cat-pico","9":"product_cat-toutes-les-iles","10":"product_tag-picoisland","12":"first","13":"instock","14":"virtual","15":"sold-individually","16":"taxable","17":"purchasable","18":"product-type-phive_booking"},"acf":[],"_links":{"self":[{"href":"https:\/\/guidetotheazores.pt\/fr\/wp-json\/wp\/v2\/product\/22873","targetHints":{"allow":["GET"]}}],"collection":[{"href":"https:\/\/guidetotheazores.pt\/fr\/wp-json\/wp\/v2\/product"}],"about":[{"href":"https:\/\/guidetotheazores.pt\/fr\/wp-json\/wp\/v2\/types\/product"}],"replies":[{"embeddable":true,"href":"https:\/\/guidetotheazores.pt\/fr\/wp-json\/wp\/v2\/comments?post=22873"}],"wp:featuredmedia":[{"embeddable":true,"href":"https:\/\/guidetotheazores.pt\/fr\/wp-json\/wp\/v2\/media\/22876"}],"wp:attachment":[{"href":"https:\/\/guidetotheazores.pt\/fr\/wp-json\/wp\/v2\/media?parent=22873"}],"wp:term":[{"taxonomy":"product_brand","embeddable":true,"href":"https:\/\/guidetotheazores.pt\/fr\/wp-json\/wp\/v2\/product_brand?post=22873"},{"taxonomy":"product_cat","embeddable":true,"href":"https:\/\/guidetotheazores.pt\/fr\/wp-json\/wp\/v2\/product_cat?post=22873"},{"taxonomy":"product_tag","embeddable":true,"href":"https:\/\/guidetotheazores.pt\/fr\/wp-json\/wp\/v2\/product_tag?post=22873"}],"curies":[{"name":"wp","href":"https:\/\/api.w.org\/{rel}","templated":true}]}}