{"id":22902,"date":"2024-02-10T10:10:04","date_gmt":"2024-02-10T11:10:04","guid":{"rendered":"https:\/\/guidetotheazores.pt\/product\/excursion-en-jeep-dans-les-lagons-secrets-et-les-grottes-de-lave\/"},"modified":"2024-02-10T10:10:04","modified_gmt":"2024-02-10T11:10:04","slug":"excursion-en-jeep-dans-les-lagons-secrets-et-les-grottes-de-lave","status":"publish","type":"product","link":"https:\/\/guidetotheazores.pt\/fr\/produit\/excursion-en-jeep-dans-les-lagons-secrets-et-les-grottes-de-lave\/","title":{"rendered":"Excursion en jeep dans les lagons secrets et les grottes de lave"},"content":{"rendered":"<p>Tu auras la chance de d\u00e9couvrir l&rsquo;\u00eele de Pico dans toute sa splendeur naturelle et pr\u00e9serv\u00e9e, \u00e0 bord d&rsquo;un v\u00e9hicule tout-terrain. Plonge dans les crat\u00e8res des volcans et les lagunes du plateau d&rsquo;Achada et explore le plus grand tube de lave du Portugal et d&rsquo;autres cavit\u00e9s volcaniques. Viens d\u00e9couvrir les merveilles de l&rsquo;\u00eele, laisse-toi enchanter par sa nature et profite de l&rsquo;occasion pour t&rsquo;impr\u00e9gner de l&rsquo;authenticit\u00e9 de la cuisine picarde.  <\/p>\n","protected":false},"excerpt":{"rendered":"<p>Tu auras la chance de d\u00e9couvrir l&rsquo;\u00eele de Pico dans toute sa splendeur naturelle et pr\u00e9serv\u00e9e, \u00e0 bord d&rsquo;un v\u00e9hicule tout-terrain. Plonge dans les crat\u00e8res des volcans et les lagunes du plateau d&rsquo;Achada et explore le plus grand tube de lave du Portugal et d&rsquo;autres cavit\u00e9s volcaniques. Viens d\u00e9couvrir les merveilles de l&rsquo;\u00eele, laisse-toi enchanter par sa nature et profite de l&rsquo;occasion pour t&rsquo;impr\u00e9gner de l&rsquo;authenticit\u00e9 de la cuisine picarde.  <\/p>\n","protected":false},"featured_media":22904,"comment_status":"open","ping_status":"closed","template":"","meta":{"_acf_changed":false},"product_brand":[],"product_cat":[19484,19525,19515,19486],"product_tag":[19516],"class_list":{"0":"post-22902","1":"product","2":"type-product","3":"status-publish","4":"has-post-thumbnail","6":"product_cat-activites","7":"product_cat-geotourisme","8":"product_cat-pico","9":"product_cat-toutes-les-iles","10":"product_tag-picoisland","12":"first","13":"instock","14":"virtual","15":"sold-individually","16":"taxable","17":"purchasable","18":"product-type-phive_booking"},"acf":[],"_links":{"self":[{"href":"https:\/\/guidetotheazores.pt\/fr\/wp-json\/wp\/v2\/product\/22902","targetHints":{"allow":["GET"]}}],"collection":[{"href":"https:\/\/guidetotheazores.pt\/fr\/wp-json\/wp\/v2\/product"}],"about":[{"href":"https:\/\/guidetotheazores.pt\/fr\/wp-json\/wp\/v2\/types\/product"}],"replies":[{"embeddable":true,"href":"https:\/\/guidetotheazores.pt\/fr\/wp-json\/wp\/v2\/comments?post=22902"}],"wp:featuredmedia":[{"embeddable":true,"href":"https:\/\/guidetotheazores.pt\/fr\/wp-json\/wp\/v2\/media\/22904"}],"wp:attachment":[{"href":"https:\/\/guidetotheazores.pt\/fr\/wp-json\/wp\/v2\/media?parent=22902"}],"wp:term":[{"taxonomy":"product_brand","embeddable":true,"href":"https:\/\/guidetotheazores.pt\/fr\/wp-json\/wp\/v2\/product_brand?post=22902"},{"taxonomy":"product_cat","embeddable":true,"href":"https:\/\/guidetotheazores.pt\/fr\/wp-json\/wp\/v2\/product_cat?post=22902"},{"taxonomy":"product_tag","embeddable":true,"href":"https:\/\/guidetotheazores.pt\/fr\/wp-json\/wp\/v2\/product_tag?post=22902"}],"curies":[{"name":"wp","href":"https:\/\/api.w.org\/{rel}","templated":true}]}}