{"id":22940,"date":"2024-02-10T08:45:01","date_gmt":"2024-02-10T09:45:01","guid":{"rendered":"https:\/\/guidetotheazores.pt\/product\/excursion-dune-demi-journee-a-la-speleologie-de-pico\/"},"modified":"2024-02-10T08:45:01","modified_gmt":"2024-02-10T09:45:01","slug":"excursion-dune-demi-journee-a-la-speleologie-de-pico","status":"publish","type":"product","link":"https:\/\/guidetotheazores.pt\/fr\/produit\/excursion-dune-demi-journee-a-la-speleologie-de-pico\/","title":{"rendered":"Excursion d&rsquo;une demi-journ\u00e9e \u00e0 la sp\u00e9l\u00e9ologie de Pico"},"content":{"rendered":"<div class=\"subsection\" data-v-68eac83b=\"\">\n<div class=\"content-builder-markdown-view\" data-v-316d1a1e=\"\" data-v-68eac83b=\"\">\n<p>Un voyage dans les myst\u00e8res souterrains de Pico Mets ton casque et rejoins la tribu pour une aventure souterraine inoubliable ! Aventure-toi au plus profond des myst\u00e9rieux tunnels de lave sous l&rsquo;\u00eele de Pico, en explorant des cavit\u00e9s volcaniques rarement vues par d&rsquo;autres. Munis de casques, de combinaisons et de lampes frontales, tu d\u00e9couvriras des formations de lave uniques et des bact\u00e9ries fascinantes qui se d\u00e9veloppent dans les profondeurs de la terre. Sois \u00e9bloui par les merveilles g\u00e9ologiques sculpt\u00e9es par d&rsquo;anciennes \u00e9ruptions, et plonge dans un monde cach\u00e9 o\u00f9 la beaut\u00e9 brute de la nature r\u00e8gne en ma\u00eetre. Une aventure exceptionnelle pour ceux qui cherchent \u00e0 d\u00e9couvrir le royaume souterrain secret de Pico !    <\/p>\n<\/div>\n<\/div>\n<div class=\"subsection\" data-v-68eac83b=\"\"><span class=\"fh-text fh-text--body-lg fh-text--bold block\" data-v-3872b9c5=\"\" data-v-68eac83b=\"\">Ce qui est inclus<\/span><\/p>\n<div class=\"content-builder-markdown-view\" data-v-316d1a1e=\"\" data-v-68eac83b=\"\">\n<ul>\n<li>Guide professionnel et transport<\/li>\n<li>\u00c9quipement pour la grotte : Casque, lampe frontale, combinaison et gants<\/li>\n<li>Assurance accidents corporels<\/li>\n<\/ul>\n<\/div>\n<\/div>\n<div class=\"subsection\" data-v-68eac83b=\"\"><span class=\"fh-text fh-text--body-lg fh-text--bold block\" data-v-3872b9c5=\"\" data-v-68eac83b=\"\">Ce qui n&rsquo;est pas inclus<\/span><\/p>\n<div class=\"content-builder-markdown-view\" data-v-316d1a1e=\"\" data-v-68eac83b=\"\">\n<ul>\n<li>Repas<\/li>\n<li>Prise en charge et d\u00e9p\u00f4t disponibles sur demande et sous r\u00e9serve de disponibilit\u00e9.<\/li>\n<\/ul>\n<\/div>\n<\/div>\n<div class=\"subsection\" data-v-68eac83b=\"\"><span class=\"fh-text fh-text--body-lg fh-text--bold block\" data-v-3872b9c5=\"\" data-v-68eac83b=\"\">Points forts<\/span><\/p>\n<div class=\"content-builder-markdown-view\" data-v-316d1a1e=\"\" data-v-68eac83b=\"\">\n<ul>\n<li>Aventure sp\u00e9l\u00e9ologique<\/li>\n<li>Exp\u00e9rience en mati\u00e8re de tourisme actif et d&rsquo;aventure<\/li>\n<li>Des informations sur les tunnels de lave<\/li>\n<\/ul>\n<\/div>\n<\/div>\n","protected":false},"excerpt":{"rendered":"<p>Un voyage dans les myst\u00e8res souterrains de Pico Mets ton casque et rejoins la tribu pour une aventure souterraine inoubliable ! Aventure-toi au plus profond des myst\u00e9rieux tunnels de lave sous l&rsquo;\u00eele de Pico, en explorant des cavit\u00e9s volcaniques rarement vues par d&rsquo;autres. <\/p>\n<p>&nbsp;<\/p>\n<p><script src=\"https:\/\/fareharbor.com\/embeds\/script\/calendar\/tripixazores\/items\/614414\/?asn=fhdn-eur&amp;asn-ref=guidetotheazores&amp;ref=guidetotheazores&amp;bookable-only=yes&amp;full-items=yes&amp;marketplace=yes&amp;flow=no&amp;branding=no\"><\/script><\/p>\n<p>Dur\u00e9e &#8211; 3 heures<br \/>\nPoint de rencontre &#8211; Bureau Tripix des A\u00e7ores<\/p>\n","protected":false},"featured_media":22941,"comment_status":"closed","ping_status":"closed","template":"","meta":{"_acf_changed":false},"product_brand":[],"product_cat":[19484,19525,19515,19486],"product_tag":[19516],"class_list":{"0":"post-22940","1":"product","2":"type-product","3":"status-publish","4":"has-post-thumbnail","6":"product_cat-activites","7":"product_cat-geotourisme","8":"product_cat-pico","9":"product_cat-toutes-les-iles","10":"product_tag-picoisland","12":"first","13":"instock","14":"taxable","15":"shipping-taxable","16":"product-type-external"},"acf":[],"_links":{"self":[{"href":"https:\/\/guidetotheazores.pt\/fr\/wp-json\/wp\/v2\/product\/22940","targetHints":{"allow":["GET"]}}],"collection":[{"href":"https:\/\/guidetotheazores.pt\/fr\/wp-json\/wp\/v2\/product"}],"about":[{"href":"https:\/\/guidetotheazores.pt\/fr\/wp-json\/wp\/v2\/types\/product"}],"replies":[{"embeddable":true,"href":"https:\/\/guidetotheazores.pt\/fr\/wp-json\/wp\/v2\/comments?post=22940"}],"wp:featuredmedia":[{"embeddable":true,"href":"https:\/\/guidetotheazores.pt\/fr\/wp-json\/wp\/v2\/media\/22941"}],"wp:attachment":[{"href":"https:\/\/guidetotheazores.pt\/fr\/wp-json\/wp\/v2\/media?parent=22940"}],"wp:term":[{"taxonomy":"product_brand","embeddable":true,"href":"https:\/\/guidetotheazores.pt\/fr\/wp-json\/wp\/v2\/product_brand?post=22940"},{"taxonomy":"product_cat","embeddable":true,"href":"https:\/\/guidetotheazores.pt\/fr\/wp-json\/wp\/v2\/product_cat?post=22940"},{"taxonomy":"product_tag","embeddable":true,"href":"https:\/\/guidetotheazores.pt\/fr\/wp-json\/wp\/v2\/product_tag?post=22940"}],"curies":[{"name":"wp","href":"https:\/\/api.w.org\/{rel}","templated":true}]}}