{"id":22952,"date":"2024-02-10T09:59:59","date_gmt":"2024-02-10T10:59:59","guid":{"rendered":"https:\/\/guidetotheazores.pt\/product\/excursion-dune-journee-autour-du-vin\/"},"modified":"2024-02-10T09:59:59","modified_gmt":"2024-02-10T10:59:59","slug":"excursion-dune-journee-autour-du-vin","status":"publish","type":"product","link":"https:\/\/guidetotheazores.pt\/fr\/produit\/excursion-dune-journee-autour-du-vin\/","title":{"rendered":"Excursion d&rsquo;une journ\u00e9e autour du vin"},"content":{"rendered":"<p><span style=\"color: #000000;font-family: Helvetica Neue, Helvetica, Roboto, Arial, sans-serif;font-size: medium\">Au cours de ce voyage sensoriel, voyage \u00e0 travers les ar\u00f4mes, les couleurs et les saveurs des vins renomm\u00e9s et historiques de Pico. Rencontre les producteurs, go\u00fbte leurs meilleurs vins de mani\u00e8re exclusive et laisse-toi immerger dans le terroir de cette tradition viticole exceptionnelle et authentique sur l&rsquo;\u00eele de Montanha, o\u00f9 l&rsquo;histoire, la culture et la passion fusionnent pour cr\u00e9er des vins d&rsquo;une saveur in\u00e9gal\u00e9e. Compl\u00e8te cette journ\u00e9e par une exp\u00e9rience gastronomique lors d&rsquo;un d\u00e9jeuner pr\u00e9par\u00e9 avec des produits locaux qui r\u00e9v\u00e8lent l&rsquo;authenticit\u00e9 des saveurs de la r\u00e9gion.  <\/span><\/p>\n","protected":false},"excerpt":{"rendered":"<p>Au cours de ce voyage sensoriel, voyage \u00e0 travers les ar\u00f4mes, les couleurs et les saveurs des vins renomm\u00e9s et historiques de Pico. Offre-toi une exp\u00e9rience gastronomique, en d\u00e9jeunant et en d\u00e9gustant des produits locaux qui refl\u00e8tent l&rsquo;authenticit\u00e9 de la cuisine locale. <\/p>\n","protected":false},"featured_media":22953,"comment_status":"open","ping_status":"closed","template":"","meta":{"_acf_changed":false},"product_brand":[],"product_cat":[19484,19515,19486,19500],"product_tag":[19516],"class_list":{"0":"post-22952","1":"product","2":"type-product","3":"status-publish","4":"has-post-thumbnail","6":"product_cat-activites","7":"product_cat-pico","8":"product_cat-toutes-les-iles","9":"product_cat-visites-guidees","10":"product_tag-picoisland","12":"first","13":"instock","14":"virtual","15":"sold-individually","16":"taxable","17":"purchasable","18":"product-type-phive_booking"},"acf":[],"_links":{"self":[{"href":"https:\/\/guidetotheazores.pt\/fr\/wp-json\/wp\/v2\/product\/22952","targetHints":{"allow":["GET"]}}],"collection":[{"href":"https:\/\/guidetotheazores.pt\/fr\/wp-json\/wp\/v2\/product"}],"about":[{"href":"https:\/\/guidetotheazores.pt\/fr\/wp-json\/wp\/v2\/types\/product"}],"replies":[{"embeddable":true,"href":"https:\/\/guidetotheazores.pt\/fr\/wp-json\/wp\/v2\/comments?post=22952"}],"wp:featuredmedia":[{"embeddable":true,"href":"https:\/\/guidetotheazores.pt\/fr\/wp-json\/wp\/v2\/media\/22953"}],"wp:attachment":[{"href":"https:\/\/guidetotheazores.pt\/fr\/wp-json\/wp\/v2\/media?parent=22952"}],"wp:term":[{"taxonomy":"product_brand","embeddable":true,"href":"https:\/\/guidetotheazores.pt\/fr\/wp-json\/wp\/v2\/product_brand?post=22952"},{"taxonomy":"product_cat","embeddable":true,"href":"https:\/\/guidetotheazores.pt\/fr\/wp-json\/wp\/v2\/product_cat?post=22952"},{"taxonomy":"product_tag","embeddable":true,"href":"https:\/\/guidetotheazores.pt\/fr\/wp-json\/wp\/v2\/product_tag?post=22952"}],"curies":[{"name":"wp","href":"https:\/\/api.w.org\/{rel}","templated":true}]}}