{"id":22960,"date":"2024-02-10T08:38:05","date_gmt":"2024-02-10T09:38:05","guid":{"rendered":"https:\/\/guidetotheazores.pt\/product\/excursion-dune-demi-journee-a-pico\/"},"modified":"2024-02-10T08:38:05","modified_gmt":"2024-02-10T09:38:05","slug":"excursion-dune-demi-journee-a-pico","status":"publish","type":"product","link":"https:\/\/guidetotheazores.pt\/fr\/produit\/excursion-dune-demi-journee-a-pico\/","title":{"rendered":"Excursion d&rsquo;une demi-journ\u00e9e \u00e0 Pico"},"content":{"rendered":"<div class=\"subsection\" data-v-68eac83b=\"\">\n<div class=\"content-builder-markdown-view\" data-v-316d1a1e=\"\" data-v-68eac83b=\"\">\n<p>D\u00e9couvre l&rsquo;essence de l&rsquo;\u00eele de Pico dans une exp\u00e9rience plus courte mais tout aussi enrichissante. Visite les paysages de vignobles class\u00e9s au patrimoine mondial de l&rsquo;UNESCO, d\u00e9couvre les fascinantes traditions baleini\u00e8res de l&rsquo;\u00eele et admire ses paysages naturels \u00e9poustouflants. Cette visite offre un \u00e9quilibre parfait entre la culture, l&rsquo;histoire et les vues \u00e0 couper le souffle, le tout accompagn\u00e9 d&rsquo;un guide professionnel qui te garantira un voyage inoubliable.  <\/p>\n<\/div>\n<\/div>\n<div class=\"subsection\" data-v-68eac83b=\"\"><span class=\"fh-text fh-text--body-lg fh-text--bold block\" data-v-3872b9c5=\"\" data-v-68eac83b=\"\">Ce qui est inclus<\/span><\/p>\n<div class=\"content-builder-markdown-view\" data-v-316d1a1e=\"\" data-v-68eac83b=\"\">\n<p>\u2714 Guide local professionnel<br \/>\n\u2714 Visite du lagon du capitaine, le lagon le plus embl\u00e9matique de l&rsquo;\u00eele (sous r\u00e9serve des conditions m\u00e9t\u00e9orologiques)<br \/>\n\u2714 Droits d&rsquo;entr\u00e9e au mus\u00e9e (sauf les lundis et certains jours f\u00e9ri\u00e9s)<br \/>\n\u2714 Transport terrestre<br \/>\n\u2714 Assurance accidents personnels Allianz\u00ae.<\/p>\n<\/div>\n<\/div>\n<div class=\"subsection\" data-v-68eac83b=\"\"><span class=\"fh-text fh-text--body-lg fh-text--bold block\" data-v-3872b9c5=\"\" data-v-68eac83b=\"\">Ce qui n&rsquo;est pas inclus<\/span><\/p>\n<div class=\"content-builder-markdown-view\" data-v-316d1a1e=\"\" data-v-68eac83b=\"\">\n<p>x Repas<br \/>\nx Prise en charge et retour sur demande et sous r\u00e9serve de disponibilit\u00e9<\/p>\n<\/div>\n<\/div>\n<div class=\"subsection\" data-v-68eac83b=\"\"><span class=\"fh-text fh-text--body-lg fh-text--bold block\" data-v-3872b9c5=\"\" data-v-68eac83b=\"\">Points forts<\/span><\/p>\n<div class=\"content-builder-markdown-view\" data-v-316d1a1e=\"\" data-v-68eac83b=\"\">\n<ul>\n<li>Culture de la vigne<\/li>\n<li>La tradition de la chasse \u00e0 la baleine<\/li>\n<li>Paysages naturels<\/li>\n<li>Endroits secrets<\/li>\n<\/ul>\n<\/div>\n<\/div>\n","protected":false},"excerpt":{"rendered":"<p>D\u00e9couvre l&rsquo;essence de l&rsquo;\u00eele de Pico dans une exp\u00e9rience plus courte mais tout aussi enrichissante. Visite les paysages de vignobles class\u00e9s au patrimoine mondial de l&rsquo;UNESCO, d\u00e9couvre les fascinantes traditions baleini\u00e8res de l&rsquo;\u00eele et admire ses paysages naturels \u00e9poustouflants. Cette visite offre un \u00e9quilibre parfait entre la culture, l&rsquo;histoire et les vues \u00e0 couper le souffle, le tout accompagn\u00e9 d&rsquo;un guide professionnel qui te garantira un voyage inoubliable.  <\/p>\n<p>&nbsp;<\/p>\n<p><script src=\"https:\/\/fareharbor.com\/embeds\/script\/calendar\/tripixazores\/items\/614407\/?asn=fhdn-eur&amp;asn-ref=guidetotheazores&amp;ref=guidetotheazores&amp;bookable-only=yes&amp;full-items=yes&amp;marketplace=yes&amp;flow=no&amp;branding=no\"><\/script><\/p>\n<p>Dur\u00e9e &#8211; 4 heures<br \/>\nPoint de rencontre &#8211; Bureau Tripix des A\u00e7ores<\/p>\n","protected":false},"featured_media":22961,"comment_status":"closed","ping_status":"closed","template":"","meta":{"_acf_changed":false},"product_brand":[],"product_cat":[19484,19515,19486,19500],"product_tag":[19516],"class_list":{"0":"post-22960","1":"product","2":"type-product","3":"status-publish","4":"has-post-thumbnail","6":"product_cat-activites","7":"product_cat-pico","8":"product_cat-toutes-les-iles","9":"product_cat-visites-guidees","10":"product_tag-picoisland","12":"first","13":"instock","14":"taxable","15":"shipping-taxable","16":"product-type-external"},"acf":[],"_links":{"self":[{"href":"https:\/\/guidetotheazores.pt\/fr\/wp-json\/wp\/v2\/product\/22960","targetHints":{"allow":["GET"]}}],"collection":[{"href":"https:\/\/guidetotheazores.pt\/fr\/wp-json\/wp\/v2\/product"}],"about":[{"href":"https:\/\/guidetotheazores.pt\/fr\/wp-json\/wp\/v2\/types\/product"}],"replies":[{"embeddable":true,"href":"https:\/\/guidetotheazores.pt\/fr\/wp-json\/wp\/v2\/comments?post=22960"}],"wp:featuredmedia":[{"embeddable":true,"href":"https:\/\/guidetotheazores.pt\/fr\/wp-json\/wp\/v2\/media\/22961"}],"wp:attachment":[{"href":"https:\/\/guidetotheazores.pt\/fr\/wp-json\/wp\/v2\/media?parent=22960"}],"wp:term":[{"taxonomy":"product_brand","embeddable":true,"href":"https:\/\/guidetotheazores.pt\/fr\/wp-json\/wp\/v2\/product_brand?post=22960"},{"taxonomy":"product_cat","embeddable":true,"href":"https:\/\/guidetotheazores.pt\/fr\/wp-json\/wp\/v2\/product_cat?post=22960"},{"taxonomy":"product_tag","embeddable":true,"href":"https:\/\/guidetotheazores.pt\/fr\/wp-json\/wp\/v2\/product_tag?post=22960"}],"curies":[{"name":"wp","href":"https:\/\/api.w.org\/{rel}","templated":true}]}}