{"id":23005,"date":"2024-02-06T15:27:46","date_gmt":"2024-02-06T16:27:46","guid":{"rendered":"https:\/\/guidetotheazores.pt\/product\/excursion-dune-journee-a-pico\/"},"modified":"2024-02-06T15:27:46","modified_gmt":"2024-02-06T16:27:46","slug":"excursion-dune-journee-a-pico","status":"publish","type":"product","link":"https:\/\/guidetotheazores.pt\/fr\/produit\/excursion-dune-journee-a-pico\/","title":{"rendered":"Excursion d&rsquo;une journ\u00e9e \u00e0 Pico"},"content":{"rendered":"<div class=\"flex justify-between py-4 cursor-pointer\" data-v-c46ac7a2=\"\">\n<div class=\"heading-left\" data-v-c46ac7a2=\"\">\n<div class=\"fh-title fh-title--display-xl\" data-v-9d6554c3=\"\" data-v-c46ac7a2=\"\">\n<h1 class=\"fh-text fh-text--display-xl fh-text--medium\" data-v-3872b9c5=\"\" data-v-9d6554c3=\"\">D\u00e9tails de l&rsquo;activit\u00e9<\/h1>\n<\/div>\n<\/div>\n<div data-v-c46ac7a2=\"\">Plonge dans une journ\u00e9e remplie de vues \u00e0 couper le souffle et d&rsquo;un riche patrimoine culturel. Explore les paysages de vignobles class\u00e9s au patrimoine mondial de l&rsquo;UNESCO, d\u00e9couvre les traditions baleini\u00e8res de l&rsquo;\u00eele et \u00e9merveille-toi devant la c\u00f4te rocheuse qui d\u00e9finit le caract\u00e8re unique de Pico. Accompagn\u00e9e par le majestueux Mont Pico, cette exp\u00e9rience r\u00e9v\u00e8le l&rsquo;authenticit\u00e9 et l&rsquo;identit\u00e9 de l&rsquo;\u00eele, offrant une connexion plus profonde avec sa nature et sa culture.  <\/div>\n<\/div>\n<div class=\"content pb-4\" data-v-c46ac7a2=\"\">\n<div class=\"subsection\" data-v-68eac83b=\"\">\n<p><span class=\"fh-text fh-text--body-lg fh-text--bold block\" data-v-3872b9c5=\"\" data-v-68eac83b=\"\">Ce qui est inclus<\/span><\/p>\n<div class=\"content-builder-markdown-view\" data-v-316d1a1e=\"\" data-v-68eac83b=\"\">\n<ul>\n<li>Guide professionnel<\/li>\n<li>Transport terrestre<\/li>\n<li>D\u00e9jeuner au restaurant<\/li>\n<li>D\u00e9gustation de produits locaux traditionnels<\/li>\n<li>Frais d&rsquo;entr\u00e9e au mus\u00e9e<\/li>\n<li>Assurance accidents corporels<\/li>\n<\/ul>\n<\/div>\n<\/div>\n<div class=\"subsection\" data-v-68eac83b=\"\">\n<p><span class=\"fh-text fh-text--body-lg fh-text--bold block\" data-v-3872b9c5=\"\" data-v-68eac83b=\"\">Ce qui n&rsquo;est pas inclus<\/span><\/p>\n<div class=\"content-builder-markdown-view\" data-v-316d1a1e=\"\" data-v-68eac83b=\"\">\n<ul>\n<li>Prise en charge et d\u00e9p\u00f4t disponibles sur demande et sous r\u00e9serve de disponibilit\u00e9.<\/li>\n<\/ul>\n<\/div>\n<\/div>\n<div class=\"subsection\" data-v-68eac83b=\"\">\n<p><span class=\"fh-text fh-text--body-lg fh-text--bold block\" data-v-3872b9c5=\"\" data-v-68eac83b=\"\">Points forts<\/span><\/p>\n<div class=\"content-builder-markdown-view\" data-v-316d1a1e=\"\" data-v-68eac83b=\"\">\n<ul>\n<li>Culture de la vigne<\/li>\n<li>La tradition de la chasse \u00e0 la baleine<\/li>\n<li>Paysages naturels<\/li>\n<li>Endroits secrets<\/li>\n<\/ul>\n<\/div>\n<\/div>\n<\/div>\n","protected":false},"excerpt":{"rendered":"<p>Plonge dans une journ\u00e9e remplie de vues \u00e0 couper le souffle et d&rsquo;un riche patrimoine culturel. Explore les paysages de vignobles class\u00e9s au patrimoine mondial de l&rsquo;UNESCO, d\u00e9couvre les traditions baleini\u00e8res de l&rsquo;\u00eele et \u00e9merveille-toi devant la c\u00f4te rocheuse qui d\u00e9finit le caract\u00e8re unique de Pico. Accompagn\u00e9e par le majestueux Mont Pico, cette exp\u00e9rience r\u00e9v\u00e8le l&rsquo;authenticit\u00e9 et l&rsquo;identit\u00e9 de l&rsquo;\u00eele, offrant une connexion plus profonde avec sa nature et sa culture.  <\/p>\n<p><script src=\"https:\/\/fareharbor.com\/embeds\/script\/calendar\/tripixazores\/items\/614401\/?asn=fhdn-eur&amp;asn-ref=guidetotheazores&amp;ref=guidetotheazores&amp;bookable-only=yes&amp;full-items=yes&amp;marketplace=yes&amp;flow=no&amp;branding=no\"><\/script><\/p>\n<p>Dur\u00e9e &#8211; 8 heures<br \/>\nPoint de rencontre &#8211; Bureau Tripix des A\u00e7ores<\/p>\n","protected":false},"featured_media":23006,"comment_status":"closed","ping_status":"closed","template":"","meta":{"_acf_changed":false},"product_brand":[],"product_cat":[19484,19515,19486,19500],"product_tag":[19516],"class_list":{"0":"post-23005","1":"product","2":"type-product","3":"status-publish","4":"has-post-thumbnail","6":"product_cat-activites","7":"product_cat-pico","8":"product_cat-toutes-les-iles","9":"product_cat-visites-guidees","10":"product_tag-picoisland","12":"first","13":"instock","14":"taxable","15":"shipping-taxable","16":"product-type-external"},"acf":[],"_links":{"self":[{"href":"https:\/\/guidetotheazores.pt\/fr\/wp-json\/wp\/v2\/product\/23005","targetHints":{"allow":["GET"]}}],"collection":[{"href":"https:\/\/guidetotheazores.pt\/fr\/wp-json\/wp\/v2\/product"}],"about":[{"href":"https:\/\/guidetotheazores.pt\/fr\/wp-json\/wp\/v2\/types\/product"}],"replies":[{"embeddable":true,"href":"https:\/\/guidetotheazores.pt\/fr\/wp-json\/wp\/v2\/comments?post=23005"}],"wp:featuredmedia":[{"embeddable":true,"href":"https:\/\/guidetotheazores.pt\/fr\/wp-json\/wp\/v2\/media\/23006"}],"wp:attachment":[{"href":"https:\/\/guidetotheazores.pt\/fr\/wp-json\/wp\/v2\/media?parent=23005"}],"wp:term":[{"taxonomy":"product_brand","embeddable":true,"href":"https:\/\/guidetotheazores.pt\/fr\/wp-json\/wp\/v2\/product_brand?post=23005"},{"taxonomy":"product_cat","embeddable":true,"href":"https:\/\/guidetotheazores.pt\/fr\/wp-json\/wp\/v2\/product_cat?post=23005"},{"taxonomy":"product_tag","embeddable":true,"href":"https:\/\/guidetotheazores.pt\/fr\/wp-json\/wp\/v2\/product_tag?post=23005"}],"curies":[{"name":"wp","href":"https:\/\/api.w.org\/{rel}","templated":true}]}}