{"id":23015,"date":"2024-02-06T15:17:47","date_gmt":"2024-02-06T16:17:47","guid":{"rendered":"https:\/\/guidetotheazores.pt\/product\/ascension-de-nuit-du-mont-pico\/"},"modified":"2024-02-06T15:17:47","modified_gmt":"2024-02-06T16:17:47","slug":"ascension-de-nuit-du-mont-pico","status":"publish","type":"product","link":"https:\/\/guidetotheazores.pt\/fr\/produit\/ascension-de-nuit-du-mont-pico\/","title":{"rendered":"Ascension de nuit du Mont Pico"},"content":{"rendered":"<p><span style=\"color: #000000;font-family: Helvetica Neue, Helvetica, Roboto, Arial, sans-serif;font-size: medium\">La proposition est tentante, mais elle n\u00e9cessite la meilleure pr\u00e9paration physique.<\/span><\/p>\n<p><span style=\"color: #000000;font-family: Helvetica Neue, Helvetica, Roboto, Arial, sans-serif;font-size: medium\">Effectuer l&rsquo;ascension la plus exigeante, entour\u00e9 de la beaut\u00e9 sauvage du crat\u00e8re volcanique et de la tranquillit\u00e9 du ciel nocturne, procure un sentiment de pl\u00e9nitude et une connexion profonde avec la nature qui est indescriptible.<\/span><\/p>\n<p><span style=\"color: #000000;font-family: Helvetica Neue, Helvetica, Roboto, Arial, sans-serif;font-size: medium\">Ce n&rsquo;est pas seulement une aventure, c&rsquo;est le voyage de toute une vie.<\/span><\/p>\n<p><strong>Note importante ! Avant de r\u00e9server, tu dois te rendre dans la section \u00ab\u00a0Pi\u00e8ces jointes\u00a0\u00bb ci-dessus, t\u00e9l\u00e9charger et remplir le formulaire pour chaque participant. <\/strong><\/p>\n<p>&nbsp;<\/p>\n","protected":false},"excerpt":{"rendered":"<p>L&rsquo;ascension la plus exigeante, entour\u00e9e de la beaut\u00e9 sauvage du crat\u00e8re volcanique et de la tranquillit\u00e9 du ciel nocturne, procure un sentiment de pl\u00e9nitude et une connexion profonde avec la nature qui est indescriptible.<br \/>\nCe n&rsquo;est pas seulement une aventure, c&rsquo;est le voyage de toute une vie.<br \/>\nNote importante ! Avant de r\u00e9server, tu dois te rendre dans la section \u00ab\u00a0Pi\u00e8ces jointes\u00a0\u00bb ci-dessous, t\u00e9l\u00e9charger et remplir le formulaire pour chaque participant. <\/p>\n","protected":false},"featured_media":23024,"comment_status":"open","ping_status":"closed","template":"","meta":{"_acf_changed":false},"product_brand":[],"product_cat":[19484,19531,19515,19486],"product_tag":[19516],"class_list":{"0":"post-23015","1":"product","2":"type-product","3":"status-publish","4":"has-post-thumbnail","6":"product_cat-activites","7":"product_cat-hiking","8":"product_cat-pico","9":"product_cat-toutes-les-iles","10":"product_tag-picoisland","12":"first","13":"instock","14":"virtual","15":"sold-individually","16":"taxable","17":"purchasable","18":"product-type-phive_booking"},"acf":[],"_links":{"self":[{"href":"https:\/\/guidetotheazores.pt\/fr\/wp-json\/wp\/v2\/product\/23015","targetHints":{"allow":["GET"]}}],"collection":[{"href":"https:\/\/guidetotheazores.pt\/fr\/wp-json\/wp\/v2\/product"}],"about":[{"href":"https:\/\/guidetotheazores.pt\/fr\/wp-json\/wp\/v2\/types\/product"}],"replies":[{"embeddable":true,"href":"https:\/\/guidetotheazores.pt\/fr\/wp-json\/wp\/v2\/comments?post=23015"}],"wp:featuredmedia":[{"embeddable":true,"href":"https:\/\/guidetotheazores.pt\/fr\/wp-json\/wp\/v2\/media\/23024"}],"wp:attachment":[{"href":"https:\/\/guidetotheazores.pt\/fr\/wp-json\/wp\/v2\/media?parent=23015"}],"wp:term":[{"taxonomy":"product_brand","embeddable":true,"href":"https:\/\/guidetotheazores.pt\/fr\/wp-json\/wp\/v2\/product_brand?post=23015"},{"taxonomy":"product_cat","embeddable":true,"href":"https:\/\/guidetotheazores.pt\/fr\/wp-json\/wp\/v2\/product_cat?post=23015"},{"taxonomy":"product_tag","embeddable":true,"href":"https:\/\/guidetotheazores.pt\/fr\/wp-json\/wp\/v2\/product_tag?post=23015"}],"curies":[{"name":"wp","href":"https:\/\/api.w.org\/{rel}","templated":true}]}}