{"id":23043,"date":"2024-02-06T14:42:59","date_gmt":"2024-02-06T15:42:59","guid":{"rendered":"https:\/\/guidetotheazores.pt\/product\/ascension-de-jour-du-mont-pico\/"},"modified":"2024-02-06T14:42:59","modified_gmt":"2024-02-06T15:42:59","slug":"ascension-de-jour-du-mont-pico","status":"publish","type":"product","link":"https:\/\/guidetotheazores.pt\/fr\/produit\/ascension-de-jour-du-mont-pico\/","title":{"rendered":"Ascension de jour du Mont Pico"},"content":{"rendered":"<p><strong>D\u00e9couvre la majest\u00e9 du plus haut sommet<\/strong> du Portugal Embarque pour une aventure inoubliable avec la journ\u00e9e d&rsquo;ascension du Mont Pico jusqu&rsquo;au sommet du plus haut sommet du Portugal, alors que le soleil se couche sur l&rsquo;Atlantique. Grimpe \u00e0 travers des paysages volcaniques baign\u00e9s d&rsquo;une lumi\u00e8re dor\u00e9e, atteignant le sommet juste \u00e0 temps pour assister \u00e0 des vues panoramiques \u00e0 couper le souffle au coucher du soleil. \u00c0 la tomb\u00e9e de la nuit, redescends sous un ciel \u00e9toil\u00e9, ce qui en fait une exp\u00e9rience magique qui allie d\u00e9fi, beaut\u00e9 et sensations fortes en explorant le mont Pico du jour \u00e0 la nuit.  <\/p>\n<p><b>Participants<\/b><br \/>\n&#8211; Maximum de 12 personnes par groupe\/guide<br \/>\n&#8211; Prix : 65 \u20ac par personne<br \/>\n&#8211; R\u00e9duction de groupe disponible<br \/>\n&#8211; Bonne condition physique et exp\u00e9rience des sentiers escarp\u00e9s requises<br \/>\n&#8211; Enfants uniquement \u00e0 partir de 5 ans (sur demande)<br \/>\n&#8211; Pour les ascensions avec des enfants, nous recommandons une ascension priv\u00e9e<br \/>\n&#8211; Ascension priv\u00e9e disponible sur demande et sous r\u00e9serve de disponibilit\u00e9<br \/>\n&#8211; Si aucun groupe n&rsquo;est disponible, des frais suppl\u00e9mentaires s&rsquo;appliquent pour une participation en solo.<\/p>\n<p><b>Horaire et dur\u00e9e<\/b><br \/>\n&#8211; Saison d&rsquo;\u00e9t\u00e9 : ~6 AM \u00e0 3 PM<br \/>\n&#8211; Saison d&rsquo;hiver : ~8 AM \u00e0 5 PM<br \/>\n&#8211; Dur\u00e9e moyenne : 7 \u00e0 9 heures<\/p>\n<p><b>Points forts<\/b><br \/>\n&#8211; Activit\u00e9 d&rsquo;alpinisme<br \/>\n&#8211; Niveau de difficult\u00e9 moyen \u00e0 \u00e9lev\u00e9<br \/>\n&#8211; Altitude maximale : 2 351 m \/ 7 713 ft<br \/>\n&#8211; Exp\u00e9rience de tourisme actif et d&rsquo;aventure<br \/>\n&#8211; Aper\u00e7u de la volcanologie<\/p>\n<p><b>Ce qui est inclus<\/b><br \/>\n\u2714 Guide professionnel et certifi\u00e9 du Mont Pico<br \/>\n\u2714 Frais d&rsquo;acc\u00e8s \u00e0 la r\u00e9serve naturelle du Mont Pico<br \/>\n\u2714 B\u00e2tons de randonn\u00e9e<br \/>\n\u2714 Crampons (hiver)<br \/>\n\u2714 Manuel d&rsquo;escalade informatif<br \/>\n\u2714 Assurance accidents personnels<br \/>\n\u2714 Certificat d&rsquo;escalade.<\/p>\n<p><b>Ce qui n&rsquo;est pas inclus<\/b><br \/>\n\u2716 Transfert du bureau Tripix \u00e0 Madalena &#8211; Mountain House &#8211; Bureau Tripix \u00e0 Madalena sur demande et sous r\u00e9serve de disponibilit\u00e9<br \/>\n\u2716 Cette activit\u00e9 ne comprend pas les repas &#8211; Lunch Box sur demande.<\/p>\n","protected":false},"excerpt":{"rendered":"<p>Profite des plus beaux moments au point le plus \u00e9lev\u00e9 du Portugal. L&rsquo;ascension commence avec les premiers rayons du soleil, ce qui permet de profiter au maximum de chaque \u00e9tape de cette activit\u00e9 difficile.<br \/>\nDes informations int\u00e9ressantes sont partag\u00e9es sur la gen\u00e8se des \u00eeles et la biodiversit\u00e9 du volcan.<br \/>\nLa s\u00e9curit\u00e9 et l&rsquo;exp\u00e9rience sur le mont Pico sont notre priorit\u00e9. <\/p>\n","protected":false},"featured_media":23045,"comment_status":"open","ping_status":"closed","template":"","meta":{"_acf_changed":false},"product_brand":[],"product_cat":[19484],"product_tag":[],"class_list":{"0":"post-23043","1":"product","2":"type-product","3":"status-publish","4":"has-post-thumbnail","6":"product_cat-activites","8":"first","9":"instock","10":"sold-individually","11":"taxable","12":"shipping-taxable","13":"purchasable","14":"product-type-phive_booking"},"acf":[],"_links":{"self":[{"href":"https:\/\/guidetotheazores.pt\/fr\/wp-json\/wp\/v2\/product\/23043","targetHints":{"allow":["GET"]}}],"collection":[{"href":"https:\/\/guidetotheazores.pt\/fr\/wp-json\/wp\/v2\/product"}],"about":[{"href":"https:\/\/guidetotheazores.pt\/fr\/wp-json\/wp\/v2\/types\/product"}],"replies":[{"embeddable":true,"href":"https:\/\/guidetotheazores.pt\/fr\/wp-json\/wp\/v2\/comments?post=23043"}],"wp:featuredmedia":[{"embeddable":true,"href":"https:\/\/guidetotheazores.pt\/fr\/wp-json\/wp\/v2\/media\/23045"}],"wp:attachment":[{"href":"https:\/\/guidetotheazores.pt\/fr\/wp-json\/wp\/v2\/media?parent=23043"}],"wp:term":[{"taxonomy":"product_brand","embeddable":true,"href":"https:\/\/guidetotheazores.pt\/fr\/wp-json\/wp\/v2\/product_brand?post=23043"},{"taxonomy":"product_cat","embeddable":true,"href":"https:\/\/guidetotheazores.pt\/fr\/wp-json\/wp\/v2\/product_cat?post=23043"},{"taxonomy":"product_tag","embeddable":true,"href":"https:\/\/guidetotheazores.pt\/fr\/wp-json\/wp\/v2\/product_tag?post=23043"}],"curies":[{"name":"wp","href":"https:\/\/api.w.org\/{rel}","templated":true}]}}