{"id":23044,"date":"2024-02-06T15:03:00","date_gmt":"2024-02-06T16:03:00","guid":{"rendered":"https:\/\/guidetotheazores.pt\/product\/ascension-nocturne-du-mont-pico\/"},"modified":"2024-02-06T15:03:00","modified_gmt":"2024-02-06T16:03:00","slug":"ascension-nocturne-du-mont-pico","status":"publish","type":"product","link":"https:\/\/guidetotheazores.pt\/fr\/produit\/ascension-nocturne-du-mont-pico\/","title":{"rendered":"Ascension nocturne du Mont Pico"},"content":{"rendered":"<p>Sous le voile de l&rsquo;obscurit\u00e9 et un ciel illumin\u00e9 par d&rsquo;innombrables \u00e9toiles, fais l&rsquo;ascension avec le Mount Pico Night Climb et la Voie lact\u00e9e comme toile de fond \u00e0 couper le souffle. Selon la phase de la lune, la visibilit\u00e9 de la Voie lact\u00e9e varie, ce qui ajoute une touche unique \u00e0 chaque ascension. Guid\u00e9e par un guide certifi\u00e9 du mont Pico, cette ascension nocturne \u00e9l\u00e8ve le d\u00e9fi, faisant de chaque \u00e9tape une exp\u00e9rience inoubliable. La r\u00e9compense ? Atteindre le sommet alors que les premiers rayons du soleil peignent l&rsquo;horizon de teintes vibrantes, projetant l&rsquo;ombre majestueuse de la montagne sur l&rsquo;oc\u00e9an. Rejoins-nous pour ce voyage extraordinaire et \u00e9merveille-toi devant les merveilles de l&rsquo;univers.     <\/p>\n<p><b>Participants<\/b><br \/>\n&#8211; Maximum de 12 personnes par groupe\/guide<br \/>\n&#8211; Prix : 85 \u20ac par personne<br \/>\n&#8211; R\u00e9duction de groupe disponible<br \/>\n&#8211; Bonne condition physique et exp\u00e9rience des sentiers escarp\u00e9s requises<br \/>\n&#8211; Enfants uniquement \u00e0 partir de 5 ans (sur demande)<br \/>\n&#8211; Pour les ascensions avec des enfants, nous recommandons une ascension priv\u00e9e<br \/>\n&#8211; Ascension priv\u00e9e disponible sur demande et sous r\u00e9serve de disponibilit\u00e9<br \/>\n&#8211; Si aucun groupe n&rsquo;est disponible, des frais suppl\u00e9mentaires s&rsquo;appliquent pour une participation en solo.<\/p>\n<p><b>Horaire et dur\u00e9e<\/b><br \/>\n&#8211; Saison d&rsquo;\u00e9t\u00e9 : ~1 AM \u00e0 11 AM<br \/>\n&#8211; Saison d&rsquo;hiver : ~2 AM \u00e0 12 PM<br \/>\n&#8211; Dur\u00e9e moyenne : 10 \u00e0 12 heures<\/p>\n<p><b>Points forts<\/b><br \/>\n&#8211; Activit\u00e9 d&rsquo;alpinisme<br \/>\n&#8211; Niveau de difficult\u00e9 \u00e9lev\u00e9<br \/>\n&#8211; Altitude maximale : 2 351 m \/ 7 713 ft<br \/>\n&#8211; Lever de soleil au sommet<br \/>\n&#8211; Exp\u00e9rience de tourisme actif et d&rsquo;aventure<br \/>\n&#8211; Aper\u00e7u de la volcanologie<\/p>\n<p><b>Ce qui est inclus<\/b><br \/>\n\u2714 Guide certifi\u00e9 du mont Pico<br \/>\n\u2714 Frais d&rsquo;acc\u00e8s \u00e0 la r\u00e9serve naturelle du mont Pico<br \/>\n\u2714 B\u00e2tons de randonn\u00e9e<br \/>\n\u2714 Lampe frontale<br \/>\n\u2714 Crampons (hiver)<br \/>\n\u2714 Manuel d&rsquo;escalade informatif<br \/>\n\u2714 Assurance accident personnelle<br \/>\n\u2714 Certificat d&rsquo;escalade.<\/p>\n<p><b>Ce qui n&rsquo;est pas inclus<\/b><br \/>\n\u2716 Transfert du bureau Tripix \u00e0 Madalena &#8211; Mountain House &#8211; Bureau Tripix \u00e0 Madalena sur demande et sous r\u00e9serve de disponibilit\u00e9<br \/>\n\u2716 Cette activit\u00e9 ne comprend pas les repas &#8211; Lunch Box sur demande.<\/p>\n","protected":false},"excerpt":{"rendered":"<p>Dans l&rsquo;obscurit\u00e9 de la nuit et sous un ciel \u00e9toil\u00e9, nous partons \u00e0 la conqu\u00eate du mont Pico, avec la Voie lact\u00e9e en toile de fond.<br \/>\nL&rsquo;aventure culmine avec l&rsquo;arriv\u00e9e des premiers rayons du soleil, qui baignent l&rsquo;horizon au-dessus de l&rsquo;oc\u00e9an de couleurs \u00e9blouissantes. Rejoins-nous dans ce voyage cosmique et \u00e9merveille-toi devant la magnificence de l&rsquo;univers. <\/p>\n<p><script src=\"https:\/\/fareharbor.com\/embeds\/script\/calendar\/tripixazores\/items\/614376\/?asn=fhdn-eur&amp;asn-ref=guidetotheazores&amp;ref=guidetotheazores&amp;bookable-only=yes&amp;full-items=yes&amp;marketplace=yes&amp;flow=no&amp;branding=no\"><\/script><\/p>\n<p>Dur\u00e9e &#8211; 10 \u00e0 12 heures<br \/>\nPoint de rencontre &#8211; Mountain House<br \/>\n\u00c2ge &#8211; 12+<\/p>\n","protected":false},"featured_media":23048,"comment_status":"closed","ping_status":"closed","template":"","meta":{"_acf_changed":false},"product_brand":[],"product_cat":[19484,19531,19515,19486],"product_tag":[19516],"class_list":{"0":"post-23044","1":"product","2":"type-product","3":"status-publish","4":"has-post-thumbnail","6":"product_cat-activites","7":"product_cat-hiking","8":"product_cat-pico","9":"product_cat-toutes-les-iles","10":"product_tag-picoisland","12":"first","13":"instock","14":"taxable","15":"shipping-taxable","16":"product-type-external"},"acf":[],"_links":{"self":[{"href":"https:\/\/guidetotheazores.pt\/fr\/wp-json\/wp\/v2\/product\/23044","targetHints":{"allow":["GET"]}}],"collection":[{"href":"https:\/\/guidetotheazores.pt\/fr\/wp-json\/wp\/v2\/product"}],"about":[{"href":"https:\/\/guidetotheazores.pt\/fr\/wp-json\/wp\/v2\/types\/product"}],"replies":[{"embeddable":true,"href":"https:\/\/guidetotheazores.pt\/fr\/wp-json\/wp\/v2\/comments?post=23044"}],"wp:featuredmedia":[{"embeddable":true,"href":"https:\/\/guidetotheazores.pt\/fr\/wp-json\/wp\/v2\/media\/23048"}],"wp:attachment":[{"href":"https:\/\/guidetotheazores.pt\/fr\/wp-json\/wp\/v2\/media?parent=23044"}],"wp:term":[{"taxonomy":"product_brand","embeddable":true,"href":"https:\/\/guidetotheazores.pt\/fr\/wp-json\/wp\/v2\/product_brand?post=23044"},{"taxonomy":"product_cat","embeddable":true,"href":"https:\/\/guidetotheazores.pt\/fr\/wp-json\/wp\/v2\/product_cat?post=23044"},{"taxonomy":"product_tag","embeddable":true,"href":"https:\/\/guidetotheazores.pt\/fr\/wp-json\/wp\/v2\/product_tag?post=23044"}],"curies":[{"name":"wp","href":"https:\/\/api.w.org\/{rel}","templated":true}]}}