{"id":23056,"date":"2024-02-06T06:07:30","date_gmt":"2024-02-06T07:07:30","guid":{"rendered":"https:\/\/guidetotheazores.pt\/product\/o-refugio-patio-bbq-100-prive-spacieux-et-paisible-%e2%9b%b1\/"},"modified":"2024-02-06T06:07:30","modified_gmt":"2024-02-06T07:07:30","slug":"o-refugio-patio-bbq-100-prive-spacieux-et-paisible-%e2%9b%b1","status":"publish","type":"product","link":"https:\/\/guidetotheazores.pt\/fr\/produit\/o-refugio-patio-bbq-100-prive-spacieux-et-paisible-%e2%9b%b1\/","title":{"rendered":"O Ref\u00fagio &#8211; Patio &amp; BBQ | 100% priv\u00e9 | Spacieux et paisible \u26f1"},"content":{"rendered":"<p>\u00c0 Ref\u00fagio, tu te sentiras comme chez toi. Nous aimons les espaces confortables et calmes entour\u00e9s par la nature et nous avons laiss\u00e9 transpara\u00eetre cela dans nos h\u00e9bergements. <\/p>\n<p>Voici quelques-uns des points forts que nous pensons que tu appr\u00e9cieras :<\/p>\n<p>* Emplacement central mais priv\u00e9<\/p>\n<p>* Quartier calme et bien entretenu<\/p>\n<p>* Espaces spacieux<\/p>\n<p>* Grandma&rsquo;s Haystack &#8211; Four \u00e0 bois rustique avec barbecue<\/p>\n<p>* Prime Video<\/p>\n<p>* Loft<\/p>\n<p>* Parking priv\u00e9<\/p>\n<p>* Conditions sp\u00e9ciales pour les activit\u00e9s touristiques<\/p>\n<p>Bienvenue &#8211; nous sommes impatients de te rencontrer !<\/p>\n","protected":false},"excerpt":{"rendered":"<p>\u00c0 Ref\u00fagio, tu te sentiras comme chez toi. Nous aimons les espaces confortables et calmes entour\u00e9s par la nature et nous avons laiss\u00e9 transpara\u00eetre cela dans nos h\u00e9bergements. <\/p>\n<p>Maximum 3 personnes<\/p>\n","protected":false},"featured_media":23060,"comment_status":"open","ping_status":"closed","template":"","meta":{"_acf_changed":false},"product_brand":[],"product_cat":[19513,19512,19497,19486],"product_tag":[19498],"class_list":{"0":"post-23056","1":"product","2":"type-product","3":"status-publish","4":"has-post-thumbnail","6":"product_cat-alojamento-local","7":"product_cat-hebergement","8":"product_cat-terceira","9":"product_cat-toutes-les-iles","10":"product_tag-terceiraisland","12":"first","13":"instock","14":"virtual","15":"sold-individually","16":"taxable","17":"purchasable","18":"product-type-phive_booking"},"acf":[],"_links":{"self":[{"href":"https:\/\/guidetotheazores.pt\/fr\/wp-json\/wp\/v2\/product\/23056","targetHints":{"allow":["GET"]}}],"collection":[{"href":"https:\/\/guidetotheazores.pt\/fr\/wp-json\/wp\/v2\/product"}],"about":[{"href":"https:\/\/guidetotheazores.pt\/fr\/wp-json\/wp\/v2\/types\/product"}],"replies":[{"embeddable":true,"href":"https:\/\/guidetotheazores.pt\/fr\/wp-json\/wp\/v2\/comments?post=23056"}],"wp:featuredmedia":[{"embeddable":true,"href":"https:\/\/guidetotheazores.pt\/fr\/wp-json\/wp\/v2\/media\/23060"}],"wp:attachment":[{"href":"https:\/\/guidetotheazores.pt\/fr\/wp-json\/wp\/v2\/media?parent=23056"}],"wp:term":[{"taxonomy":"product_brand","embeddable":true,"href":"https:\/\/guidetotheazores.pt\/fr\/wp-json\/wp\/v2\/product_brand?post=23056"},{"taxonomy":"product_cat","embeddable":true,"href":"https:\/\/guidetotheazores.pt\/fr\/wp-json\/wp\/v2\/product_cat?post=23056"},{"taxonomy":"product_tag","embeddable":true,"href":"https:\/\/guidetotheazores.pt\/fr\/wp-json\/wp\/v2\/product_tag?post=23056"}],"curies":[{"name":"wp","href":"https:\/\/api.w.org\/{rel}","templated":true}]}}