{"id":23090,"date":"2024-02-01T20:44:52","date_gmt":"2024-02-01T21:44:52","guid":{"rendered":"https:\/\/guidetotheazores.pt\/product\/excursion-en-van-journee-complete-ile-de-terceira\/"},"modified":"2024-02-01T20:44:52","modified_gmt":"2024-02-01T21:44:52","slug":"excursion-en-van-journee-complete-ile-de-terceira","status":"publish","type":"product","link":"https:\/\/guidetotheazores.pt\/fr\/produit\/excursion-en-van-journee-complete-ile-de-terceira\/","title":{"rendered":"Excursion en van (journ\u00e9e compl\u00e8te) &#8211; \u00cele de Terceira"},"content":{"rendered":"<p>Passe par les plus beaux endroits que cette \u00eele a \u00e0 offrir.<\/p>\n<p>Dur\u00e9e : 7 heures<\/p>\n<p><strong>\u00c0 propos de :<\/strong><\/p>\n<p>L&rsquo;\u00eele de Terceira, un v\u00e9ritable paradis au milieu de l&rsquo;Atlantique compos\u00e9 de millions de sites naturels fantastiques pr\u00eats \u00e0 \u00eatre visit\u00e9s. Ce circuit passe par les plus beaux endroits que cette \u00eele a \u00e0 offrir. <\/p>\n<p><strong>Faits saillants :<\/strong><\/p>\n<p>Monte Brasil<\/p>\n<p>Point de vue sur les \u00eelots<\/p>\n<p>Plage de Vit\u00f3ria<\/p>\n<p>Serra do Cume<\/p>\n<p>Piscines naturelles de Biscoitos<\/p>\n<p>For\u00eat de Serreta<\/p>\n<p>S\u00e3o Mateus<\/p>\n<p><strong>Comprend :<\/strong><\/p>\n<p>Guide touristique<\/p>\n<p>D\u00e9gustation de fromage<\/p>\n<p>Assurance accidents corporels<\/p>\n<p>Prise en charge et d\u00e9p\u00f4t \u00e0 Angra do Hero\u00edsmo<\/p>\n<p><strong>Non inclus<\/strong><\/p>\n<p>D\u00e9jeuner<\/p>\n<p><strong>Point de rencontre :<\/strong><\/p>\n<p>Notre bureau \u00e0 Angra do Hero\u00edsmo<\/p>\n","protected":false},"excerpt":{"rendered":"<p>Passe par les plus beaux endroits que cette \u00eele a \u00e0 offrir !<\/p>\n<p>Dur\u00e9e : 7 heures<\/p>\n<p>L&rsquo;\u00eele de Terceira, un v\u00e9ritable paradis au milieu de l&rsquo;Atlantique compos\u00e9 de millions de sites naturels fantastiques pr\u00eats \u00e0 \u00eatre visit\u00e9s. Ce circuit passe par les plus beaux endroits que cette \u00eele a \u00e0 offrir. <\/p>\n<p>Point de rencontre : Notre bureau \u00e0 Angra do Hero\u00edsmo<\/p>\n","protected":false},"featured_media":23104,"comment_status":"open","ping_status":"closed","template":"","meta":{"_acf_changed":false},"product_brand":[],"product_cat":[19484,19497,19486,19500],"product_tag":[19498],"class_list":{"0":"post-23090","1":"product","2":"type-product","3":"status-publish","4":"has-post-thumbnail","6":"product_cat-activites","7":"product_cat-terceira","8":"product_cat-toutes-les-iles","9":"product_cat-visites-guidees","10":"product_tag-terceiraisland","12":"first","13":"instock","14":"virtual","15":"sold-individually","16":"taxable","17":"purchasable","18":"product-type-phive_booking"},"acf":[],"_links":{"self":[{"href":"https:\/\/guidetotheazores.pt\/fr\/wp-json\/wp\/v2\/product\/23090","targetHints":{"allow":["GET"]}}],"collection":[{"href":"https:\/\/guidetotheazores.pt\/fr\/wp-json\/wp\/v2\/product"}],"about":[{"href":"https:\/\/guidetotheazores.pt\/fr\/wp-json\/wp\/v2\/types\/product"}],"replies":[{"embeddable":true,"href":"https:\/\/guidetotheazores.pt\/fr\/wp-json\/wp\/v2\/comments?post=23090"}],"wp:featuredmedia":[{"embeddable":true,"href":"https:\/\/guidetotheazores.pt\/fr\/wp-json\/wp\/v2\/media\/23104"}],"wp:attachment":[{"href":"https:\/\/guidetotheazores.pt\/fr\/wp-json\/wp\/v2\/media?parent=23090"}],"wp:term":[{"taxonomy":"product_brand","embeddable":true,"href":"https:\/\/guidetotheazores.pt\/fr\/wp-json\/wp\/v2\/product_brand?post=23090"},{"taxonomy":"product_cat","embeddable":true,"href":"https:\/\/guidetotheazores.pt\/fr\/wp-json\/wp\/v2\/product_cat?post=23090"},{"taxonomy":"product_tag","embeddable":true,"href":"https:\/\/guidetotheazores.pt\/fr\/wp-json\/wp\/v2\/product_tag?post=23090"}],"curies":[{"name":"wp","href":"https:\/\/api.w.org\/{rel}","templated":true}]}}