{"id":23100,"date":"2024-02-05T17:07:06","date_gmt":"2024-02-05T18:07:06","guid":{"rendered":"https:\/\/guidetotheazores.pt\/product\/chambre-double-salle-de-bain-commune\/"},"modified":"2024-02-05T17:07:06","modified_gmt":"2024-02-05T18:07:06","slug":"chambre-double-salle-de-bain-commune","status":"publish","type":"product","link":"https:\/\/guidetotheazores.pt\/fr\/produit\/chambre-double-salle-de-bain-commune\/","title":{"rendered":"Chambre double &#8211; salle de bain commune"},"content":{"rendered":"<p class=\"p1\" style=\"margin: 0px;font-size: 12px;line-height: normal;font-family: Helvetica;color: #000000\">Chambre double avec t\u00e9l\u00e9vision, une salle de bain avec douche \u00e0 l&rsquo;italienne et une cuisine partag\u00e9e par deux chambres.<\/p>\n","protected":false},"excerpt":{"rendered":"<p>Chambre double avec t\u00e9l\u00e9vision, une salle de bain avec douche \u00e0 l&rsquo;italienne et une cuisine partag\u00e9e par deux chambres.<\/p>\n","protected":false},"featured_media":23101,"comment_status":"open","ping_status":"closed","template":"","meta":{"_acf_changed":false},"product_brand":[],"product_cat":[19513,19487,19512,19486],"product_tag":[19488],"class_list":{"0":"post-23100","1":"product","2":"type-product","3":"status-publish","4":"has-post-thumbnail","6":"product_cat-alojamento-local","7":"product_cat-faial","8":"product_cat-hebergement","9":"product_cat-toutes-les-iles","10":"product_tag-faialisland","12":"first","13":"instock","14":"virtual","15":"sold-individually","16":"taxable","17":"purchasable","18":"product-type-phive_booking"},"acf":[],"_links":{"self":[{"href":"https:\/\/guidetotheazores.pt\/fr\/wp-json\/wp\/v2\/product\/23100","targetHints":{"allow":["GET"]}}],"collection":[{"href":"https:\/\/guidetotheazores.pt\/fr\/wp-json\/wp\/v2\/product"}],"about":[{"href":"https:\/\/guidetotheazores.pt\/fr\/wp-json\/wp\/v2\/types\/product"}],"replies":[{"embeddable":true,"href":"https:\/\/guidetotheazores.pt\/fr\/wp-json\/wp\/v2\/comments?post=23100"}],"wp:featuredmedia":[{"embeddable":true,"href":"https:\/\/guidetotheazores.pt\/fr\/wp-json\/wp\/v2\/media\/23101"}],"wp:attachment":[{"href":"https:\/\/guidetotheazores.pt\/fr\/wp-json\/wp\/v2\/media?parent=23100"}],"wp:term":[{"taxonomy":"product_brand","embeddable":true,"href":"https:\/\/guidetotheazores.pt\/fr\/wp-json\/wp\/v2\/product_brand?post=23100"},{"taxonomy":"product_cat","embeddable":true,"href":"https:\/\/guidetotheazores.pt\/fr\/wp-json\/wp\/v2\/product_cat?post=23100"},{"taxonomy":"product_tag","embeddable":true,"href":"https:\/\/guidetotheazores.pt\/fr\/wp-json\/wp\/v2\/product_tag?post=23100"}],"curies":[{"name":"wp","href":"https:\/\/api.w.org\/{rel}","templated":true}]}}