{"id":23116,"date":"2024-02-05T16:07:01","date_gmt":"2024-02-05T17:07:01","guid":{"rendered":"https:\/\/guidetotheazores.pt\/product\/chambre-triple-avec-salle-de-bain-privee-et-cuisine\/"},"modified":"2024-02-05T16:07:01","modified_gmt":"2024-02-05T17:07:01","slug":"chambre-triple-avec-salle-de-bain-privee-et-cuisine","status":"publish","type":"product","link":"https:\/\/guidetotheazores.pt\/fr\/produit\/chambre-triple-avec-salle-de-bain-privee-et-cuisine\/","title":{"rendered":"Chambre triple avec salle de bain priv\u00e9e et cuisine"},"content":{"rendered":"<p><span style=\"color: #000000;font-family: 'Helvetica Neue', Helvetica, Roboto, Arial, sans-serif;font-size: medium\">Chambre triple avec un lit double et un lit simple dans la chambre attenante. Cette chambre poss\u00e8de \u00e9galement une salle de bain priv\u00e9e avec une douche \u00e0 l&rsquo;italienne, ainsi qu&rsquo;une cuisine dans la cour en face de la chambre <\/span><\/p>\n","protected":false},"excerpt":{"rendered":"<p>Chambre triple avec un lit double et un lit simple dans la chambre attenante. Cette chambre poss\u00e8de \u00e9galement une salle de bain priv\u00e9e avec une douche \u00e0 l&rsquo;italienne, ainsi qu&rsquo;une cuisine dans la cour en face de la chambre <\/p>\n","protected":false},"featured_media":23125,"comment_status":"open","ping_status":"closed","template":"","meta":{"_acf_changed":false},"product_brand":[],"product_cat":[19513,19487,19512,19486],"product_tag":[19488],"class_list":{"0":"post-23116","1":"product","2":"type-product","3":"status-publish","4":"has-post-thumbnail","6":"product_cat-alojamento-local","7":"product_cat-faial","8":"product_cat-hebergement","9":"product_cat-toutes-les-iles","10":"product_tag-faialisland","12":"first","13":"instock","14":"virtual","15":"sold-individually","16":"taxable","17":"purchasable","18":"product-type-phive_booking"},"acf":[],"_links":{"self":[{"href":"https:\/\/guidetotheazores.pt\/fr\/wp-json\/wp\/v2\/product\/23116","targetHints":{"allow":["GET"]}}],"collection":[{"href":"https:\/\/guidetotheazores.pt\/fr\/wp-json\/wp\/v2\/product"}],"about":[{"href":"https:\/\/guidetotheazores.pt\/fr\/wp-json\/wp\/v2\/types\/product"}],"replies":[{"embeddable":true,"href":"https:\/\/guidetotheazores.pt\/fr\/wp-json\/wp\/v2\/comments?post=23116"}],"wp:featuredmedia":[{"embeddable":true,"href":"https:\/\/guidetotheazores.pt\/fr\/wp-json\/wp\/v2\/media\/23125"}],"wp:attachment":[{"href":"https:\/\/guidetotheazores.pt\/fr\/wp-json\/wp\/v2\/media?parent=23116"}],"wp:term":[{"taxonomy":"product_brand","embeddable":true,"href":"https:\/\/guidetotheazores.pt\/fr\/wp-json\/wp\/v2\/product_brand?post=23116"},{"taxonomy":"product_cat","embeddable":true,"href":"https:\/\/guidetotheazores.pt\/fr\/wp-json\/wp\/v2\/product_cat?post=23116"},{"taxonomy":"product_tag","embeddable":true,"href":"https:\/\/guidetotheazores.pt\/fr\/wp-json\/wp\/v2\/product_tag?post=23116"}],"curies":[{"name":"wp","href":"https:\/\/api.w.org\/{rel}","templated":true}]}}