{"id":23124,"date":"2024-01-31T18:47:36","date_gmt":"2024-01-31T19:47:36","guid":{"rendered":"https:\/\/guidetotheazores.pt\/product\/maravilha-verde-journee-entiere-sur-lile-de-flores\/"},"modified":"2024-01-31T18:47:36","modified_gmt":"2024-01-31T19:47:36","slug":"maravilha-verde-journee-entiere-sur-lile-de-flores","status":"publish","type":"product","link":"https:\/\/guidetotheazores.pt\/fr\/produit\/maravilha-verde-journee-entiere-sur-lile-de-flores\/","title":{"rendered":"Maravilha Verde &#8211; Journ\u00e9e enti\u00e8re sur l&rsquo;\u00eele de Flores"},"content":{"rendered":"<p>Maravilha Verde Tour propose un voyage exclusif \u00e0 travers la beaut\u00e9 naturelle de l&rsquo;\u00eele de Flores.<\/p>\n<p>D&rsquo;une dur\u00e9e de 7 heures, cette excursion est parfaite pour ceux qui restent peu de temps sur l&rsquo;\u00eele. Nos guides sont locaux et certifi\u00e9s par Experience OC, et partageront toutes leurs connaissances sur les esp\u00e8ces end\u00e9miques, la gastronomie et les faits historiques de l&rsquo;\u00eele. <\/p>\n<p>Nous t&rsquo;accompagnons depuis ton h\u00e9bergement jusqu&rsquo;au point de d\u00e9part du sentier et retour. Nous proposons \u00e9galement plusieurs sentiers personnalisables. <\/p>\n<p>Point de rencontre \/ de ramassage :<\/p>\n<p>Cette excursion commence \u00e0 9h00<\/p>\n<p>Nous t&rsquo;accompagnerons depuis ton h\u00e9bergement jusqu&rsquo;au point de d\u00e9part du sentier et retour.<\/p>\n<p><strong>Itin\u00e9raire<\/strong><\/p>\n<p>Point de vue Alagoa Ponta Ru\u00edva (mus\u00e9e + point de vue Ilh\u00e9u Furado)<\/p>\n<p>Point de vue de Ponta Delgada<\/p>\n<p>7 lagons<\/p>\n<p>Rocha dos Bord\u00f5es<\/p>\n<p>Portail Point de vue<\/p>\n<p>Point de vue de Craveiro Lopes<\/p>\n<p>Village de Lajes<\/p>\n<p>\u00c9glise de Lajes<\/p>\n<p>Puits de Ribeira do Ferreiro<\/p>\n<p>Faj\u00e3 Grande<\/p>\n<p>Puits de morue<\/p>\n<p><strong>Dur\u00e9e : 7h<\/strong><\/p>\n<p>Cat\u00e9gorie de visite : Visite guid\u00e9e<\/p>\n<p><strong>Comprend<\/strong><\/p>\n<p>Assurance<\/p>\n<p>Transfert depuis le lieu de s\u00e9jour et retour<\/p>\n<p>Guide certifi\u00e9 en portugais<\/p>\n<p>Imp\u00f4ts<\/p>\n<p><strong>Recommand\u00e9<\/strong><\/p>\n<p>Chaussures de randonn\u00e9e adapt\u00e9es (bottes), v\u00eatements confortables, veste l\u00e9g\u00e8re, T-shirt ou pull suppl\u00e9mentaire, renfort alimentaire, eau, maillot de bain, serviette, sac \u00e0 dos, cr\u00e8me solaire et chapeau.<\/p>\n<p>&nbsp;<\/p>\n","protected":false},"excerpt":{"rendered":"<p>Maravilha Verde Tour propose un voyage exclusif \u00e0 travers la beaut\u00e9 naturelle de l&rsquo;\u00eele de Flores.<\/p>\n<p>D&rsquo;une dur\u00e9e de 7 heures, cette excursion est parfaite pour ceux qui restent peu de temps sur l&rsquo;\u00eele. Nos guides sont locaux et certifi\u00e9s par Experience OC, et partageront toutes leurs connaissances sur les esp\u00e8ces end\u00e9miques, la gastronomie et les faits historiques de l&rsquo;\u00eele. <\/p>\n<p>Nous t&rsquo;accompagnons depuis ton h\u00e9bergement jusqu&rsquo;au point de d\u00e9part du sentier et retour. Nous proposons \u00e9galement plusieurs sentiers personnalisables. <\/p>\n<p><strong>Point de rencontre et prise en charge : Faj\u00e3 Grande : 9h00<\/strong><\/p>\n<p><strong>Point de rencontre et prise en charge : Santa Cruz : 9h30<\/strong><\/p>\n","protected":false},"featured_media":23136,"comment_status":"open","ping_status":"closed","template":"","meta":{"_acf_changed":false},"product_brand":[],"product_cat":[19484,19523,19486,19500],"product_tag":[19524],"class_list":{"0":"post-23124","1":"product","2":"type-product","3":"status-publish","4":"has-post-thumbnail","6":"product_cat-activites","7":"product_cat-flores","8":"product_cat-toutes-les-iles","9":"product_cat-visites-guidees","10":"product_tag-ile-aux-fleurs","12":"first","13":"instock","14":"virtual","15":"sold-individually","16":"taxable","17":"purchasable","18":"product-type-phive_booking"},"acf":[],"_links":{"self":[{"href":"https:\/\/guidetotheazores.pt\/fr\/wp-json\/wp\/v2\/product\/23124","targetHints":{"allow":["GET"]}}],"collection":[{"href":"https:\/\/guidetotheazores.pt\/fr\/wp-json\/wp\/v2\/product"}],"about":[{"href":"https:\/\/guidetotheazores.pt\/fr\/wp-json\/wp\/v2\/types\/product"}],"replies":[{"embeddable":true,"href":"https:\/\/guidetotheazores.pt\/fr\/wp-json\/wp\/v2\/comments?post=23124"}],"wp:featuredmedia":[{"embeddable":true,"href":"https:\/\/guidetotheazores.pt\/fr\/wp-json\/wp\/v2\/media\/23136"}],"wp:attachment":[{"href":"https:\/\/guidetotheazores.pt\/fr\/wp-json\/wp\/v2\/media?parent=23124"}],"wp:term":[{"taxonomy":"product_brand","embeddable":true,"href":"https:\/\/guidetotheazores.pt\/fr\/wp-json\/wp\/v2\/product_brand?post=23124"},{"taxonomy":"product_cat","embeddable":true,"href":"https:\/\/guidetotheazores.pt\/fr\/wp-json\/wp\/v2\/product_cat?post=23124"},{"taxonomy":"product_tag","embeddable":true,"href":"https:\/\/guidetotheazores.pt\/fr\/wp-json\/wp\/v2\/product_tag?post=23124"}],"curies":[{"name":"wp","href":"https:\/\/api.w.org\/{rel}","templated":true}]}}