{"id":23181,"date":"2023-06-02T13:29:04","date_gmt":"2023-06-02T14:29:04","guid":{"rendered":"https:\/\/guidetotheazores.pt\/product\/chambre-simple-bela-vista-travel\/"},"modified":"2023-06-02T13:29:04","modified_gmt":"2023-06-02T14:29:04","slug":"chambre-simple-bela-vista-travel","status":"publish","type":"product","link":"https:\/\/guidetotheazores.pt\/fr\/produit\/chambre-simple-bela-vista-travel\/","title":{"rendered":"Chambre simple &#8211; Bela Vista Travel"},"content":{"rendered":"<p><span dir=\"auto\" style=\"vertical-align: inherit\"><span dir=\"auto\" style=\"vertical-align: inherit\">A Bela Vista Accomodation oferece uma localiza\u00e7\u00e3o \u00e0 beira-mar nas Lajes do Pico, Ilha do Pico, A\u00e7ores.<\/span><\/span><\/p>\n<p><span dir=\"auto\" style=\"vertical-align: inherit\"><span dir=\"auto\" style=\"vertical-align: inherit\">Comodidades :<\/span><\/span><\/p>\n<div class=\"eltd-tag-item\">\n<ul>\n<li class=\"eltd-hr-amenity-title\"><span dir=\"auto\" style=\"vertical-align: inherit\"><span dir=\"auto\" style=\"vertical-align: inherit\">1 cama de solteiro<\/span><\/span><\/li>\n<li class=\"eltd-hr-amenity-title\"><span dir=\"auto\" style=\"vertical-align: inherit\"><span dir=\"auto\" style=\"vertical-align: inherit\">Ar condicionado<\/span><\/span><\/li>\n<li class=\"eltd-hr-amenity-title\"><span dir=\"auto\" style=\"vertical-align: inherit\"><span dir=\"auto\" style=\"vertical-align: inherit\">Sacada<\/span><\/span><\/li>\n<li class=\"eltd-hr-amenity-title\"><span dir=\"auto\" style=\"vertical-align: inherit\"><span dir=\"auto\" style=\"vertical-align: inherit\">Caf\u00e9 da manh\u00e3 inclu\u00eddo<\/span><\/span><\/li>\n<li class=\"eltd-hr-amenity-title\"><span dir=\"auto\" style=\"vertical-align: inherit\"><span dir=\"auto\" style=\"vertical-align: inherit\">Arm\u00e1rio<\/span><\/span><\/li>\n<li class=\"eltd-hr-amenity-title\"><span dir=\"auto\" style=\"vertical-align: inherit\"><span dir=\"auto\" style=\"vertical-align: inherit\">Wi-Fi gratuit<\/span><\/span><\/li>\n<li class=\"eltd-hr-amenity-title\"><span dir=\"auto\" style=\"vertical-align: inherit\"><span dir=\"auto\" style=\"vertical-align: inherit\">Secador de cabelo<\/span><\/span><\/li>\n<li class=\"eltd-hr-amenity-title\"><span dir=\"auto\" style=\"vertical-align: inherit\"><span dir=\"auto\" style=\"vertical-align: inherit\">Vue de la page int\u00e9rieure<\/span><\/span><\/li>\n<li class=\"eltd-hr-amenity-title\"><span dir=\"auto\" style=\"vertical-align: inherit\"><span dir=\"auto\" style=\"vertical-align: inherit\">Vue de la montagne<\/span><\/span><\/li>\n<li class=\"eltd-hr-amenity-title\"><span dir=\"auto\" style=\"vertical-align: inherit\"><span dir=\"auto\" style=\"vertical-align: inherit\">Banheiro privativo<\/span><\/span><\/li>\n<li class=\"eltd-hr-amenity-title\"><span dir=\"auto\" style=\"vertical-align: inherit\"><span dir=\"auto\" style=\"vertical-align: inherit\">Quarto privativo de 16 m\u00b2<\/span><\/span><\/li>\n<li class=\"eltd-hr-amenity-title\"><span dir=\"auto\" style=\"vertical-align: inherit\"><span dir=\"auto\" style=\"vertical-align: inherit\">Vista para o mar<\/span><\/span><\/li>\n<li class=\"eltd-hr-amenity-title\"><span dir=\"auto\" style=\"vertical-align: inherit\"><span dir=\"auto\" style=\"vertical-align: inherit\">Terra\u00e7o<\/span><\/span><\/li>\n<\/ul>\n<\/div>\n","protected":false},"excerpt":{"rendered":"<p><span dir=\"auto\" style=\"vertical-align: inherit\"><span dir=\"auto\" style=\"vertical-align: inherit\">A Bela Vista Accomodation oferece uma localiza\u00e7\u00e3o \u00e0 beira-mar nas Lajes do Pico, Ilha do Pico, A\u00e7ores<\/span><\/span><\/p>\n<p><span dir=\"auto\" style=\"vertical-align: inherit\"><span dir=\"auto\" style=\"vertical-align: inherit\">Quarto individual<\/span><\/span><\/p>\n","protected":false},"featured_media":23183,"comment_status":"open","ping_status":"closed","template":"","meta":{"_acf_changed":false},"product_brand":[],"product_cat":[19512],"product_tag":[],"class_list":{"0":"post-23181","1":"product","2":"type-product","3":"status-publish","4":"has-post-thumbnail","6":"product_cat-hebergement","8":"first","9":"instock","10":"virtual","11":"sold-individually","12":"taxable","13":"purchasable","14":"product-type-phive_booking"},"acf":[],"_links":{"self":[{"href":"https:\/\/guidetotheazores.pt\/fr\/wp-json\/wp\/v2\/product\/23181","targetHints":{"allow":["GET"]}}],"collection":[{"href":"https:\/\/guidetotheazores.pt\/fr\/wp-json\/wp\/v2\/product"}],"about":[{"href":"https:\/\/guidetotheazores.pt\/fr\/wp-json\/wp\/v2\/types\/product"}],"replies":[{"embeddable":true,"href":"https:\/\/guidetotheazores.pt\/fr\/wp-json\/wp\/v2\/comments?post=23181"}],"wp:featuredmedia":[{"embeddable":true,"href":"https:\/\/guidetotheazores.pt\/fr\/wp-json\/wp\/v2\/media\/23183"}],"wp:attachment":[{"href":"https:\/\/guidetotheazores.pt\/fr\/wp-json\/wp\/v2\/media?parent=23181"}],"wp:term":[{"taxonomy":"product_brand","embeddable":true,"href":"https:\/\/guidetotheazores.pt\/fr\/wp-json\/wp\/v2\/product_brand?post=23181"},{"taxonomy":"product_cat","embeddable":true,"href":"https:\/\/guidetotheazores.pt\/fr\/wp-json\/wp\/v2\/product_cat?post=23181"},{"taxonomy":"product_tag","embeddable":true,"href":"https:\/\/guidetotheazores.pt\/fr\/wp-json\/wp\/v2\/product_tag?post=23181"}],"curies":[{"name":"wp","href":"https:\/\/api.w.org\/{rel}","templated":true}]}}