{"id":23200,"date":"2026-01-06T08:29:44","date_gmt":"2026-01-06T09:29:44","guid":{"rendered":"https:\/\/guidetotheazores.pt\/product\/safari-en-4x4-dune-journee-sete-cidades-et-lagoa-do-fogo\/"},"modified":"2026-01-06T08:29:44","modified_gmt":"2026-01-06T09:29:44","slug":"safari-en-4x4-dune-journee-sete-cidades-et-lagoa-do-fogo","status":"publish","type":"product","link":"https:\/\/guidetotheazores.pt\/fr\/produit\/safari-en-4x4-dune-journee-sete-cidades-et-lagoa-do-fogo\/","title":{"rendered":"Safari en 4&#215;4 d&rsquo;une journ\u00e9e : Sete Cidades et Lagoa do Fogo"},"content":{"rendered":"<h2 data-start=\"273\" data-end=\"469\">Explore les merveilles de Sete Cidades et de Lagoa Do Fogo avec une excursion en 4\u00d74 d&rsquo;une journ\u00e9e enti\u00e8re !<\/h2>\n<p class=\"\" data-start=\"273\" data-end=\"469\">Explore les paysages volcaniques spectaculaires et les merveilles naturelles de S\u00e3o Miguel lors de cette excursion d&rsquo;une journ\u00e9e en jeep, qui combine deux des points forts les plus embl\u00e9matiques de l&rsquo;\u00eele : <strong data-start=\"430\" data-end=\"446\">Sete Cidades<\/strong> et <strong data-start=\"451\" data-end=\"468\">Lagoa do Fogo<\/strong>.<\/p>\n<p class=\"\" data-start=\"471\" data-end=\"840\">Nous commen\u00e7ons la journ\u00e9e \u00e0 <strong data-start=\"491\" data-end=\"508\">Ponta Delgada<\/strong>, en nous dirigeant vers l&rsquo;ouest pour visiter le <strong data-start=\"532\" data-end=\"561\">Miradouro da Vista do Rei<\/strong>, o\u00f9 tu pourras admirer la c\u00e9l\u00e8bre vue panoramique des lacs jumeaux \u00e0 l&rsquo;int\u00e9rieur du crat\u00e8re volcanique de Sete Cidades. De l\u00e0, nous descendons vers les rives de <strong data-start=\"709\" data-end=\"735\">Lagoa das Sete Cidades<\/strong> et explorons le paisible village de <strong data-start=\"772\" data-end=\"788\">Sete Cidades<\/strong>, qui abrite la pittoresque <strong data-start=\"814\" data-end=\"839\">Igreja de S\u00e3o Nicolau<\/strong>. <\/p>\n<p class=\"\" data-start=\"842\" data-end=\"1141\">En continuant le voyage, nous passons devant l&rsquo;aqueduc historique de <strong data-start=\"890\" data-end=\"915\">Muro das Nove Janelas<\/strong> et nous nous dirigeons vers le littoral accident\u00e9 pr\u00e8s de <strong data-start=\"967\" data-end=\"978\">Capelas<\/strong>, offrant des vues sur l&rsquo;oc\u00e9an et des formations rocheuses volcaniques. Nous nous arr\u00eaterons \u00e9galement \u00e0 <strong data-start=\"1050\" data-end=\"1070\">Mulher do Capote<\/strong>, une distillerie locale o\u00f9 tu pourras d\u00e9guster des liqueurs a\u00e7oriennes traditionnelles. <\/p>\n<p class=\"\" data-start=\"1143\" data-end=\"1444\">Apr\u00e8s une <strong data-start=\"1160\" data-end=\"1175\">pause d\u00e9jeuner<\/strong> relaxante, nous nous dirigeons vers <strong data-start=\"1196\" data-end=\"1214\">Ribeira Grande<\/strong>, la ville du nord de l&rsquo;\u00eele connue pour son charme historique et son activit\u00e9 g\u00e9othermique. De l\u00e0, nous visitons la <strong data-start=\"1329\" data-end=\"1359\">cascade<\/strong> pittoresque <strong data-start=\"1329\" data-end=\"1359\">de Salto do Cabrito<\/strong>, nich\u00e9e dans l&rsquo;int\u00e9rieur luxuriant de l&rsquo;\u00eele &#8211; un joyau cach\u00e9 parfait pour les amoureux de la nature. <\/p>\n<p>Nous terminons la journ\u00e9e par une promenade en voiture jusqu&rsquo;au <strong data-start=\"158\" data-end=\"190\">Lagoa do Fogo (lac de feu)<\/strong>, l&rsquo;un des lacs de crat\u00e8re les plus beaux et les plus intacts de l&rsquo;\u00eele. Entour\u00e9 de pentes abruptes et de for\u00eats indig\u00e8nes, c&rsquo;est un endroit paisible qui offre une vue imprenable \u00e0 la fois sur le lac et sur l&rsquo;\u00eele. Depuis le <strong data-start=\"382\" data-end=\"414\">Miradouro do Pico da Barrosa<\/strong>, tu auras l&rsquo;un des meilleurs points de vue sur S\u00e3o Miguel avant de retourner \u00e0 <strong data-start=\"488\" data-end=\"505\">Ponta Delgada<\/strong>.  <\/p>\n<p class=\"\" data-start=\"1143\" data-end=\"1444\"><strong>Tu peux pr\u00e9voir le d\u00e9jeuner directement avec le chauffeur de la jeep.<\/strong><\/p>\n<p>\u00c0 Safari Azores, nous pensons que la meilleure fa\u00e7on de d\u00e9couvrir S\u00e3o Miguel est de sortir des sentiers battus. Nos guides locaux experts t&#8217;emm\u00e8nent dans des aventures en jeep 4\u00d74 \u00e0 travers des lacs de crat\u00e8re, des cascades, des falaises c\u00f4ti\u00e8res et de charmants villages, partageant en chemin les histoires et les traditions de l&rsquo;\u00eele. <\/p>\n<p>Avec des petits groupes, un service de ramassage \u00e0 l&rsquo;h\u00f4tel et une touche personnelle, chaque excursion est con\u00e7ue pour offrir une exp\u00e9rience relaxante, authentique et inoubliable. Laisse-nous t&#8217;emmener hors des sentiers battus et te montrer la v\u00e9ritable beaut\u00e9 des A\u00e7ores. <\/p>\n<p>&nbsp;<\/p>\n","protected":false},"excerpt":{"rendered":"<h2 data-start=\"273\" data-end=\"469\">Explore les merveilles de Sete Cidades et de Lagoa Do Fogo avec une excursion en 4\u00d74 d&rsquo;une journ\u00e9e enti\u00e8re !<\/h2>\n<p class=\"\" data-start=\"273\" data-end=\"469\">Explore les paysages volcaniques spectaculaires et les merveilles naturelles de S\u00e3o Miguel lors de cette excursion d&rsquo;une journ\u00e9e en jeep, qui combine deux des points forts les plus embl\u00e9matiques de l&rsquo;\u00eele : <strong data-start=\"430\" data-end=\"446\">Sete Cidades<\/strong> et <strong data-start=\"451\" data-end=\"468\">Lagoa do Fogo<\/strong>.<\/p>\n","protected":false},"featured_media":23202,"comment_status":"open","ping_status":"closed","template":"","meta":{"_acf_changed":false},"product_brand":[],"product_cat":[19484,19525,19527,19486,19500,19543],"product_tag":[19528],"class_list":{"0":"post-23200","1":"product","2":"type-product","3":"status-publish","4":"has-post-thumbnail","6":"product_cat-activites","7":"product_cat-geotourisme","8":"product_cat-sao-miguel","9":"product_cat-toutes-les-iles","10":"product_cat-visites-guidees","11":"product_cat-voyages-organises","12":"product_tag-saomiguelisland","14":"first","15":"instock","16":"virtual","17":"sold-individually","18":"taxable","19":"purchasable","20":"product-type-phive_booking"},"acf":[],"_links":{"self":[{"href":"https:\/\/guidetotheazores.pt\/fr\/wp-json\/wp\/v2\/product\/23200","targetHints":{"allow":["GET"]}}],"collection":[{"href":"https:\/\/guidetotheazores.pt\/fr\/wp-json\/wp\/v2\/product"}],"about":[{"href":"https:\/\/guidetotheazores.pt\/fr\/wp-json\/wp\/v2\/types\/product"}],"replies":[{"embeddable":true,"href":"https:\/\/guidetotheazores.pt\/fr\/wp-json\/wp\/v2\/comments?post=23200"}],"wp:featuredmedia":[{"embeddable":true,"href":"https:\/\/guidetotheazores.pt\/fr\/wp-json\/wp\/v2\/media\/23202"}],"wp:attachment":[{"href":"https:\/\/guidetotheazores.pt\/fr\/wp-json\/wp\/v2\/media?parent=23200"}],"wp:term":[{"taxonomy":"product_brand","embeddable":true,"href":"https:\/\/guidetotheazores.pt\/fr\/wp-json\/wp\/v2\/product_brand?post=23200"},{"taxonomy":"product_cat","embeddable":true,"href":"https:\/\/guidetotheazores.pt\/fr\/wp-json\/wp\/v2\/product_cat?post=23200"},{"taxonomy":"product_tag","embeddable":true,"href":"https:\/\/guidetotheazores.pt\/fr\/wp-json\/wp\/v2\/product_tag?post=23200"}],"curies":[{"name":"wp","href":"https:\/\/api.w.org\/{rel}","templated":true}]}}