{"id":23215,"date":"2025-05-15T21:39:01","date_gmt":"2025-05-15T22:39:01","guid":{"rendered":"https:\/\/guidetotheazores.pt\/product\/debutant-en-stand-up-paddle-sup\/"},"modified":"2025-05-15T21:39:01","modified_gmt":"2025-05-15T22:39:01","slug":"debutant-en-stand-up-paddle-sup","status":"publish","type":"product","link":"https:\/\/guidetotheazores.pt\/fr\/produit\/debutant-en-stand-up-paddle-sup\/","title":{"rendered":"D\u00e9butant en Stand Up Paddle (SUP)"},"content":{"rendered":"<p>Le niveau d\u00e9butant convient aux personnes qui veulent d\u00e9couvrir cette activit\u00e9 d&rsquo;aventure pour la premi\u00e8re fois. Ce niveau se caract\u00e9rise par une faible difficult\u00e9 et des zones facilement accessibles, o\u00f9 tu apprendras les principales techniques et r\u00e8gles de s\u00e9curit\u00e9. <\/p>\n<p>Comprend :<\/p>\n<ul class=\"include\">\n<li><span dir=\"auto\">Prise en charge et d\u00e9p\u00f4t \u00e0 l&rsquo;h\u00e9bergement ;<\/span><\/li>\n<li><i class=\"input-icon field-icon fa\"><\/i><span dir=\"auto\">Mat\u00e9riel sp\u00e9cialis\u00e9 ;<\/span><\/li>\n<li><i class=\"input-icon field-icon fa\"><\/i><span dir=\"auto\">Guide d&rsquo;accompagnement ;<\/span><\/li>\n<li><i class=\"input-icon field-icon fa\"><\/i><span dir=\"auto\">Collation ;<\/span><\/li>\n<li><i class=\"input-icon field-icon fa\"><\/i><span dir=\"auto\">S\u00fbr.<\/span><\/li>\n<\/ul>\n","protected":false},"excerpt":{"rendered":"<p>Le niveau d\u00e9butant convient aux personnes qui veulent d\u00e9couvrir cette activit\u00e9 d&rsquo;aventure pour la premi\u00e8re fois. Ce niveau se caract\u00e9rise par une faible difficult\u00e9 et des zones facilement accessibles, o\u00f9 tu apprendras les principales techniques et r\u00e8gles de s\u00e9curit\u00e9. <\/p>\n","protected":false},"featured_media":23216,"comment_status":"open","ping_status":"closed","template":"","meta":{"_acf_changed":false},"product_brand":[],"product_cat":[19484,19497,19486],"product_tag":[19498],"class_list":{"0":"post-23215","1":"product","2":"type-product","3":"status-publish","4":"has-post-thumbnail","6":"product_cat-activites","7":"product_cat-terceira","8":"product_cat-toutes-les-iles","9":"product_tag-terceiraisland","11":"first","12":"instock","13":"virtual","14":"sold-individually","15":"taxable","16":"purchasable","17":"product-type-phive_booking"},"acf":[],"_links":{"self":[{"href":"https:\/\/guidetotheazores.pt\/fr\/wp-json\/wp\/v2\/product\/23215","targetHints":{"allow":["GET"]}}],"collection":[{"href":"https:\/\/guidetotheazores.pt\/fr\/wp-json\/wp\/v2\/product"}],"about":[{"href":"https:\/\/guidetotheazores.pt\/fr\/wp-json\/wp\/v2\/types\/product"}],"replies":[{"embeddable":true,"href":"https:\/\/guidetotheazores.pt\/fr\/wp-json\/wp\/v2\/comments?post=23215"}],"wp:featuredmedia":[{"embeddable":true,"href":"https:\/\/guidetotheazores.pt\/fr\/wp-json\/wp\/v2\/media\/23216"}],"wp:attachment":[{"href":"https:\/\/guidetotheazores.pt\/fr\/wp-json\/wp\/v2\/media?parent=23215"}],"wp:term":[{"taxonomy":"product_brand","embeddable":true,"href":"https:\/\/guidetotheazores.pt\/fr\/wp-json\/wp\/v2\/product_brand?post=23215"},{"taxonomy":"product_cat","embeddable":true,"href":"https:\/\/guidetotheazores.pt\/fr\/wp-json\/wp\/v2\/product_cat?post=23215"},{"taxonomy":"product_tag","embeddable":true,"href":"https:\/\/guidetotheazores.pt\/fr\/wp-json\/wp\/v2\/product_tag?post=23215"}],"curies":[{"name":"wp","href":"https:\/\/api.w.org\/{rel}","templated":true}]}}