{"id":23218,"date":"2025-03-24T07:47:58","date_gmt":"2025-03-24T08:47:58","guid":{"rendered":"https:\/\/guidetotheazores.pt\/product\/furnas-mystic-tour-sources-deau-chaude-et-diner-compris\/"},"modified":"2025-03-24T07:47:58","modified_gmt":"2025-03-24T08:47:58","slug":"furnas-mystic-tour-sources-deau-chaude-et-diner-compris","status":"publish","type":"product","link":"https:\/\/guidetotheazores.pt\/fr\/produit\/furnas-mystic-tour-sources-deau-chaude-et-diner-compris\/","title":{"rendered":"Furnas : Mystic Tour (sources d&rsquo;eau chaude et d\u00eener compris)"},"content":{"rendered":"<p style=\"color: #000000;font-family: 'Helvetica Neue', Helvetica, Roboto, Arial, sans-serif;margin: 0px 0px 20px\">Visite la tr\u00e8s anim\u00e9e Lagoa das Furnas. Fais plaisir \u00e0 tes papilles avec le traditionnel \u00ab\u00a0Cozido das Furnas\u00a0\u00bb. Trempe ton corps et ton \u00e2me dans les sources chaudes de Furnas \u00e0 l&rsquo;heure dor\u00e9e, entre le cr\u00e9puscule et la nuit. D\u00e9couvre le v\u00e9ritable mysticisme du village de Furnas la nuit.   <\/p>\n<p style=\"color: #000000;font-family: 'Helvetica Neue', Helvetica, Roboto, Arial, sans-serif;margin: 0px 0px 20px\">**Recueil \u00e0 17h30 (17h30), D\u00e9pose \u00e0 23h30 (23h30) depuis et vers ton h\u00e9bergement**.<\/p>\n<ol>\n<li style=\"color: #000000;font-family: 'Helvetica Neue', Helvetica, Roboto, Arial, sans-serif\">Ramassage + arr\u00eat photo rapide &#8211; \u00eelot Vila Franca do Campo (1h00m)<\/li>\n<li style=\"color: #000000;font-family: 'Helvetica Neue', Helvetica, Roboto, Arial, sans-serif\">Arr\u00eat &#8211; Lagon de Furnas (30m)<\/li>\n<li style=\"color: #000000;font-family: 'Helvetica Neue', Helvetica, Roboto, Arial, sans-serif\">Traditionnel \u00ab\u00a0Cozido das Furnas\u00a0\u00bb &#8211; D\u00eener dans un restaurant local (1h30m)<\/li>\n<li style=\"color: #000000;font-family: 'Helvetica Neue', Helvetica, Roboto, Arial, sans-serif\">Bains de Furnas &#8211; \u00ab\u00a0Po\u00e7a da Dona Beija\u00a0\u00bb (1h30m)<\/li>\n<li style=\"color: #000000;font-family: 'Helvetica Neue', Helvetica, Roboto, Arial, sans-serif\">Petite promenade de curiosit\u00e9 &#8211; Jardin \u00ab\u00a0Alameda\u00a0\u00bb (15m)<\/li>\n<li style=\"color: #000000;font-family: 'Helvetica Neue', Helvetica, Roboto, Arial, sans-serif\">Petite promenade et gourmandises &#8211; Fumaroles embl\u00e9matiques de Furnas et \u00ab\u00a0Caldeiras\u00a0\u00bb (30m)<\/li>\n<li style=\"color: #000000;font-family: 'Helvetica Neue', Helvetica, Roboto, Arial, sans-serif\">Drive-by + Drop-off &#8211; Municipalit\u00e9 de Ribeira Grande (45m)<\/li>\n<\/ol>\n<p style=\"color: #000000;font-family: 'Helvetica Neue', Helvetica, Roboto, Arial, sans-serif;margin: 0px 0px 20px\">Inclus<br \/>\n-Accueil et retour \u00e0 l&rsquo;endroit choisi (conditions applicables) ;<br \/>\n-Guide touristique local ;<br \/>\n-Van avec air conditionn\u00e9 et pare-brise panoramique ;<br \/>\n-Acc\u00e8s aux bains thermaux (OFFRE EXCLUSIVE) ;<br \/>\nD\u00eener de rago\u00fbt g\u00e9o-cuisin\u00e9 de Furnas (\u00ab\u00a0Cozido das Furnas\u00a0\u00bb) dans un restaurant local (option v\u00e9g\u00e9tarienne disponible) ;<br \/>\n-D\u00e9gustation de friandises locales (OFFRE EXCLUSIVE) ;<br \/>\n-Bouteille d&rsquo;eau ;<br \/>\n-Assurances pour les excursions.<\/p>\n","protected":false},"excerpt":{"rendered":"<p style=\"color: #000000;font-family: 'Helvetica Neue', Helvetica, Roboto, Arial, sans-serif;margin: 0px 0px 20px\">Visite la tr\u00e8s anim\u00e9e Lagoa das Furnas. Fais plaisir \u00e0 tes papilles avec le traditionnel \u00ab\u00a0Cozido das Furnas\u00a0\u00bb. Trempe ton corps et ton \u00e2me dans les sources chaudes de Furnas \u00e0 l&rsquo;heure dor\u00e9e, entre le cr\u00e9puscule et la nuit. D\u00e9couvre le v\u00e9ritable mysticisme du village de Furnas la nuit.   <\/p>\n<p style=\"color: #000000;font-family: 'Helvetica Neue', Helvetica, Roboto, Arial, sans-serif;margin: 0px 0px 20px\">**Recueil \u00e0 17h30 (17h30), D\u00e9pose \u00e0 23h30 (23h30) depuis et vers ton h\u00e9bergement**.<\/p>\n<ol>\n<li style=\"color: #000000;font-family: 'Helvetica Neue', Helvetica, Roboto, Arial, sans-serif\">Ramassage + arr\u00eat photo rapide &#8211; \u00eelot Vila Franca do Campo (1h00m)<\/li>\n<li style=\"color: #000000;font-family: 'Helvetica Neue', Helvetica, Roboto, Arial, sans-serif\">Arr\u00eat &#8211; Lagon de Furnas (30m)<\/li>\n<li style=\"color: #000000;font-family: 'Helvetica Neue', Helvetica, Roboto, Arial, sans-serif\">Traditionnel \u00ab\u00a0Cozido das Furnas\u00a0\u00bb &#8211; D\u00eener dans un restaurant local (1h30m)<\/li>\n<li style=\"color: #000000;font-family: 'Helvetica Neue', Helvetica, Roboto, Arial, sans-serif\">Bains de Furnas &#8211; \u00ab\u00a0Po\u00e7a da Dona Beija\u00a0\u00bb (1h30m)<\/li>\n<li style=\"color: #000000;font-family: 'Helvetica Neue', Helvetica, Roboto, Arial, sans-serif\">Petite promenade de curiosit\u00e9 &#8211; Jardin \u00ab\u00a0Alameda\u00a0\u00bb (15m)<\/li>\n<li style=\"color: #000000;font-family: 'Helvetica Neue', Helvetica, Roboto, Arial, sans-serif\">Petite promenade et gourmandises &#8211; Fumaroles embl\u00e9matiques de Furnas et \u00ab\u00a0Caldeiras\u00a0\u00bb (30m)<\/li>\n<li style=\"color: #000000;font-family: 'Helvetica Neue', Helvetica, Roboto, Arial, sans-serif\">Drive-by + Drop-off &#8211; Municipalit\u00e9 de Ribeira Grande (45m)<\/li>\n<\/ol>\n<p style=\"color: #000000;font-family: 'Helvetica Neue', Helvetica, Roboto, Arial, sans-serif;margin: 0px 0px 20px\">Inclus<br \/>\n-Accueil et retour \u00e0 l&rsquo;endroit choisi (conditions applicables) ;<br \/>\n-Guide touristique local ;<br \/>\n-Van avec air conditionn\u00e9 et pare-brise panoramique ;<br \/>\n-Acc\u00e8s aux bains thermaux (OFFRE EXCLUSIVE) ;<br \/>\nD\u00eener de rago\u00fbt g\u00e9o-cuisin\u00e9 de Furnas (\u00ab\u00a0Cozido das Furnas\u00a0\u00bb) dans un restaurant local (option v\u00e9g\u00e9tarienne disponible) ;<br \/>\n-D\u00e9gustation de friandises locales (OFFRE EXCLUSIVE) ;<br \/>\n-Bouteille d&rsquo;eau ;<br \/>\n-Assurances pour les excursions.<\/p>\n","protected":false},"featured_media":21158,"comment_status":"closed","ping_status":"closed","template":"","meta":{"_acf_changed":false},"product_brand":[],"product_cat":[19484,19527,19486,19500],"product_tag":[19528],"class_list":{"0":"post-23218","1":"product","2":"type-product","3":"status-publish","4":"has-post-thumbnail","6":"product_cat-activites","7":"product_cat-sao-miguel","8":"product_cat-toutes-les-iles","9":"product_cat-visites-guidees","10":"product_tag-saomiguelisland","12":"first","13":"instock","14":"taxable","15":"shipping-taxable","16":"product-type-external"},"acf":[],"_links":{"self":[{"href":"https:\/\/guidetotheazores.pt\/fr\/wp-json\/wp\/v2\/product\/23218","targetHints":{"allow":["GET"]}}],"collection":[{"href":"https:\/\/guidetotheazores.pt\/fr\/wp-json\/wp\/v2\/product"}],"about":[{"href":"https:\/\/guidetotheazores.pt\/fr\/wp-json\/wp\/v2\/types\/product"}],"replies":[{"embeddable":true,"href":"https:\/\/guidetotheazores.pt\/fr\/wp-json\/wp\/v2\/comments?post=23218"}],"wp:featuredmedia":[{"embeddable":true,"href":"https:\/\/guidetotheazores.pt\/fr\/wp-json\/wp\/v2\/media\/21158"}],"wp:attachment":[{"href":"https:\/\/guidetotheazores.pt\/fr\/wp-json\/wp\/v2\/media?parent=23218"}],"wp:term":[{"taxonomy":"product_brand","embeddable":true,"href":"https:\/\/guidetotheazores.pt\/fr\/wp-json\/wp\/v2\/product_brand?post=23218"},{"taxonomy":"product_cat","embeddable":true,"href":"https:\/\/guidetotheazores.pt\/fr\/wp-json\/wp\/v2\/product_cat?post=23218"},{"taxonomy":"product_tag","embeddable":true,"href":"https:\/\/guidetotheazores.pt\/fr\/wp-json\/wp\/v2\/product_tag?post=23218"}],"curies":[{"name":"wp","href":"https:\/\/api.w.org\/{rel}","templated":true}]}}