{"id":23220,"date":"2025-05-13T05:47:34","date_gmt":"2025-05-13T06:47:34","guid":{"rendered":"https:\/\/guidetotheazores.pt\/product\/4-pics-4-vulcans\/"},"modified":"2025-05-13T05:47:34","modified_gmt":"2025-05-13T06:47:34","slug":"4-pics-4-vulcans","status":"publish","type":"product","link":"https:\/\/guidetotheazores.pt\/fr\/produit\/4-pics-4-vulcans\/","title":{"rendered":"4 pics, 4 vulcans"},"content":{"rendered":"<p>Tout au long de cette exp\u00e9rience, tu d\u00e9couvriras l&rsquo;\u00eele de Terceira et les principaux ph\u00e9nom\u00e8nes volcaniques qui l&rsquo;ont fa\u00e7onn\u00e9e, et qui abritent aujourd&rsquo;hui des paysages \u00e0 couper le souffle &#8211; comme l&rsquo;Algar do Carv\u00e3o, le seul volcan au monde que l&rsquo;on peut visiter \u00e0 pied.<\/p>\n<p>L\u00e0 o\u00f9 passaient autrefois d&rsquo;anciennes \u00e9ruptions, prosp\u00e8re encore l&rsquo;une des plus anciennes et derni\u00e8res for\u00eats indig\u00e8nes d&rsquo;Europe : la for\u00eat Laurissilva de Macaron\u00e9sie &#8211; une for\u00eat myst\u00e9rieuse et humide, riche en esp\u00e8ces end\u00e9miques.<\/p>\n<p>Ce voyage est une qu\u00eate du plus grand tr\u00e9sor naturel de l&rsquo;\u00eele, alors que tu explores l&rsquo;un des plus grands parcs naturels des A\u00e7ores, qui fait partie du \u00ab\u00a0G\u00e9oparc des A\u00e7ores.\u00a0\u00bb L&rsquo;excursion se d\u00e9roule dans une camionnette, avec de courts sentiers de randonn\u00e9e le long du chemin. <\/p>\n","protected":false},"excerpt":{"rendered":"<p>Tout au long de cette exp\u00e9rience, tu d\u00e9couvriras l&rsquo;\u00eele de Terceira et les principaux ph\u00e9nom\u00e8nes volcaniques qui l&rsquo;ont fa\u00e7onn\u00e9e, et qui abritent aujourd&rsquo;hui des paysages \u00e0 couper le souffle &#8211; comme l&rsquo;Algar do Carv\u00e3o, le seul volcan au monde que l&rsquo;on peut visiter \u00e0 pied.<\/p>\n","protected":false},"featured_media":23227,"comment_status":"open","ping_status":"closed","template":"","meta":{"_acf_changed":false},"product_brand":[],"product_cat":[19484,19497,19486,19500],"product_tag":[19498],"class_list":{"0":"post-23220","1":"product","2":"type-product","3":"status-publish","4":"has-post-thumbnail","6":"product_cat-activites","7":"product_cat-terceira","8":"product_cat-toutes-les-iles","9":"product_cat-visites-guidees","10":"product_tag-terceiraisland","12":"first","13":"instock","14":"virtual","15":"sold-individually","16":"taxable","17":"purchasable","18":"product-type-phive_booking"},"acf":[],"_links":{"self":[{"href":"https:\/\/guidetotheazores.pt\/fr\/wp-json\/wp\/v2\/product\/23220","targetHints":{"allow":["GET"]}}],"collection":[{"href":"https:\/\/guidetotheazores.pt\/fr\/wp-json\/wp\/v2\/product"}],"about":[{"href":"https:\/\/guidetotheazores.pt\/fr\/wp-json\/wp\/v2\/types\/product"}],"replies":[{"embeddable":true,"href":"https:\/\/guidetotheazores.pt\/fr\/wp-json\/wp\/v2\/comments?post=23220"}],"wp:featuredmedia":[{"embeddable":true,"href":"https:\/\/guidetotheazores.pt\/fr\/wp-json\/wp\/v2\/media\/23227"}],"wp:attachment":[{"href":"https:\/\/guidetotheazores.pt\/fr\/wp-json\/wp\/v2\/media?parent=23220"}],"wp:term":[{"taxonomy":"product_brand","embeddable":true,"href":"https:\/\/guidetotheazores.pt\/fr\/wp-json\/wp\/v2\/product_brand?post=23220"},{"taxonomy":"product_cat","embeddable":true,"href":"https:\/\/guidetotheazores.pt\/fr\/wp-json\/wp\/v2\/product_cat?post=23220"},{"taxonomy":"product_tag","embeddable":true,"href":"https:\/\/guidetotheazores.pt\/fr\/wp-json\/wp\/v2\/product_tag?post=23220"}],"curies":[{"name":"wp","href":"https:\/\/api.w.org\/{rel}","templated":true}]}}