{"id":23245,"date":"2025-03-12T15:00:28","date_gmt":"2025-03-12T16:00:28","guid":{"rendered":"https:\/\/guidetotheazores.pt\/product\/domes-horta-dome-geodesique\/"},"modified":"2025-03-12T15:00:28","modified_gmt":"2025-03-12T16:00:28","slug":"domes-horta-dome-geodesique","status":"publish","type":"product","link":"https:\/\/guidetotheazores.pt\/fr\/produit\/domes-horta-dome-geodesique\/","title":{"rendered":"D\u00f4mes Horta &#8211; D\u00f4me g\u00e9od\u00e9sique"},"content":{"rendered":"<h3><span style=\"vertical-align: inherit\"><span style=\"vertical-align: inherit\">L&rsquo;exp\u00e9rience d&rsquo;un campement, avec le confort et l&rsquo;exigence d&rsquo;un h\u00f4tel.<\/span><\/span><\/h3>\n<p><span style=\"vertical-align: inherit\"><span style=\"vertical-align: inherit\">Apr\u00e8s une journ\u00e9e pass\u00e9e \u00e0 explorer le patrimoine et la nature uniques de l&rsquo;<a href=\"https:\/\/guidetotheazores.pt\/fr\/ile-de-terceira-lile-aux-lilas\/\">\u00eele de Terceira<\/a>, nous nous retrouvons dans une tendance g\u00e9od\u00e9sique n\u00e9cessaire.<\/span><\/span><\/p>\n<p><span style=\"vertical-align: inherit\"><span style=\"vertical-align: inherit\">Pour r\u00e9server un appartement, tu peux opter pour une chambre simple (1 personne) ou double (2 personnes) et ajouter jusqu&rsquo;\u00e0 3 chambres suppl\u00e9mentaires (individuelles).<\/span><\/span><\/p>\n<p><span style=\"vertical-align: inherit\"><span style=\"vertical-align: inherit\">N\u00e3o tem cozinha.<\/span><\/span><\/p>\n","protected":false},"excerpt":{"rendered":"<p>D\u00e9couvre le luxe unique du glamping sur l&rsquo;\u00eele de Terceira &#8211; le confort d&rsquo;un h\u00f4tel avec le charme du camping.<\/p>\n","protected":false},"featured_media":23247,"comment_status":"open","ping_status":"closed","template":"","meta":{"_acf_changed":false},"product_brand":[],"product_cat":[19519,19512,19497,19486],"product_tag":[19498],"class_list":{"0":"post-23245","1":"product","2":"type-product","3":"status-publish","4":"has-post-thumbnail","6":"product_cat-camping-et-glamping","7":"product_cat-hebergement","8":"product_cat-terceira","9":"product_cat-toutes-les-iles","10":"product_tag-terceiraisland","12":"first","13":"instock","14":"sold-individually","15":"taxable","16":"shipping-taxable","17":"purchasable","18":"product-type-phive_booking"},"acf":[],"_links":{"self":[{"href":"https:\/\/guidetotheazores.pt\/fr\/wp-json\/wp\/v2\/product\/23245","targetHints":{"allow":["GET"]}}],"collection":[{"href":"https:\/\/guidetotheazores.pt\/fr\/wp-json\/wp\/v2\/product"}],"about":[{"href":"https:\/\/guidetotheazores.pt\/fr\/wp-json\/wp\/v2\/types\/product"}],"replies":[{"embeddable":true,"href":"https:\/\/guidetotheazores.pt\/fr\/wp-json\/wp\/v2\/comments?post=23245"}],"wp:featuredmedia":[{"embeddable":true,"href":"https:\/\/guidetotheazores.pt\/fr\/wp-json\/wp\/v2\/media\/23247"}],"wp:attachment":[{"href":"https:\/\/guidetotheazores.pt\/fr\/wp-json\/wp\/v2\/media?parent=23245"}],"wp:term":[{"taxonomy":"product_brand","embeddable":true,"href":"https:\/\/guidetotheazores.pt\/fr\/wp-json\/wp\/v2\/product_brand?post=23245"},{"taxonomy":"product_cat","embeddable":true,"href":"https:\/\/guidetotheazores.pt\/fr\/wp-json\/wp\/v2\/product_cat?post=23245"},{"taxonomy":"product_tag","embeddable":true,"href":"https:\/\/guidetotheazores.pt\/fr\/wp-json\/wp\/v2\/product_tag?post=23245"}],"curies":[{"name":"wp","href":"https:\/\/api.w.org\/{rel}","templated":true}]}}