{"id":23258,"date":"2025-01-20T14:17:33","date_gmt":"2025-01-20T15:17:33","guid":{"rendered":"https:\/\/guidetotheazores.pt\/product\/demi-journee-sentier-de-randonnee-misterios-negros\/"},"modified":"2025-01-20T14:17:33","modified_gmt":"2025-01-20T15:17:33","slug":"demi-journee-sentier-de-randonnee-misterios-negros","status":"publish","type":"product","link":"https:\/\/guidetotheazores.pt\/fr\/produit\/demi-journee-sentier-de-randonnee-misterios-negros\/","title":{"rendered":"Demi-journ\u00e9e : Sentier de randonn\u00e9e Mist\u00e9rios Negros"},"content":{"rendered":"<h2>Demi-journ\u00e9e : Sentier de randonn\u00e9e Mist\u00e9rios Negros<\/h2>\n<p>Comprend : 4 heures (environ) &#8211; Transport &#8211; Prise en charge et retour* &#8211; Portugais, anglais et espagnol &#8211; Minibus\/Minivan<\/p>\n<h3>D\u00e9part :<\/h3>\n<p>Heure : 09h00 AM<\/p>\n<h3>Arriv\u00e9e :<\/h3>\n<p>Heure : 01h00 PM<\/p>\n<h3>Informations sur les sentiers :<\/h3>\n<p>Cat\u00e9gorie : Circulaire<br \/>\nDifficult\u00e9 : Difficile<br \/>\nExtinction : 4,9 km<br \/>\nDur\u00e9e approximative : 4h<\/p>\n<h3>Description<\/h3>\n<p>D\u00e9couvre le sentier enchanteur des myst\u00e8res noirs sur la magnifique \u00eele de Terceira (en savoir plus sur l&rsquo;<a href=\"https:\/\/guidetotheazores.pt\/fr\/ile-de-terceira-lile-aux-lilas\/\">\u00eele des Lilas<\/a>) ! Embarque pour une incroyable aventure qui te fera traverser des paysages volcaniques o\u00f9 tu t&rsquo;immergeras dans la beaut\u00e9 unique de la \u00ab\u00a0for\u00eat de nuages\u00a0\u00bb a\u00e7orienne, un type de for\u00eat mystique et luxuriante qui s&rsquo;\u00e9panouit dans le climat particulier de ces \u00eeles. Chaque pas sur ce sentier r\u00e9v\u00e8le les merveilles naturelles de l&rsquo;\u00eele, offrant des vues imprenables et une occasion in\u00e9gal\u00e9e d&rsquo;explorer sa riche biodiversit\u00e9. Ce sentier t&rsquo;invite \u00e0 te connecter profond\u00e9ment \u00e0 l&rsquo;environnement vierge de l&rsquo;\u00eele de Terceira (en savoir plus sur la <a href=\"https:\/\/guidetotheazores.pt\/fr\/randonnee-dans-les-acores\/\">randonn\u00e9e aux A\u00e7ores<\/a>), o\u00f9 la beaut\u00e9 brute du terrain volcanique rencontre la magie sereine de la for\u00eat nuageuse. Que tu sois captiv\u00e9 par les paysages accident\u00e9s, la v\u00e9g\u00e9tation vibrante ou l&rsquo;harmonie tranquille de la nature, ce voyage te laissera inspir\u00e9.    <\/p>\n<p>C&rsquo;est une exp\u00e9rience parfaite pour les aventuriers et les amoureux de la nature.<\/p>\n<h3>Qu&rsquo;est-ce qui est inclus ?<\/h3>\n<ul>\n<li>Transport vers et depuis le sentier<\/li>\n<li>Chauffeur\/guide professionnel certifi\u00e9 ;<\/li>\n<li>Assurance responsabilit\u00e9 civile ;<\/li>\n<li>Assurance individuelle contre les accidents ;<\/li>\n<li>*Collecte et d\u00e9pose dans les h\u00f4tels et les maisons d&rsquo;h\u00f4tes proches du centre d&rsquo;Angra do Hero\u00edsmo. En dehors de cette zone, c&rsquo;est possible mais il y a un suppl\u00e9ment \u00e0 payer. <\/li>\n<\/ul>\n<h3>\u00c0 quoi dois-tu faire attention ?<\/h3>\n<ul>\n<li>Minimum 2 personnes ;<\/li>\n<li>Les enfants \u00e2g\u00e9s de 6 \u00e0 10 ans b\u00e9n\u00e9ficient d&rsquo;une r\u00e9duction de 50 % ;<\/li>\n<li>Les enfants jusqu&rsquo;\u00e0 5 ans sont gratuits ;<\/li>\n<li>Porte des chaussures appropri\u00e9es ;<\/li>\n<li>Apporte de l&rsquo;eau et de la cr\u00e8me solaire ;<\/li>\n<li>Veste de pluie ou coupe-vent.<\/li>\n<\/ul>\n<h3>Annulations<\/h3>\n<p><!-- x-tinymce\/html --><\/p>\n<p>Les clients recevront un remboursement complet ou un cr\u00e9dit si l&rsquo;annulation est faite jusqu&rsquo;\u00e0 24 heures avant le d\u00e9but de l&rsquo;activit\u00e9. Contacte-nous si tu as des questions concernant les options d&rsquo;annulation et de remboursement. En cas de non-pr\u00e9sentation, le montant total sera factur\u00e9.  <\/p>\n","protected":false},"excerpt":{"rendered":"<p>Explore le sentier des Myst\u00e8res Negros sur l&rsquo;\u00eele de Terceira ! Marche \u00e0 travers des paysages volcaniques et l&rsquo;enchanteresse \u00ab\u00a0for\u00eat de nuages\u00a0\u00bb. Immerge-toi dans la riche biodiversit\u00e9 de l&rsquo;\u00eele et les vues \u00e0 couper le souffle !  <\/p>\n","protected":false},"featured_media":23260,"comment_status":"open","ping_status":"closed","template":"","meta":{"_acf_changed":false},"product_brand":[],"product_cat":[19484,19525,19531,19497,19486,19500],"product_tag":[19498],"class_list":{"0":"post-23258","1":"product","2":"type-product","3":"status-publish","4":"has-post-thumbnail","6":"product_cat-activites","7":"product_cat-geotourisme","8":"product_cat-hiking","9":"product_cat-terceira","10":"product_cat-toutes-les-iles","11":"product_cat-visites-guidees","12":"product_tag-terceiraisland","14":"first","15":"instock","16":"virtual","17":"sold-individually","18":"taxable","19":"purchasable","20":"product-type-phive_booking"},"acf":[],"_links":{"self":[{"href":"https:\/\/guidetotheazores.pt\/fr\/wp-json\/wp\/v2\/product\/23258","targetHints":{"allow":["GET"]}}],"collection":[{"href":"https:\/\/guidetotheazores.pt\/fr\/wp-json\/wp\/v2\/product"}],"about":[{"href":"https:\/\/guidetotheazores.pt\/fr\/wp-json\/wp\/v2\/types\/product"}],"replies":[{"embeddable":true,"href":"https:\/\/guidetotheazores.pt\/fr\/wp-json\/wp\/v2\/comments?post=23258"}],"wp:featuredmedia":[{"embeddable":true,"href":"https:\/\/guidetotheazores.pt\/fr\/wp-json\/wp\/v2\/media\/23260"}],"wp:attachment":[{"href":"https:\/\/guidetotheazores.pt\/fr\/wp-json\/wp\/v2\/media?parent=23258"}],"wp:term":[{"taxonomy":"product_brand","embeddable":true,"href":"https:\/\/guidetotheazores.pt\/fr\/wp-json\/wp\/v2\/product_brand?post=23258"},{"taxonomy":"product_cat","embeddable":true,"href":"https:\/\/guidetotheazores.pt\/fr\/wp-json\/wp\/v2\/product_cat?post=23258"},{"taxonomy":"product_tag","embeddable":true,"href":"https:\/\/guidetotheazores.pt\/fr\/wp-json\/wp\/v2\/product_tag?post=23258"}],"curies":[{"name":"wp","href":"https:\/\/api.w.org\/{rel}","templated":true}]}}