{"id":23259,"date":"2025-01-20T14:23:45","date_gmt":"2025-01-20T15:23:45","guid":{"rendered":"https:\/\/guidetotheazores.pt\/product\/demi-journee-chemin-de-randonnee-passagem-das-bestas-avec-degustation-de-fromages\/"},"modified":"2025-01-20T14:23:45","modified_gmt":"2025-01-20T15:23:45","slug":"demi-journee-chemin-de-randonnee-passagem-das-bestas-avec-degustation-de-fromages","status":"publish","type":"product","link":"https:\/\/guidetotheazores.pt\/fr\/produit\/demi-journee-chemin-de-randonnee-passagem-das-bestas-avec-degustation-de-fromages\/","title":{"rendered":"Demi-journ\u00e9e : Chemin de randonn\u00e9e Passagem das Bestas avec d\u00e9gustation de fromages"},"content":{"rendered":"<h2>Chemin de randonn\u00e9e Passagem das Bestas avec d\u00e9gustation de fromages<\/h2>\n<p>Comprend : 4 heures (environ) &#8211; D\u00e9gustation de fromage &#8211; Prise en charge et retour* &#8211; Portugais, anglais et espagnol &#8211; Minibus\/Minivan<\/p>\n<h3>D\u00e9part :<\/h3>\n<p>Heure : 09h00 AM<\/p>\n<h3>Arriv\u00e9e :<\/h3>\n<p>Heure : 01h00 PM<\/p>\n<h3>Informations sur les sentiers :<\/h3>\n<p>Cat\u00e9gorie : Circulaire<br \/>\nDifficult\u00e9 : Moyenne<br \/>\nExtinction : 4 km<br \/>\nDur\u00e9e approximative : 2h30<\/p>\n<h3>Description<\/h3>\n<p>D\u00e9couvre le fascinant itin\u00e9raire circulaire de la Caldeira de Guilherme Moniz, une zone g\u00e9ologique prot\u00e9g\u00e9e (semblable \u00e0 la c\u00e9l\u00e8bre <a href=\"https:\/\/guidetotheazores.pt\/algar-do-carvao-cave-guide-for-terceira-visitors\/\">grotte volcanique d&rsquo;Algar do Carv\u00e3o<\/a>) sur <a href=\"https:\/\/guidetotheazores.pt\/fr\/ile-de-terceira-lile-aux-lilas\/\">l&rsquo;\u00eele de Terceira<\/a>, pleine de for\u00eats macaron\u00e9siennes et de tourbi\u00e8res qui soutiennent les aquif\u00e8res de ce complexe volcanique vieux de 23 000 ans ! Le sentier commence pr\u00e8s du parking, te faisant traverser d&rsquo;anciens champs de lave et des sentiers creus\u00e9s par les charrettes \u00e0 b\u0153ufs qui allaient autrefois chercher le bois dans la caldeira. Continue \u00e0 travers des paysages \u00e9poustouflants, en passant par une for\u00eat de c\u00e8dres et en apercevant le volcan Cinco Picos, la plus grande caldeira des A\u00e7ores.  <\/p>\n<p>Nous avons termin\u00e9 notre excursion par une visite du march\u00e9 des produits r\u00e9gionaux avec une d\u00e9gustation de fromage, \u00e0 la Quinta dos A\u00e7ores.<\/p>\n<h3>Qu&rsquo;est-ce qui est inclus ?<\/h3>\n<ul>\n<li>Transport vers et depuis le sentier ;<\/li>\n<li>Chauffeur\/guide professionnel certifi\u00e9 ;<\/li>\n<li>Assurance responsabilit\u00e9 civile ;<\/li>\n<li>Assurance individuelle contre les accidents ;<\/li>\n<li>*Collecte et d\u00e9pose dans les h\u00f4tels et les maisons d&rsquo;h\u00f4tes proches du centre d&rsquo;Angra do Hero\u00edsmo. En dehors de cette zone, c&rsquo;est possible mais il y a un suppl\u00e9ment \u00e0 payer. <\/li>\n<\/ul>\n<h3>\u00c0 quoi dois-tu faire attention ?<\/h3>\n<ul>\n<li>Minimum 2 personnes ;<\/li>\n<li>Les enfants \u00e2g\u00e9s de 6 \u00e0 10 ans b\u00e9n\u00e9ficient d&rsquo;une r\u00e9duction de 50 % ;<\/li>\n<li>Les enfants jusqu&rsquo;\u00e0 5 ans sont gratuits ;<\/li>\n<li>Porte des chaussures appropri\u00e9es ;<\/li>\n<li>Apporte de l&rsquo;eau et de la cr\u00e8me solaire ;<\/li>\n<li>Veste de pluie ou coupe-vent.<\/li>\n<\/ul>\n<h3>Annulations<\/h3>\n<p><!-- x-tinymce\/html --><\/p>\n<p>Les clients recevront un remboursement complet ou un cr\u00e9dit si l&rsquo;annulation est faite jusqu&rsquo;\u00e0 24 heures avant le d\u00e9but de l&rsquo;activit\u00e9. Contacte-nous si tu as des questions concernant les options d&rsquo;annulation et de remboursement. En cas de non-pr\u00e9sentation, le montant total sera factur\u00e9.  <\/p>\n","protected":false},"excerpt":{"rendered":"<p>Sois \u00e9bloui par cette excursion dans les environs de la Caldeira Guilherme Moniz. Profite des paysages impressionnants de l&rsquo;une des plus belles r\u00e9gions de l&rsquo;\u00eele. Termine par une d\u00e9gustation de fromage produit localement.  <\/p>\n","protected":false},"featured_media":23267,"comment_status":"open","ping_status":"closed","template":"","meta":{"_acf_changed":false},"product_brand":[],"product_cat":[19484,19525,19531,19497,19486,19500],"product_tag":[19498],"class_list":{"0":"post-23259","1":"product","2":"type-product","3":"status-publish","4":"has-post-thumbnail","6":"product_cat-activites","7":"product_cat-geotourisme","8":"product_cat-hiking","9":"product_cat-terceira","10":"product_cat-toutes-les-iles","11":"product_cat-visites-guidees","12":"product_tag-terceiraisland","14":"first","15":"instock","16":"virtual","17":"sold-individually","18":"taxable","19":"purchasable","20":"product-type-phive_booking"},"acf":[],"_links":{"self":[{"href":"https:\/\/guidetotheazores.pt\/fr\/wp-json\/wp\/v2\/product\/23259","targetHints":{"allow":["GET"]}}],"collection":[{"href":"https:\/\/guidetotheazores.pt\/fr\/wp-json\/wp\/v2\/product"}],"about":[{"href":"https:\/\/guidetotheazores.pt\/fr\/wp-json\/wp\/v2\/types\/product"}],"replies":[{"embeddable":true,"href":"https:\/\/guidetotheazores.pt\/fr\/wp-json\/wp\/v2\/comments?post=23259"}],"wp:featuredmedia":[{"embeddable":true,"href":"https:\/\/guidetotheazores.pt\/fr\/wp-json\/wp\/v2\/media\/23267"}],"wp:attachment":[{"href":"https:\/\/guidetotheazores.pt\/fr\/wp-json\/wp\/v2\/media?parent=23259"}],"wp:term":[{"taxonomy":"product_brand","embeddable":true,"href":"https:\/\/guidetotheazores.pt\/fr\/wp-json\/wp\/v2\/product_brand?post=23259"},{"taxonomy":"product_cat","embeddable":true,"href":"https:\/\/guidetotheazores.pt\/fr\/wp-json\/wp\/v2\/product_cat?post=23259"},{"taxonomy":"product_tag","embeddable":true,"href":"https:\/\/guidetotheazores.pt\/fr\/wp-json\/wp\/v2\/product_tag?post=23259"}],"curies":[{"name":"wp","href":"https:\/\/api.w.org\/{rel}","templated":true}]}}