{"id":23281,"date":"2025-01-20T14:10:41","date_gmt":"2025-01-20T15:10:41","guid":{"rendered":"https:\/\/guidetotheazores.pt\/product\/demi-journee-sentier-de-randonnee-des-baies-dagualva\/"},"modified":"2025-01-20T14:10:41","modified_gmt":"2025-01-20T15:10:41","slug":"demi-journee-sentier-de-randonnee-des-baies-dagualva","status":"publish","type":"product","link":"https:\/\/guidetotheazores.pt\/fr\/produit\/demi-journee-sentier-de-randonnee-des-baies-dagualva\/","title":{"rendered":"Demi-journ\u00e9e : Sentier de randonn\u00e9e des baies d&rsquo;Agualva"},"content":{"rendered":"<h2>Demi-journ\u00e9e : Sentier de randonn\u00e9e Baias da Agualva<\/h2>\n<p>Comprend : 4 heures (environ) &#8211; Transport &#8211; Prise en charge et retour* &#8211; Portugais, anglais et espagnol &#8211; Minibus\/Minivan<\/p>\n<h3>D\u00e9part :<\/h3>\n<p>Heure : 09h00 AM<\/p>\n<h3>Arriv\u00e9e :<\/h3>\n<p>Heure : 01h00 PM<\/p>\n<h3>Informations sur les sentiers :<\/h3>\n<p>Cat\u00e9gorie : Lin\u00e9aire<br \/>\nDifficult\u00e9 : Facile<br \/>\nExtinction : 3,8 km<br \/>\nDur\u00e9e approximative : 2h30<\/p>\n<h3>Description<\/h3>\n<p>D\u00e9couvre avec nous la beaut\u00e9 in\u00e9gal\u00e9e du sentier de la baie d&rsquo;Agualva ! Ce remarquable sentier est parfait pour les randonneurs de tous niveaux, offrant non seulement une randonn\u00e9e, mais une exp\u00e9rience extraordinaire pour les amateurs d&rsquo;aventure qui cherchent \u00e0 s&rsquo;immerger dans les merveilles de la nature. Serpentant \u00e0 travers les paysages luxuriants de l&rsquo;\u00eele de Terceira, ce sentier t&rsquo;invite \u00e0 te connecter profond\u00e9ment avec la flore et la faune locales vibrantes, r\u00e9v\u00e9lant la riche biodiversit\u00e9 et le charme captivant de l&rsquo;\u00eele. En chemin, tu d\u00e9couvriras des points de vue \u00e9poustouflants, des vues c\u00f4ti\u00e8res spectaculaires et des joyaux cach\u00e9s qui te laisseront bouche b\u00e9e. Profite de l&rsquo;occasion pour capturer des moments incroyables sur fond de paysages \u00e0 couper le souffle, o\u00f9 chaque virage offre un nouveau souvenir parfait qui attend d&rsquo;\u00eatre fait. Des chemins paisibles aux merveilles naturelles impressionnantes, ce sentier promet d&rsquo;\u00e9veiller tes sens et de rajeunir ton esprit.     <\/p>\n<h3>Qu&rsquo;est-ce qui est inclus ?<\/h3>\n<ul>\n<li>Transport vers et depuis le sentier<\/li>\n<li>Chauffeur\/guide professionnel certifi\u00e9 ;<\/li>\n<li>Assurance responsabilit\u00e9 civile ;<\/li>\n<li>Assurance individuelle contre les accidents ;<\/li>\n<li>*Collecte et d\u00e9pose dans les h\u00f4tels et les maisons d&rsquo;h\u00f4tes proches du centre d&rsquo;Angra do Hero\u00edsmo. En dehors de cette zone, c&rsquo;est possible mais il y a un suppl\u00e9ment \u00e0 payer. <\/li>\n<\/ul>\n<h3>\u00c0 quoi dois-tu faire attention ?<\/h3>\n<ul>\n<li>Minimum 2 personnes ;<\/li>\n<li>Les enfants \u00e2g\u00e9s de 6 \u00e0 10 ans b\u00e9n\u00e9ficient d&rsquo;une r\u00e9duction de 50 % ;<\/li>\n<li>Les enfants jusqu&rsquo;\u00e0 5 ans sont gratuits ;<\/li>\n<li>Porte des chaussures appropri\u00e9es ;<\/li>\n<li>Apporte de l&rsquo;eau et de la cr\u00e8me solaire ;<\/li>\n<li>Veste de pluie ou coupe-vent.<\/li>\n<\/ul>\n<h3>Annulations<\/h3>\n<p><!-- x-tinymce\/html --><\/p>\n<p>Les clients recevront un remboursement complet ou un cr\u00e9dit si l&rsquo;annulation est faite jusqu&rsquo;\u00e0 24 heures avant le d\u00e9but de l&rsquo;activit\u00e9. Contacte-nous si tu as des questions concernant les options d&rsquo;annulation et de remboursement. En cas de non-pr\u00e9sentation, le montant total sera factur\u00e9.  <\/p>\n","protected":false},"excerpt":{"rendered":"<p>D\u00e9couvre le sentier de la baie d&rsquo;Agualva, une visite incontournable pour les randonneurs et les amoureux de la nature de tous niveaux. Explore les paysages \u00e0 couper le souffle de l&rsquo;\u00eele de Terceira, la verdure luxuriante en cr\u00e9ant des souvenirs inoubliables tout au long du chemin. <\/p>\n","protected":false},"featured_media":23291,"comment_status":"open","ping_status":"closed","template":"","meta":{"_acf_changed":false},"product_brand":[],"product_cat":[19484,19525,19531,19497,19486,19500],"product_tag":[19498],"class_list":{"0":"post-23281","1":"product","2":"type-product","3":"status-publish","4":"has-post-thumbnail","6":"product_cat-activites","7":"product_cat-geotourisme","8":"product_cat-hiking","9":"product_cat-terceira","10":"product_cat-toutes-les-iles","11":"product_cat-visites-guidees","12":"product_tag-terceiraisland","14":"first","15":"instock","16":"sold-individually","17":"purchasable","18":"product-type-phive_booking"},"acf":[],"_links":{"self":[{"href":"https:\/\/guidetotheazores.pt\/fr\/wp-json\/wp\/v2\/product\/23281","targetHints":{"allow":["GET"]}}],"collection":[{"href":"https:\/\/guidetotheazores.pt\/fr\/wp-json\/wp\/v2\/product"}],"about":[{"href":"https:\/\/guidetotheazores.pt\/fr\/wp-json\/wp\/v2\/types\/product"}],"replies":[{"embeddable":true,"href":"https:\/\/guidetotheazores.pt\/fr\/wp-json\/wp\/v2\/comments?post=23281"}],"wp:featuredmedia":[{"embeddable":true,"href":"https:\/\/guidetotheazores.pt\/fr\/wp-json\/wp\/v2\/media\/23291"}],"wp:attachment":[{"href":"https:\/\/guidetotheazores.pt\/fr\/wp-json\/wp\/v2\/media?parent=23281"}],"wp:term":[{"taxonomy":"product_brand","embeddable":true,"href":"https:\/\/guidetotheazores.pt\/fr\/wp-json\/wp\/v2\/product_brand?post=23281"},{"taxonomy":"product_cat","embeddable":true,"href":"https:\/\/guidetotheazores.pt\/fr\/wp-json\/wp\/v2\/product_cat?post=23281"},{"taxonomy":"product_tag","embeddable":true,"href":"https:\/\/guidetotheazores.pt\/fr\/wp-json\/wp\/v2\/product_tag?post=23281"}],"curies":[{"name":"wp","href":"https:\/\/api.w.org\/{rel}","templated":true}]}}