{"id":23290,"date":"2025-01-20T11:51:02","date_gmt":"2025-01-20T12:51:02","guid":{"rendered":"https:\/\/guidetotheazores.pt\/product\/journee-entiere-sentier-de-randonnee-baias-da-agualva-pique-nique-piscines-naturelles-de-biscoitos\/"},"modified":"2025-01-20T11:51:02","modified_gmt":"2025-01-20T12:51:02","slug":"journee-entiere-sentier-de-randonnee-baias-da-agualva-pique-nique-piscines-naturelles-de-biscoitos","status":"publish","type":"product","link":"https:\/\/guidetotheazores.pt\/fr\/produit\/journee-entiere-sentier-de-randonnee-baias-da-agualva-pique-nique-piscines-naturelles-de-biscoitos\/","title":{"rendered":"Journ\u00e9e enti\u00e8re : Sentier de randonn\u00e9e Ba\u00edas da Agualva + Pique-nique + Piscines naturelles de Biscoitos"},"content":{"rendered":"<h2>Journ\u00e9e enti\u00e8re : Sentier de randonn\u00e9e Ba\u00edas da Agualva + Pique-nique + Piscines naturelles de Biscoitos<\/h2>\n<p>Comprend : 6 heures (environ) &#8211; Pique-nique &#8211; Prise en charge et retour* &#8211; Portugais, anglais et espagnol &#8211; Minibus\/Minivan<\/p>\n<h3>D\u00e9part :<\/h3>\n<p>Heure : 09h30<\/p>\n<h3>Arriv\u00e9e :<\/h3>\n<p>Heure : 03h30 PM<\/p>\n<h3>Informations sur les sentiers<\/h3>\n<p>Cat\u00e9gorie : Lin\u00e9aire<br \/>\nDifficult\u00e9 : Facile<br \/>\nExtinction : 3,8 km<br \/>\nDur\u00e9e approximative : 2h30<\/p>\n<h3>Description<\/h3>\n<p>Fais l&rsquo;exp\u00e9rience d&rsquo;un voyage inoubliable sur la superbe \u00eele de Terceira gr\u00e2ce \u00e0 notre produit sp\u00e9cial con\u00e7u pour cr\u00e9er des souvenirs qui dureront toute une vie !<\/p>\n<p>Commence ton aventure par le magnifique sentier de la baie d&rsquo;Agualva. Entour\u00e9 de paysages c\u00f4tiers, de falaises et de flore end\u00e9mique. <\/p>\n<p>Apr\u00e8s avoir termin\u00e9 le sentier, participe \u00e0 un d\u00e9licieux pique-nique plein de saveurs azur\u00e9ennes authentiques.<\/p>\n<p>Pour terminer cette journ\u00e9e parfaite, tu auras l&rsquo;incroyable opportunit\u00e9 de plonger dans les piscines naturelles de Biscoitos.<\/p>\n<h3>Qu&rsquo;est-ce qui est inclus ?<\/h3>\n<ul>\n<li>Pique-nique : D\u00e9gustation de produits r\u00e9gionaux ;<\/li>\n<li>Transport vers et depuis le sentier ;<\/li>\n<li>Chauffeur\/guide professionnel certifi\u00e9 ;<\/li>\n<li>Assurance responsabilit\u00e9 civile ;<\/li>\n<li>Assurance individuelle contre les accidents ;<\/li>\n<li>*Collecte et d\u00e9pose dans les h\u00f4tels et les maisons d&rsquo;h\u00f4tes proches du centre d&rsquo;Angra do Hero\u00edsmo. En dehors de cette zone, c&rsquo;est possible mais il y a un suppl\u00e9ment \u00e0 payer. <\/li>\n<\/ul>\n<h3>\u00c0 quoi dois-tu faire attention ?<\/h3>\n<ul>\n<li>Minimum 2 personnes ;<\/li>\n<li>Les enfants \u00e2g\u00e9s de 6 \u00e0 10 ans b\u00e9n\u00e9ficient d&rsquo;une r\u00e9duction de 50 % ;<\/li>\n<li>Les enfants jusqu&rsquo;\u00e0 5 ans sont gratuits ;<\/li>\n<li>Porte des chaussures appropri\u00e9es ;<\/li>\n<li>Apporte de l&rsquo;eau et de la cr\u00e8me solaire ;<\/li>\n<li>Veste de pluie ou coupe-vent ;<\/li>\n<li>Alerte si tu as des restrictions alimentaires.<\/li>\n<\/ul>\n<h3>Annulations<\/h3>\n<p><!-- x-tinymce\/html --><\/p>\n<p>Les clients recevront un remboursement complet ou un cr\u00e9dit si l&rsquo;annulation est faite jusqu&rsquo;\u00e0 24 heures avant le d\u00e9but de l&rsquo;activit\u00e9. Contacte-nous si tu as des questions concernant les options d&rsquo;annulation et de remboursement. En cas de non-pr\u00e9sentation, le montant total sera factur\u00e9.  <\/p>\n","protected":false},"excerpt":{"rendered":"<p>Commence par l&rsquo;\u00e9poustouflant sentier des baies d&rsquo;Agualva. D\u00e9tends-toi avec un pique-nique rempli de saveurs a\u00e7oriennes. Termine par une baignade rafra\u00eechissante dans les piscines naturelles volcaniques de Biscoitos.  <\/p>\n","protected":false},"featured_media":23299,"comment_status":"open","ping_status":"closed","template":"","meta":{"_acf_changed":false},"product_brand":[],"product_cat":[19484,19525,19531,19497,19486,19500],"product_tag":[19498],"class_list":{"0":"post-23290","1":"product","2":"type-product","3":"status-publish","4":"has-post-thumbnail","6":"product_cat-activites","7":"product_cat-geotourisme","8":"product_cat-hiking","9":"product_cat-terceira","10":"product_cat-toutes-les-iles","11":"product_cat-visites-guidees","12":"product_tag-terceiraisland","14":"first","15":"instock","16":"virtual","17":"sold-individually","18":"taxable","19":"purchasable","20":"product-type-phive_booking"},"acf":[],"_links":{"self":[{"href":"https:\/\/guidetotheazores.pt\/fr\/wp-json\/wp\/v2\/product\/23290","targetHints":{"allow":["GET"]}}],"collection":[{"href":"https:\/\/guidetotheazores.pt\/fr\/wp-json\/wp\/v2\/product"}],"about":[{"href":"https:\/\/guidetotheazores.pt\/fr\/wp-json\/wp\/v2\/types\/product"}],"replies":[{"embeddable":true,"href":"https:\/\/guidetotheazores.pt\/fr\/wp-json\/wp\/v2\/comments?post=23290"}],"wp:featuredmedia":[{"embeddable":true,"href":"https:\/\/guidetotheazores.pt\/fr\/wp-json\/wp\/v2\/media\/23299"}],"wp:attachment":[{"href":"https:\/\/guidetotheazores.pt\/fr\/wp-json\/wp\/v2\/media?parent=23290"}],"wp:term":[{"taxonomy":"product_brand","embeddable":true,"href":"https:\/\/guidetotheazores.pt\/fr\/wp-json\/wp\/v2\/product_brand?post=23290"},{"taxonomy":"product_cat","embeddable":true,"href":"https:\/\/guidetotheazores.pt\/fr\/wp-json\/wp\/v2\/product_cat?post=23290"},{"taxonomy":"product_tag","embeddable":true,"href":"https:\/\/guidetotheazores.pt\/fr\/wp-json\/wp\/v2\/product_tag?post=23290"}],"curies":[{"name":"wp","href":"https:\/\/api.w.org\/{rel}","templated":true}]}}