{"id":23315,"date":"2025-01-20T14:08:02","date_gmt":"2025-01-20T15:08:02","guid":{"rendered":"https:\/\/guidetotheazores.pt\/product\/journee-entiere-chemin-de-randonnee-rocha-do-chambre-avec-pique-nique-biscoitos-pico-matias-simao\/"},"modified":"2025-01-20T14:08:02","modified_gmt":"2025-01-20T15:08:02","slug":"journee-entiere-chemin-de-randonnee-rocha-do-chambre-avec-pique-nique-biscoitos-pico-matias-simao","status":"publish","type":"product","link":"https:\/\/guidetotheazores.pt\/fr\/produit\/journee-entiere-chemin-de-randonnee-rocha-do-chambre-avec-pique-nique-biscoitos-pico-matias-simao\/","title":{"rendered":"Journ\u00e9e enti\u00e8re : Chemin de randonn\u00e9e Rocha do Chambre avec pique-nique + Biscoitos + Pico Matias Sim\u00e3o"},"content":{"rendered":"<h2>Journ\u00e9e enti\u00e8re : Chemin de randonn\u00e9e Rocha do Chambre avec pique-nique + Biscoitos + Pico Matias Sim\u00e3o<\/h2>\n<p>Comprend : 8 heures (environ) &#8211; Pique-nique &#8211; Prise en charge et retour* &#8211; Portugais, anglais et espagnol &#8211; Minibus\/Minivan<\/p>\n<h3>D\u00e9part :<\/h3>\n<p>Heure : 09h00 AM<\/p>\n<h3>Arriv\u00e9e :<\/h3>\n<p>Heure : 06h00 PM<\/p>\n<h3>Informations sur les sentiers :<\/h3>\n<p>Cat\u00e9gorie : Lin\u00e9aire<br \/>\nDifficult\u00e9 : Difficile<br \/>\nExtinction : 8.8km<br \/>\nDur\u00e9e approximative : 4h<\/p>\n<h3>Description<\/h3>\n<p>Explore cet incroyable sentier \u00e0 l&rsquo;int\u00e9rieur de l&rsquo;\u00eele de Terceira, qui atteint une altitude impressionnante de 700 m\u00e8tres. Ce sentier offre des vues imprenables sur la vall\u00e9e d&rsquo;Azinhal et la caldeira de Pico Alto. Au fur et \u00e0 mesure de ta progression, laisse-toi enchanter par la riche flore end\u00e9mique des A\u00e7ores, notamment les c\u00e8dres et les bruy\u00e8res, et traverse des zones agricoles uniques. Au point le plus haut, Rocha do Chambre, il est entour\u00e9 de paysages spectaculaires et de formations volcaniques uniques.<br \/>\nNotre aventure comprend un pique-nique, o\u00f9 tu pourras appr\u00e9cier les saveurs des A\u00e7ores.   <\/p>\n<p>Apr\u00e8s avoir termin\u00e9 le sentier, tu visiteras les piscines naturelles de Biscoitos o\u00f9 tu pourras te rafra\u00eechir et pour terminer cette journ\u00e9e pleine d&rsquo;exp\u00e9riences uniques, nous ferons un arr\u00eat au Pico Matias Sim\u00e3o, o\u00f9 tu seras entour\u00e9 d&rsquo;une vue extraordinaire.<\/p>\n<h3>Qu&rsquo;est-ce qui est inclus ?<\/h3>\n<ul>\n<li>Pique-nique : D\u00e9gustation de produits r\u00e9gionaux ;<\/li>\n<li>Transport vers et depuis le sentier ;<\/li>\n<li>Chauffeur\/guide professionnel certifi\u00e9 ;<\/li>\n<li>Assurance responsabilit\u00e9 civile ;<\/li>\n<li>Assurance individuelle contre les accidents ;<\/li>\n<li>*Collecte et d\u00e9pose dans les h\u00f4tels et les maisons d&rsquo;h\u00f4tes proches du centre d&rsquo;Angra do Hero\u00edsmo. En dehors de cette zone, c&rsquo;est possible mais il y a un suppl\u00e9ment \u00e0 payer. <\/li>\n<\/ul>\n<h3>\u00c0 quoi dois-tu faire attention ?<\/h3>\n<ul>\n<li>Minimum 2 personnes ;<\/li>\n<li>Porte des chaussures appropri\u00e9es ;<\/li>\n<li>Apporte de l&rsquo;eau et de la cr\u00e8me solaire ;<\/li>\n<li>Veste de pluie ou coupe-vent ;<\/li>\n<li>Alerte si tu as des restrictions alimentaires ;<\/li>\n<li>Mat\u00e9riel adapt\u00e9 si tu veux te baigner dans les piscines naturelles.<\/li>\n<\/ul>\n<h3>Annulations<\/h3>\n<p><!-- x-tinymce\/html --><\/p>\n<p>Les clients recevront un remboursement complet ou un cr\u00e9dit si l&rsquo;annulation est faite jusqu&rsquo;\u00e0 24 heures avant le d\u00e9but de l&rsquo;activit\u00e9. Contacte-nous si tu as des questions concernant les options d&rsquo;annulation et de remboursement. En cas de non-pr\u00e9sentation, le montant total sera factur\u00e9.  <\/p>\n","protected":false},"excerpt":{"rendered":"<p>Laisse-toi enchanter par l&rsquo;un des plus beaux sentiers de l&rsquo;\u00eele. Profite des piscines naturelles de Biscoitos. Grimpe au sommet du Pico Matias Sim\u00e3o.  <\/p>\n","protected":false},"featured_media":23316,"comment_status":"open","ping_status":"closed","template":"","meta":{"_acf_changed":false},"product_brand":[],"product_cat":[19484,19525,19531,19497,19486,19500],"product_tag":[19498],"class_list":{"0":"post-23315","1":"product","2":"type-product","3":"status-publish","4":"has-post-thumbnail","6":"product_cat-activites","7":"product_cat-geotourisme","8":"product_cat-hiking","9":"product_cat-terceira","10":"product_cat-toutes-les-iles","11":"product_cat-visites-guidees","12":"product_tag-terceiraisland","14":"first","15":"instock","16":"virtual","17":"sold-individually","18":"taxable","19":"purchasable","20":"product-type-phive_booking"},"acf":[],"_links":{"self":[{"href":"https:\/\/guidetotheazores.pt\/fr\/wp-json\/wp\/v2\/product\/23315","targetHints":{"allow":["GET"]}}],"collection":[{"href":"https:\/\/guidetotheazores.pt\/fr\/wp-json\/wp\/v2\/product"}],"about":[{"href":"https:\/\/guidetotheazores.pt\/fr\/wp-json\/wp\/v2\/types\/product"}],"replies":[{"embeddable":true,"href":"https:\/\/guidetotheazores.pt\/fr\/wp-json\/wp\/v2\/comments?post=23315"}],"wp:featuredmedia":[{"embeddable":true,"href":"https:\/\/guidetotheazores.pt\/fr\/wp-json\/wp\/v2\/media\/23316"}],"wp:attachment":[{"href":"https:\/\/guidetotheazores.pt\/fr\/wp-json\/wp\/v2\/media?parent=23315"}],"wp:term":[{"taxonomy":"product_brand","embeddable":true,"href":"https:\/\/guidetotheazores.pt\/fr\/wp-json\/wp\/v2\/product_brand?post=23315"},{"taxonomy":"product_cat","embeddable":true,"href":"https:\/\/guidetotheazores.pt\/fr\/wp-json\/wp\/v2\/product_cat?post=23315"},{"taxonomy":"product_tag","embeddable":true,"href":"https:\/\/guidetotheazores.pt\/fr\/wp-json\/wp\/v2\/product_tag?post=23315"}],"curies":[{"name":"wp","href":"https:\/\/api.w.org\/{rel}","templated":true}]}}