{"id":23339,"date":"2025-01-20T11:53:13","date_gmt":"2025-01-20T12:53:13","guid":{"rendered":"https:\/\/guidetotheazores.pt\/product\/journee-complete-misterios-negros-et-sentier-de-randonnee-misterio-novo-pique-nique\/"},"modified":"2025-01-20T11:53:13","modified_gmt":"2025-01-20T12:53:13","slug":"journee-complete-misterios-negros-et-sentier-de-randonnee-misterio-novo-pique-nique","status":"publish","type":"product","link":"https:\/\/guidetotheazores.pt\/fr\/produit\/journee-complete-misterios-negros-et-sentier-de-randonnee-misterio-novo-pique-nique\/","title":{"rendered":"Journ\u00e9e compl\u00e8te : Mist\u00e9rios Negros et sentier de randonn\u00e9e Mist\u00e9rio Novo + pique-nique"},"content":{"rendered":"<h2>Chemin de randonn\u00e9e Mist\u00e9rios Negros &amp; Mist\u00e9rio Novo avec pique-nique<\/h2>\n<p>Comprend : 6 heures (environ) &#8211; Pique-nique &#8211; Prise en charge et retour* &#8211; Portugais, anglais et espagnol &#8211; Minibus\/Minivan<\/p>\n<h3>D\u00e9part :<\/h3>\n<p>Heure : 09h30<\/p>\n<h3>Arriv\u00e9e :<\/h3>\n<p>Heure : 03h30 PM<\/p>\n<h3>Informations sur les sentiers :<\/h3>\n<p>Cat\u00e9gorie : Lin\u00e9aire<br \/>\nDifficult\u00e9 : Difficile<br \/>\nExtinction : 4,9 km<br \/>\nDur\u00e9e approximative : 4h<\/p>\n<h3>Description<\/h3>\n<p>Fais l&rsquo;exp\u00e9rience d&rsquo;un voyage inoubliable avec le sentier Mist\u00e9rios Negros. Au cours de ce sentier, tu auras l&rsquo;occasion d&rsquo;explorer des paysages volcaniques et le type de for\u00eats caract\u00e9ristique des A\u00e7ores, connu sous le nom de \u00ab\u00a0for\u00eats de nuages\u00a0\u00bb. Nous ferons \u00e9galement un d\u00e9licieux pique-nique rempli de produits r\u00e9gionaux sur un lieu parfait pour se d\u00e9tendre et admirer la nature qui t&rsquo;entoure. Pour terminer l&rsquo;aventure, nous emprunterons le sentier do Mist\u00e9rio Novo, o\u00f9 de nouvelles d\u00e9couvertes et des paysages surprenants t&rsquo;attendent.   <\/p>\n<p>C&rsquo;est une exp\u00e9rience compl\u00e8te qui combine l&rsquo;aventure, la saveur et la beaut\u00e9 naturelle !<\/p>\n<h3>Qu&rsquo;est-ce qui est inclus ?<\/h3>\n<ul>\n<li>Pique-nique : D\u00e9gustation de produits r\u00e9gionaux ;<\/li>\n<li>Transport vers et depuis le sentier ;<\/li>\n<li>Chauffeur\/guide professionnel certifi\u00e9 ;<\/li>\n<li>Assurance responsabilit\u00e9 civile ;<\/li>\n<li>Assurance individuelle contre les accidents ;<\/li>\n<li>*Collecte et d\u00e9pose dans les h\u00f4tels et les maisons d&rsquo;h\u00f4tes proches du centre d&rsquo;Angra do Hero\u00edsmo. En dehors de cette zone, c&rsquo;est possible mais il y a un suppl\u00e9ment \u00e0 payer. <\/li>\n<\/ul>\n<h3>\u00c0 quoi dois-tu faire attention ?<\/h3>\n<ul>\n<li>Minimum 2 personnes ;<\/li>\n<li>Porte des chaussures appropri\u00e9es ;<\/li>\n<li>Apporte de l&rsquo;eau et de la cr\u00e8me solaire ;<\/li>\n<li>Veste de pluie ou coupe-vent ;<\/li>\n<li>Alerte si tu as des restrictions alimentaires,<\/li>\n<\/ul>\n<h3>Annulations<\/h3>\n<p><!-- x-tinymce\/html --><\/p>\n<p>Les clients recevront un remboursement complet ou un cr\u00e9dit si l&rsquo;annulation est faite jusqu&rsquo;\u00e0 24 heures avant le d\u00e9but de l&rsquo;activit\u00e9. Contacte-nous si tu as des questions concernant les options d&rsquo;annulation et de remboursement. En cas de non-pr\u00e9sentation, le montant total sera factur\u00e9.  <\/p>\n","protected":false},"excerpt":{"rendered":"<p>Sur le sentier Mist\u00e9rios Negros, tu exploreras des paysages volcaniques, des for\u00eats de nuages et des vues \u00e0 couper le souffle. Profite d&rsquo;un pique-nique r\u00e9gional \u00e0 Pico Gaspar et poursuis l&rsquo;aventure sur le sentier Mist\u00e9rio Novo ! <\/p>\n","protected":false},"featured_media":23340,"comment_status":"open","ping_status":"closed","template":"","meta":{"_acf_changed":false},"product_brand":[],"product_cat":[19484,19525,19531,19497,19486,19500],"product_tag":[19498],"class_list":{"0":"post-23339","1":"product","2":"type-product","3":"status-publish","4":"has-post-thumbnail","6":"product_cat-activites","7":"product_cat-geotourisme","8":"product_cat-hiking","9":"product_cat-terceira","10":"product_cat-toutes-les-iles","11":"product_cat-visites-guidees","12":"product_tag-terceiraisland","14":"first","15":"instock","16":"virtual","17":"sold-individually","18":"taxable","19":"purchasable","20":"product-type-phive_booking"},"acf":[],"_links":{"self":[{"href":"https:\/\/guidetotheazores.pt\/fr\/wp-json\/wp\/v2\/product\/23339","targetHints":{"allow":["GET"]}}],"collection":[{"href":"https:\/\/guidetotheazores.pt\/fr\/wp-json\/wp\/v2\/product"}],"about":[{"href":"https:\/\/guidetotheazores.pt\/fr\/wp-json\/wp\/v2\/types\/product"}],"replies":[{"embeddable":true,"href":"https:\/\/guidetotheazores.pt\/fr\/wp-json\/wp\/v2\/comments?post=23339"}],"wp:featuredmedia":[{"embeddable":true,"href":"https:\/\/guidetotheazores.pt\/fr\/wp-json\/wp\/v2\/media\/23340"}],"wp:attachment":[{"href":"https:\/\/guidetotheazores.pt\/fr\/wp-json\/wp\/v2\/media?parent=23339"}],"wp:term":[{"taxonomy":"product_brand","embeddable":true,"href":"https:\/\/guidetotheazores.pt\/fr\/wp-json\/wp\/v2\/product_brand?post=23339"},{"taxonomy":"product_cat","embeddable":true,"href":"https:\/\/guidetotheazores.pt\/fr\/wp-json\/wp\/v2\/product_cat?post=23339"},{"taxonomy":"product_tag","embeddable":true,"href":"https:\/\/guidetotheazores.pt\/fr\/wp-json\/wp\/v2\/product_tag?post=23339"}],"curies":[{"name":"wp","href":"https:\/\/api.w.org\/{rel}","templated":true}]}}