{"id":23347,"date":"2025-01-07T17:39:50","date_gmt":"2025-01-07T18:39:50","guid":{"rendered":"https:\/\/guidetotheazores.pt\/product\/visite-guidee-des-lacs-mystiques-des-7-cidades-et-de-la-lagoa-do-fogo\/"},"modified":"2025-01-07T17:39:50","modified_gmt":"2025-01-07T18:39:50","slug":"visite-guidee-des-lacs-mystiques-des-7-cidades-et-de-la-lagoa-do-fogo","status":"publish","type":"product","link":"https:\/\/guidetotheazores.pt\/fr\/produit\/visite-guidee-des-lacs-mystiques-des-7-cidades-et-de-la-lagoa-do-fogo\/","title":{"rendered":"Visite guid\u00e9e des lacs mystiques des 7 Cidades et de la Lagoa do Fogo"},"content":{"rendered":"<p>Agr\u00e9mente tes vacances aux A\u00e7ores d&rsquo;une touche d&rsquo;aventure en embarquant pour une visite priv\u00e9e \u00e0 Sete Cidades.<\/p>\n<p>Sortant des sentiers battus, ce voyage sur le lac de feu (Lagoa do Fogo) promet une exploration de l&rsquo;une des sept merveilles les plus captivantes du Portugal. Aventure-toi au c\u0153ur d&rsquo;une r\u00e9gion o\u00f9 les crat\u00e8res volcaniques ont donn\u00e9 naissance \u00e0 une pl\u00e9thore de lacs, ench\u00e2ss\u00e9s dans une v\u00e9g\u00e9tation vibrante, chacun exsudant son allure distinctive. De l&rsquo;enchanteur lac Santiago aux eaux bleues et vertes embl\u00e9matiques des lacs jumeaux, pr\u00e9pare-toi \u00e0 un festin visuel qui d\u00e9fie toute comparaison.  <\/p>\n<p>Pr\u00e9pare ton appareil photo pour immortaliser la splendeur intacte de ce royaume terrestre immacul\u00e9. Ton exp\u00e9dition au c\u0153ur de la nature sauvage des A\u00e7ores promet d&rsquo;\u00eatre une exp\u00e9rience incomparable, car tu marcheras l\u00e0 o\u00f9 peu de gens se sont aventur\u00e9s auparavant. <\/p>\n","protected":false},"excerpt":{"rendered":"<p>Partageons les exp\u00e9riences les plus magnifiques dans l&rsquo;une des 7 merveilles du Portugal.<\/p>\n","protected":false},"featured_media":23373,"comment_status":"open","ping_status":"closed","template":"","meta":{"_acf_changed":false},"product_brand":[],"product_cat":[19484,19525,19531,19545,19527,19486,19500],"product_tag":[19528],"class_list":{"0":"post-23347","1":"product","2":"type-product","3":"status-publish","4":"has-post-thumbnail","6":"product_cat-activites","7":"product_cat-geotourisme","8":"product_cat-hiking","9":"product_cat-plongee-en-apnee","10":"product_cat-sao-miguel","11":"product_cat-toutes-les-iles","12":"product_cat-visites-guidees","13":"product_tag-saomiguelisland","15":"first","16":"instock","17":"virtual","18":"sold-individually","19":"taxable","20":"purchasable","21":"product-type-phive_booking"},"acf":[],"_links":{"self":[{"href":"https:\/\/guidetotheazores.pt\/fr\/wp-json\/wp\/v2\/product\/23347","targetHints":{"allow":["GET"]}}],"collection":[{"href":"https:\/\/guidetotheazores.pt\/fr\/wp-json\/wp\/v2\/product"}],"about":[{"href":"https:\/\/guidetotheazores.pt\/fr\/wp-json\/wp\/v2\/types\/product"}],"replies":[{"embeddable":true,"href":"https:\/\/guidetotheazores.pt\/fr\/wp-json\/wp\/v2\/comments?post=23347"}],"wp:featuredmedia":[{"embeddable":true,"href":"https:\/\/guidetotheazores.pt\/fr\/wp-json\/wp\/v2\/media\/23373"}],"wp:attachment":[{"href":"https:\/\/guidetotheazores.pt\/fr\/wp-json\/wp\/v2\/media?parent=23347"}],"wp:term":[{"taxonomy":"product_brand","embeddable":true,"href":"https:\/\/guidetotheazores.pt\/fr\/wp-json\/wp\/v2\/product_brand?post=23347"},{"taxonomy":"product_cat","embeddable":true,"href":"https:\/\/guidetotheazores.pt\/fr\/wp-json\/wp\/v2\/product_cat?post=23347"},{"taxonomy":"product_tag","embeddable":true,"href":"https:\/\/guidetotheazores.pt\/fr\/wp-json\/wp\/v2\/product_tag?post=23347"}],"curies":[{"name":"wp","href":"https:\/\/api.w.org\/{rel}","templated":true}]}}