{"id":23348,"date":"2024-12-30T16:41:45","date_gmt":"2024-12-30T17:41:45","guid":{"rendered":"https:\/\/guidetotheazores.pt\/product\/excursions-en-voilier-excursion-privee-dune-demi-journee-en-voilier\/"},"modified":"2024-12-30T16:41:45","modified_gmt":"2024-12-30T17:41:45","slug":"excursions-en-voilier-excursion-privee-dune-demi-journee-en-voilier","status":"publish","type":"product","link":"https:\/\/guidetotheazores.pt\/fr\/produit\/excursions-en-voilier-excursion-privee-dune-demi-journee-en-voilier\/","title":{"rendered":"Excursions en voilier &#8211; Excursion priv\u00e9e d&rsquo;une demi-journ\u00e9e en voilier"},"content":{"rendered":"<p>Avec notre skipper \u00e0 bord, tu peux simplement naviguer le long de la c\u00f4te sud de l&rsquo;\u00eele de S\u00e3o Miguel sans aucun souci et appr\u00e9cier la beaut\u00e9 de notre paysage c\u00f4tier sous une autre perspective.<\/p>\n<p>Une merveilleuse excursion \u00e0 bord de notre voilier moderne et confortable, d&rsquo;une dur\u00e9e d&rsquo;environ 4 heures, qui peut \u00eatre appr\u00e9ci\u00e9e entre 9 heures et 13 heures tout au long de la matin\u00e9e ou entre 14 heures et 18 heures dans l&rsquo;apr\u00e8s-midi.<\/p>\n<p>Comprend le lit et le petit d\u00e9jeuner ainsi qu&rsquo;un menu de d\u00e9gustation avec des produits des A\u00e7ores.<\/p>\n","protected":false},"excerpt":{"rendered":"<p>Excursion priv\u00e9e d&rsquo;une demi-journ\u00e9e en voilier avec d\u00e9jeuner \u00e0 bord<\/p>\n<p>Une merveilleuse excursion \u00e0 bord de notre voilier moderne et confortable, d&rsquo;une dur\u00e9e d&rsquo;environ 4 heures, qui peut \u00eatre effectu\u00e9e entre 9h00 et 13h00 le matin ou entre 14h00 et 18h00 l&rsquo;apr\u00e8s-midi.<\/p>\n<p>Comprend le lit et le petit d\u00e9jeuner ainsi qu&rsquo;un menu d\u00e9gustation avec des produits des A\u00e7ores.<\/p>\n<p>Minimum 1 pax \/ Maximum 5 pax<\/p>\n","protected":false},"featured_media":23349,"comment_status":"open","ping_status":"closed","template":"","meta":{"_acf_changed":false},"product_brand":[],"product_cat":[19484,19527,19486,19506],"product_tag":[19528],"class_list":{"0":"post-23348","1":"product","2":"type-product","3":"status-publish","4":"has-post-thumbnail","6":"product_cat-activites","7":"product_cat-sao-miguel","8":"product_cat-toutes-les-iles","9":"product_cat-voile","10":"product_tag-saomiguelisland","12":"first","13":"instock","14":"virtual","15":"sold-individually","16":"taxable","17":"purchasable","18":"product-type-phive_booking"},"acf":[],"_links":{"self":[{"href":"https:\/\/guidetotheazores.pt\/fr\/wp-json\/wp\/v2\/product\/23348","targetHints":{"allow":["GET"]}}],"collection":[{"href":"https:\/\/guidetotheazores.pt\/fr\/wp-json\/wp\/v2\/product"}],"about":[{"href":"https:\/\/guidetotheazores.pt\/fr\/wp-json\/wp\/v2\/types\/product"}],"replies":[{"embeddable":true,"href":"https:\/\/guidetotheazores.pt\/fr\/wp-json\/wp\/v2\/comments?post=23348"}],"wp:featuredmedia":[{"embeddable":true,"href":"https:\/\/guidetotheazores.pt\/fr\/wp-json\/wp\/v2\/media\/23349"}],"wp:attachment":[{"href":"https:\/\/guidetotheazores.pt\/fr\/wp-json\/wp\/v2\/media?parent=23348"}],"wp:term":[{"taxonomy":"product_brand","embeddable":true,"href":"https:\/\/guidetotheazores.pt\/fr\/wp-json\/wp\/v2\/product_brand?post=23348"},{"taxonomy":"product_cat","embeddable":true,"href":"https:\/\/guidetotheazores.pt\/fr\/wp-json\/wp\/v2\/product_cat?post=23348"},{"taxonomy":"product_tag","embeddable":true,"href":"https:\/\/guidetotheazores.pt\/fr\/wp-json\/wp\/v2\/product_tag?post=23348"}],"curies":[{"name":"wp","href":"https:\/\/api.w.org\/{rel}","templated":true}]}}