{"id":23372,"date":"2024-12-30T16:33:07","date_gmt":"2024-12-30T17:33:07","guid":{"rendered":"https:\/\/guidetotheazores.pt\/product\/excursions-en-voilier-excursion-privee-dune-journee-en-voilier\/"},"modified":"2024-12-30T16:33:07","modified_gmt":"2024-12-30T17:33:07","slug":"excursions-en-voilier-excursion-privee-dune-journee-en-voilier","status":"publish","type":"product","link":"https:\/\/guidetotheazores.pt\/fr\/produit\/excursions-en-voilier-excursion-privee-dune-journee-en-voilier\/","title":{"rendered":"Excursions en voilier &#8211; Excursion priv\u00e9e d&rsquo;une journ\u00e9e en voilier"},"content":{"rendered":"<p>Excursion priv\u00e9e \u00e0 la voile d&rsquo;une journ\u00e9e compl\u00e8te (7 heures)<\/p>\n<p>Une merveilleuse excursion \u00e0 bord de notre voilier moderne et luxueux d&rsquo;environ 22 milles nautiques qui peut \u00eatre appr\u00e9ci\u00e9e entre 10 heures et 17 heures tout au long de la journ\u00e9e.<\/p>\n<p>Au cours de cette excursion, nous naviguerons le long de la c\u00f4te sud de l&rsquo;\u00eele de S\u00e3o Miguel jusqu&rsquo;\u00e0 l&rsquo;\u00eelot de Vila Franca do Campo, puis nous jetterons l&rsquo;ancre dans une baie ou sur une plage pour nager, faire de la plong\u00e9e avec tuba ou du paddle board, ou tu pourras simplement te d\u00e9tendre en profitant de notre fantastique littoral et en admirant le paysage tout en d\u00e9jeunant.<\/p>\n<p>(D\u00e9jeuner \u00e0 bord avec boissons incluses).<\/p>\n","protected":false},"excerpt":{"rendered":"<p>Excursion priv\u00e9e d&rsquo;une journ\u00e9e avec d\u00e9jeuner \u00e0 bord<\/p>\n<p>Une merveilleuse excursion \u00e0 bord de notre voilier moderne et luxueux d&rsquo;environ 22 milles nautiques qui peut \u00eatre appr\u00e9ci\u00e9e entre 10h et 17h tout au long de la journ\u00e9e.<\/p>\n<p>Minimum 1 pax \/ Maximum 5 pax<\/p>\n","protected":false},"featured_media":23385,"comment_status":"open","ping_status":"closed","template":"","meta":{"_acf_changed":false},"product_brand":[],"product_cat":[19484,19545,19527,19486,19506],"product_tag":[19528],"class_list":{"0":"post-23372","1":"product","2":"type-product","3":"status-publish","4":"has-post-thumbnail","6":"product_cat-activites","7":"product_cat-plongee-en-apnee","8":"product_cat-sao-miguel","9":"product_cat-toutes-les-iles","10":"product_cat-voile","11":"product_tag-saomiguelisland","13":"first","14":"instock","15":"virtual","16":"sold-individually","17":"taxable","18":"purchasable","19":"product-type-phive_booking"},"acf":[],"_links":{"self":[{"href":"https:\/\/guidetotheazores.pt\/fr\/wp-json\/wp\/v2\/product\/23372","targetHints":{"allow":["GET"]}}],"collection":[{"href":"https:\/\/guidetotheazores.pt\/fr\/wp-json\/wp\/v2\/product"}],"about":[{"href":"https:\/\/guidetotheazores.pt\/fr\/wp-json\/wp\/v2\/types\/product"}],"replies":[{"embeddable":true,"href":"https:\/\/guidetotheazores.pt\/fr\/wp-json\/wp\/v2\/comments?post=23372"}],"wp:featuredmedia":[{"embeddable":true,"href":"https:\/\/guidetotheazores.pt\/fr\/wp-json\/wp\/v2\/media\/23385"}],"wp:attachment":[{"href":"https:\/\/guidetotheazores.pt\/fr\/wp-json\/wp\/v2\/media?parent=23372"}],"wp:term":[{"taxonomy":"product_brand","embeddable":true,"href":"https:\/\/guidetotheazores.pt\/fr\/wp-json\/wp\/v2\/product_brand?post=23372"},{"taxonomy":"product_cat","embeddable":true,"href":"https:\/\/guidetotheazores.pt\/fr\/wp-json\/wp\/v2\/product_cat?post=23372"},{"taxonomy":"product_tag","embeddable":true,"href":"https:\/\/guidetotheazores.pt\/fr\/wp-json\/wp\/v2\/product_tag?post=23372"}],"curies":[{"name":"wp","href":"https:\/\/api.w.org\/{rel}","templated":true}]}}