{"id":23417,"date":"2024-12-30T16:15:03","date_gmt":"2024-12-30T17:15:03","guid":{"rendered":"https:\/\/guidetotheazores.pt\/product\/excursions-en-voilier-excursion-privee-en-voilier-au-coucher-du-soleil\/"},"modified":"2024-12-30T16:15:03","modified_gmt":"2024-12-30T17:15:03","slug":"excursions-en-voilier-excursion-privee-en-voilier-au-coucher-du-soleil","status":"publish","type":"product","link":"https:\/\/guidetotheazores.pt\/fr\/produit\/excursions-en-voilier-excursion-privee-en-voilier-au-coucher-du-soleil\/","title":{"rendered":"Excursions en voilier &#8211; Excursion priv\u00e9e en voilier au coucher du soleil"},"content":{"rendered":"<p>Excursion priv\u00e9e en voilier au coucher du soleil<\/p>\n<p>Profite d&rsquo;une navigation m\u00e9morable de 2,5 heures en fin d&rsquo;apr\u00e8s-midi, en appr\u00e9ciant la beaut\u00e9 du coucher de soleil comme tu ne l&rsquo;as jamais vu, en communion avec la voile.<\/p>\n<p>Sur le chemin du retour, tu pourras voir l&rsquo;\u00eele au cr\u00e9puscule sous un angle diff\u00e9rent. Un voyage qui te permettra s\u00fbrement de revenir sur terre avec des images uniques et m\u00e9morables. <\/p>\n<p>Boissons et menu d\u00e9gustation avec des produits des A\u00e7ores inclus.<\/p>\n<p>Heure normale &#8211; 18h30 \u00e0 21h (l&rsquo;heure de d\u00e9but peut \u00eatre ajust\u00e9e en fonction de l&rsquo;heure du coucher du soleil).<\/p>\n","protected":false},"excerpt":{"rendered":"<p>Excursion priv\u00e9e en voilier au coucher du soleil<\/p>\n<p>Profite d&rsquo;une navigation m\u00e9morable de 2,5 heures en fin d&rsquo;apr\u00e8s-midi, en appr\u00e9ciant la beaut\u00e9 du coucher de soleil comme tu ne l&rsquo;as jamais vu, en communion avec la voile. Boissons et menu d\u00e9gustation avec des produits des A\u00e7ores inclus. <\/p>\n<p>Heure normale &#8211; 18h30 \u00e0 21h (l&rsquo;heure de d\u00e9but peut \u00eatre ajust\u00e9e en fonction de l&rsquo;heure du coucher du soleil).<\/p>\n<p>Minimum 1 pax \/ Maximum 5 pax<\/p>\n","protected":false},"featured_media":23418,"comment_status":"open","ping_status":"closed","template":"","meta":{"_acf_changed":false},"product_brand":[],"product_cat":[19484,19527,19486,19506],"product_tag":[19528],"class_list":{"0":"post-23417","1":"product","2":"type-product","3":"status-publish","4":"has-post-thumbnail","6":"product_cat-activites","7":"product_cat-sao-miguel","8":"product_cat-toutes-les-iles","9":"product_cat-voile","10":"product_tag-saomiguelisland","12":"first","13":"instock","14":"virtual","15":"sold-individually","16":"taxable","17":"purchasable","18":"product-type-phive_booking"},"acf":[],"_links":{"self":[{"href":"https:\/\/guidetotheazores.pt\/fr\/wp-json\/wp\/v2\/product\/23417","targetHints":{"allow":["GET"]}}],"collection":[{"href":"https:\/\/guidetotheazores.pt\/fr\/wp-json\/wp\/v2\/product"}],"about":[{"href":"https:\/\/guidetotheazores.pt\/fr\/wp-json\/wp\/v2\/types\/product"}],"replies":[{"embeddable":true,"href":"https:\/\/guidetotheazores.pt\/fr\/wp-json\/wp\/v2\/comments?post=23417"}],"wp:featuredmedia":[{"embeddable":true,"href":"https:\/\/guidetotheazores.pt\/fr\/wp-json\/wp\/v2\/media\/23418"}],"wp:attachment":[{"href":"https:\/\/guidetotheazores.pt\/fr\/wp-json\/wp\/v2\/media?parent=23417"}],"wp:term":[{"taxonomy":"product_brand","embeddable":true,"href":"https:\/\/guidetotheazores.pt\/fr\/wp-json\/wp\/v2\/product_brand?post=23417"},{"taxonomy":"product_cat","embeddable":true,"href":"https:\/\/guidetotheazores.pt\/fr\/wp-json\/wp\/v2\/product_cat?post=23417"},{"taxonomy":"product_tag","embeddable":true,"href":"https:\/\/guidetotheazores.pt\/fr\/wp-json\/wp\/v2\/product_tag?post=23417"}],"curies":[{"name":"wp","href":"https:\/\/api.w.org\/{rel}","templated":true}]}}