{"id":23428,"date":"2025-01-03T14:49:49","date_gmt":"2025-01-03T15:49:49","guid":{"rendered":"https:\/\/guidetotheazores.pt\/product\/excursion-dune-journee-dans-la-vallee-de-furnas-avec-un-habitant-de-la-region\/"},"modified":"2025-01-03T14:49:49","modified_gmt":"2025-01-03T15:49:49","slug":"excursion-dune-journee-dans-la-vallee-de-furnas-avec-un-habitant-de-la-region","status":"publish","type":"product","link":"https:\/\/guidetotheazores.pt\/fr\/produit\/excursion-dune-journee-dans-la-vallee-de-furnas-avec-un-habitant-de-la-region\/","title":{"rendered":"Excursion d&rsquo;une journ\u00e9e dans la vall\u00e9e de Furnas avec un habitant de la r\u00e9gion"},"content":{"rendered":"<p>Lors de cette excursion, exclusivement priv\u00e9e, tu seras en contact avec la nature lors d&rsquo;une exp\u00e9rience unique sur un volcan en activit\u00e9.<\/p>\n<p>Lors de cette excursion \u00e0 Furnas, je te proposerai une combinaison unique d&rsquo;activit\u00e9s g\u00e9othermiques, de beaut\u00e9 naturelle, de culture locale et de d\u00e9tente, ce qui en fait une destination attrayante pour les visiteurs qui veulent vivre quelque chose de diff\u00e9rent et d&rsquo;authentique avec un guide local.<\/p>\n<p>Nous visiterons \u00e9galement la seule et unique belle plantation de th\u00e9 d&rsquo;Europe, \u00ab\u00a0A Planta\u00e7\u00e3o de Ch\u00e1 da Gorreana\u00a0\u00bb.<\/p>\n<p>Prise en charge \u00e0 ton h\u00f4tel ou \u00e0 ton lieu d&rsquo;h\u00e9bergement.<\/p>\n","protected":false},"excerpt":{"rendered":"<p>D\u00e9couvre l&rsquo;un des Villages les plus embl\u00e9matiques des A\u00e7ores o\u00f9 l&rsquo;activit\u00e9 volcanique surgit des montagnes.<\/p>\n<p>Lors de cette excursion, exclusivement priv\u00e9e, tu seras en contact avec la nature lors d&rsquo;une exp\u00e9rience unique sur un volcan actif.<\/p>\n<p>Au cours de ce circuit \u00e0 Furnas, je te proposerai une combinaison unique d&rsquo;activit\u00e9s g\u00e9othermiques, de beaut\u00e9 naturelle, de culture locale et de d\u00e9tente, ce qui en fait une destination attrayante pour les visiteurs qui veulent vivre quelque chose de diff\u00e9rent et d&rsquo;authentique avec un guide local.<\/p>\n<p>Nous visiterons \u00e9galement la seule et unique belle plantation de th\u00e9 d&rsquo;Europe, \u00ab\u00a0A Planta\u00e7\u00e3o de Ch\u00e1 da Gorreana\u00a0\u00bb.<\/p>\n<p>Prise en charge \u00e0 ton h\u00f4tel ou \u00e0 ton logement<\/p>\n","protected":false},"featured_media":23429,"comment_status":"open","ping_status":"closed","template":"","meta":{"_acf_changed":false},"product_brand":[],"product_cat":[19484,19527,19486,19500],"product_tag":[19528],"class_list":{"0":"post-23428","1":"product","2":"type-product","3":"status-publish","4":"has-post-thumbnail","6":"product_cat-activites","7":"product_cat-sao-miguel","8":"product_cat-toutes-les-iles","9":"product_cat-visites-guidees","10":"product_tag-saomiguelisland","12":"first","13":"instock","14":"virtual","15":"sold-individually","16":"taxable","17":"purchasable","18":"product-type-phive_booking"},"acf":[],"_links":{"self":[{"href":"https:\/\/guidetotheazores.pt\/fr\/wp-json\/wp\/v2\/product\/23428","targetHints":{"allow":["GET"]}}],"collection":[{"href":"https:\/\/guidetotheazores.pt\/fr\/wp-json\/wp\/v2\/product"}],"about":[{"href":"https:\/\/guidetotheazores.pt\/fr\/wp-json\/wp\/v2\/types\/product"}],"replies":[{"embeddable":true,"href":"https:\/\/guidetotheazores.pt\/fr\/wp-json\/wp\/v2\/comments?post=23428"}],"wp:featuredmedia":[{"embeddable":true,"href":"https:\/\/guidetotheazores.pt\/fr\/wp-json\/wp\/v2\/media\/23429"}],"wp:attachment":[{"href":"https:\/\/guidetotheazores.pt\/fr\/wp-json\/wp\/v2\/media?parent=23428"}],"wp:term":[{"taxonomy":"product_brand","embeddable":true,"href":"https:\/\/guidetotheazores.pt\/fr\/wp-json\/wp\/v2\/product_brand?post=23428"},{"taxonomy":"product_cat","embeddable":true,"href":"https:\/\/guidetotheazores.pt\/fr\/wp-json\/wp\/v2\/product_cat?post=23428"},{"taxonomy":"product_tag","embeddable":true,"href":"https:\/\/guidetotheazores.pt\/fr\/wp-json\/wp\/v2\/product_tag?post=23428"}],"curies":[{"name":"wp","href":"https:\/\/api.w.org\/{rel}","templated":true}]}}