{"id":23459,"date":"2024-08-21T15:57:02","date_gmt":"2024-08-21T16:57:02","guid":{"rendered":"https:\/\/guidetotheazores.pt\/product\/excursion-dune-demi-journee-cote-est-et-serra-do-cume\/"},"modified":"2024-08-21T15:57:02","modified_gmt":"2024-08-21T16:57:02","slug":"excursion-dune-demi-journee-cote-est-et-serra-do-cume","status":"publish","type":"product","link":"https:\/\/guidetotheazores.pt\/fr\/produit\/excursion-dune-demi-journee-cote-est-et-serra-do-cume\/","title":{"rendered":"Excursion d&rsquo;une demi-journ\u00e9e : C\u00f4te Est et Serra do Cume"},"content":{"rendered":"<p class=\"MsoNormal\" style=\"text-align: justify\"><b><span lang=\"EN-US\" style=\"font-size: 18.0pt;line-height: 115%;font-family: 'Arial',sans-serif\">Excursion d&rsquo;une demi-journ\u00e9e : C\u00f4te Est et Serra do Cume<\/span><\/b><\/p>\n<p class=\"MsoNormal\" style=\"text-align: justify\"><span lang=\"EN-US\" style=\"font-family: 'Arial',sans-serif\">Comprend : 3h30 heures (environ) &#8211; Prise en charge et retour* &#8211; Portugais, anglais et espagnol &#8211; Minibus\/Minivan<\/span><\/p>\n<p class=\"MsoNormal\" style=\"text-align: justify\"><b><span lang=\"EN-US\" style=\"font-family: 'Arial',sans-serif\">D\u00e9part :<\/span><\/b><\/p>\n<p class=\"MsoNormal\" style=\"text-align: justify\"><span lang=\"EN-US\" style=\"font-family: 'Arial',sans-serif\">Heure : 09h00 AM<\/span><\/p>\n<p class=\"MsoNormal\" style=\"text-align: justify\"><b><span lang=\"EN-US\" style=\"font-family: 'Arial',sans-serif\">Arriv\u00e9e :<\/span><\/b><\/p>\n<p class=\"MsoNormal\" style=\"text-align: justify\"><span lang=\"EN-US\" style=\"font-family: 'Arial',sans-serif\">Heure : 12h30 PM<\/span><\/p>\n<p class=\"MsoNormal\" style=\"text-align: justify\"><b><span lang=\"EN-US\" style=\"font-family: 'Arial',sans-serif\">Difficult\u00e9<\/span><\/b><\/p>\n<p class=\"MsoNormal\" style=\"text-align: justify\"><span lang=\"EN-US\" style=\"font-family: 'Arial',sans-serif\">Facile<\/span><\/p>\n<p class=\"MsoNormal\" style=\"text-align: justify\"><b><span lang=\"EN-US\" style=\"font-family: 'Arial',sans-serif\">Description<\/span><\/b><\/p>\n<p class=\"MsoNormal\" style=\"text-align: justify\"><span lang=\"EN-US\" style=\"font-family: 'Arial',sans-serif\">Nous commen\u00e7ons notre visite au Monte Brasil, en profitant d&rsquo;une vue panoramique sur la ville d&rsquo;Angra do Hero\u00edsmo au point de vue du Pico das Cruzinhas. Nous continuons le long de la c\u00f4te est vers le point de vue de Serretinha, avec une vue panoramique sur les \u00eelots de Cabras.   <\/span><\/p>\n<p class=\"MsoNormal\" style=\"text-align: justify\"><span lang=\"EN-US\" style=\"font-family: 'Arial',sans-serif\">Un peu plus loin, nous irons \u00e0 la baie de Salga et \u00e0 la baie de M\u00f3s, des lieux qui ont eu une grande importance dans l&rsquo;histoire de Terceira.  <\/span><\/p>\n<p class=\"MsoNormal\" style=\"text-align: justify\"><span lang=\"EN-US\" style=\"font-family: 'Arial',sans-serif\">La prochaine \u00e9tape est le village de S\u00e3o Sebasti\u00e3o, qui poss\u00e8de l&rsquo;une des plus anciennes \u00e9glises de l&rsquo;\u00eele.  <\/span><\/p>\n<p class=\"MsoNormal\" style=\"text-align: justify\"><span lang=\"EN-US\" style=\"font-family: 'Arial',sans-serif\">Apr\u00e8s cet arr\u00eat, nous nous dirigeons vers la ville de Praia da Vit\u00f3ria, o\u00f9 nous nous arr\u00eaterons au point de vue de la Serra do Facho, qui offre une vue privil\u00e9gi\u00e9e sur la ville.  <\/span><\/p>\n<p class=\"MsoNormal\" style=\"text-align: justify\"><span lang=\"EN-US\" style=\"font-family: 'Arial',sans-serif\">Enfin, nous montons au point de vue de la Serra do Cume, o\u00f9 nous pouvons voir la c\u00e9l\u00e8bre \u00ab\u00a0Manta de Retalhos\u00a0\u00bb, la plus grande caldeira des A\u00e7ores (en savoir plus sur les <a href=\"https:\/\/guidetotheazores.pt\/fr\/iles-acores-un-paradis-a-decouvrir\/\">\u00eeles paradisiaques des A\u00e7ores<\/a>).<\/span><\/p>\n<ul style=\"margin-top: 0cm\" type=\"disc\">\n<li class=\"MsoNormal\" style=\"text-align: justify\"><span style=\"font-family: 'Arial',sans-serif\">Monte Brasil  <\/span><\/li>\n<li class=\"MsoNormal\" style=\"text-align: justify\"><span style=\"font-family: 'Arial',sans-serif\">Miradouro da Serretinha  <\/span><\/li>\n<li class=\"MsoNormal\" style=\"text-align: justify\"><span style=\"font-family: 'Arial',sans-serif\">Baie de Salga  <\/span><\/li>\n<li class=\"MsoNormal\" style=\"text-align: justify\"><span style=\"font-family: 'Arial',sans-serif\">\u00c9glise de S\u00e3o Sebasti\u00e3o  <\/span><\/li>\n<li class=\"MsoNormal\" style=\"text-align: justify\"><span style=\"font-family: 'Arial',sans-serif\">Point de vue sur la Serra do Facho<\/span><\/li>\n<li class=\"MsoNormal\" style=\"text-align: justify\"><span style=\"font-family: 'Arial',sans-serif\">Point de vue sur la Serra do Cume<\/span><\/li>\n<\/ul>\n<p class=\"MsoNormal\" style=\"text-align: justify\"><b><span style=\"font-family: 'Arial',sans-serif\">Qu&rsquo;est-ce qui est inclus ?<\/span><\/b><\/p>\n<ul style=\"margin-top: 0cm\" type=\"disc\">\n<li class=\"MsoNormal\" style=\"text-align: justify\"><span style=\"font-family: 'Arial',sans-serif\">Chauffeur\/guide professionnel certifi\u00e9 ;<\/span><\/li>\n<li class=\"MsoNormal\" style=\"text-align: justify\"><span style=\"font-family: 'Arial',sans-serif\">Assurance responsabilit\u00e9 civile ;<\/span><\/li>\n<li class=\"MsoNormal\" style=\"text-align: justify\"><span style=\"font-family: 'Arial',sans-serif\">Assurance individuelle contre les accidents ;<\/span><\/li>\n<li class=\"MsoNormal\" style=\"text-align: justify\"><span lang=\"EN-US\" style=\"font-family: 'Arial',sans-serif\">*Collecte et d\u00e9pose dans les h\u00f4tels et les maisons d&rsquo;h\u00f4tes proches du centre d&rsquo;Angra do Hero\u00edsmo. En dehors de cette zone, c&rsquo;est possible mais il y a un suppl\u00e9ment \u00e0 payer. <\/span><\/li>\n<\/ul>\n<p class=\"MsoNormal\" style=\"text-align: justify\"><b><span lang=\"EN-US\" style=\"font-family: 'Arial',sans-serif\">\u00c0 quoi dois-tu faire attention ?<\/span><\/b><\/p>\n<ul style=\"margin-top: 0cm\" type=\"disc\">\n<li class=\"MsoNormal\" style=\"text-align: justify\"><span style=\"font-family: 'Arial',sans-serif\">Minimum 2 personnes ;<\/span><\/li>\n<li class=\"MsoNormal\" style=\"text-align: justify\"><span lang=\"EN-US\" style=\"font-family: 'Arial',sans-serif\">Les enfants \u00e2g\u00e9s de 6 \u00e0 10 ans b\u00e9n\u00e9ficient d&rsquo;une r\u00e9duction de 50 % ;<\/span><\/li>\n<li class=\"MsoNormal\" style=\"text-align: justify\"><span lang=\"EN-US\" style=\"font-family: 'Arial',sans-serif\">Les enfants jusqu&rsquo;\u00e0 5 ans sont gratuits.<\/span><\/li>\n<\/ul>\n<p class=\"MsoNormal\" style=\"text-align: justify\"><b><span lang=\"EN-US\" style=\"font-family: 'Arial',sans-serif\">Annulations<\/span><\/b><\/p>\n<p class=\"MsoNormal\" style=\"text-align: justify\"><span lang=\"EN-US\" style=\"font-family: 'Arial',sans-serif\">Les clients recevront un remboursement complet ou un cr\u00e9dit si l&rsquo;annulation est faite jusqu&rsquo;\u00e0 24 heures avant le d\u00e9but de l&rsquo;activit\u00e9. Contacte-nous si tu as des questions concernant les options d&rsquo;annulation et de remboursement. En cas de non-pr\u00e9sentation, le montant total sera factur\u00e9.  <\/span><\/p>\n","protected":false},"excerpt":{"rendered":"<p>D\u00e9couvre le c\u00f4t\u00e9 est de l&rsquo;\u00eele de Terceira ! Profite de vues imprenables du Monte Brasil \u00e0 la Serra do Cume, visite des villages historiques et leur embl\u00e9matique \u00ab\u00a0Manta de Retalhos\u00a0\u00bb <\/p>\n","protected":false},"featured_media":23460,"comment_status":"open","ping_status":"closed","template":"","meta":{"_acf_changed":false},"product_brand":[],"product_cat":[19484,19525,19497,19486,19500],"product_tag":[19498],"class_list":{"0":"post-23459","1":"product","2":"type-product","3":"status-publish","4":"has-post-thumbnail","6":"product_cat-activites","7":"product_cat-geotourisme","8":"product_cat-terceira","9":"product_cat-toutes-les-iles","10":"product_cat-visites-guidees","11":"product_tag-terceiraisland","13":"first","14":"instock","15":"virtual","16":"sold-individually","17":"taxable","18":"purchasable","19":"product-type-phive_booking"},"acf":[],"_links":{"self":[{"href":"https:\/\/guidetotheazores.pt\/fr\/wp-json\/wp\/v2\/product\/23459","targetHints":{"allow":["GET"]}}],"collection":[{"href":"https:\/\/guidetotheazores.pt\/fr\/wp-json\/wp\/v2\/product"}],"about":[{"href":"https:\/\/guidetotheazores.pt\/fr\/wp-json\/wp\/v2\/types\/product"}],"replies":[{"embeddable":true,"href":"https:\/\/guidetotheazores.pt\/fr\/wp-json\/wp\/v2\/comments?post=23459"}],"wp:featuredmedia":[{"embeddable":true,"href":"https:\/\/guidetotheazores.pt\/fr\/wp-json\/wp\/v2\/media\/23460"}],"wp:attachment":[{"href":"https:\/\/guidetotheazores.pt\/fr\/wp-json\/wp\/v2\/media?parent=23459"}],"wp:term":[{"taxonomy":"product_brand","embeddable":true,"href":"https:\/\/guidetotheazores.pt\/fr\/wp-json\/wp\/v2\/product_brand?post=23459"},{"taxonomy":"product_cat","embeddable":true,"href":"https:\/\/guidetotheazores.pt\/fr\/wp-json\/wp\/v2\/product_cat?post=23459"},{"taxonomy":"product_tag","embeddable":true,"href":"https:\/\/guidetotheazores.pt\/fr\/wp-json\/wp\/v2\/product_tag?post=23459"}],"curies":[{"name":"wp","href":"https:\/\/api.w.org\/{rel}","templated":true}]}}